{"id":63,"date":"2022-02-28T16:30:38","date_gmt":"2022-02-28T15:30:38","guid":{"rendered":"https:\/\/brightfish.com\/nl\/?page_id=63"},"modified":"2024-01-22T16:03:03","modified_gmt":"2024-01-22T15:03:03","slug":"insight","status":"publish","type":"page","link":"https:\/\/brightfish.com\/nl\/technologie\/insight\/","title":{"rendered":"Insight"},"content":{"rendered":"\n<div class=\"brightfish-arrows\">\n  <div class=\"arrows variation-b right\" style=\"transform: translate(-60px, 0px)\">\n      <svg class=\"arrow\" pos=\"0\" viewBox=\"0 0 113 188\" fill=\"none\" xmlns=\"http:\/\/www.w3.org\/2000\/svg\"><path d=\"M0 0C20.6551 25.7457 33.032 58.3891 33.032 94C33.032 129.531 20.6551 162.254 0 188L113 94L0 0Z\" fill=\"#FF8C0C\"\/><\/svg>\n    <svg class=\"arrow\" viewBox=\"0 0 113 188\" fill=\"none\" xmlns=\"http:\/\/www.w3.org\/2000\/svg\"><path d=\"M0 0C20.6551 25.7457 33.032 58.3891 33.032 94C33.032 129.531 20.6551 162.254 0 188L113 94L0 0Z\" fill=\"#FF8C0C\"\/><\/svg>\n      <\/div>\n<\/div>\n\n\n\n<div class=\"acf-block-spacer\">\n  <div class=\"spacer has-height-96\"><\/div>\n<\/div>\n\n\n\n<div class=\"wp-block-columns alignwide are-vertically-aligned-center is-layout-flex wp-container-core-columns-is-layout-9d6595d7 wp-block-columns-is-layout-flex\">\n<div class=\"wp-block-column is-vertically-aligned-center is-layout-flow wp-block-column-is-layout-flow\" style=\"padding-top:0px;padding-right:0px;padding-bottom:0px;padding-left:0px\">\n<figure class=\"wp-block-image size-full is-resized has-margin-bottom-30\"><img loading=\"lazy\" decoding=\"async\" width=\"512\" height=\"512\" src=\"https:\/\/brightfish.com\/nl\/wp-content\/uploads\/sites\/6\/2022\/03\/insight-illustration-sticker-512-transparent.png\" alt=\"\" class=\"wp-image-551\" style=\"width:132px;height:132px\" srcset=\"https:\/\/brightfish.com\/nl\/wp-content\/uploads\/sites\/6\/2022\/03\/insight-illustration-sticker-512-transparent.png 512w, https:\/\/brightfish.com\/nl\/wp-content\/uploads\/sites\/6\/2022\/03\/insight-illustration-sticker-512-transparent-300x300.png 300w, https:\/\/brightfish.com\/nl\/wp-content\/uploads\/sites\/6\/2022\/03\/insight-illustration-sticker-512-transparent-150x150.png 150w\" sizes=\"auto, (max-width: 512px) 100vw, 512px\" \/><\/figure>\n\n\n\n<h1 class=\"wp-block-heading\">Maak uw pati\u00ebntgegevens doelmatig en meervoudig inzetbaar met <mark class=\"has-inline-color has-brightfish-orange-70-color\">Insight<\/mark><\/h1>\n\n\n\n<p>Maak gegevens die zijn vastgelegd via onze CarePath- en Bedside-oplossingen relevant voor uw artsen wanneer zij in contact komen met pati\u00ebnten.<\/p>\n\n\n\n<div class=\"wp-block-buttons is-layout-flex wp-block-buttons-is-layout-flex\">\n<div class=\"wp-block-button modal-trigger mdl-contact-us\"><a class=\"wp-block-button__link has-brightfish-orange-70-background-color has-background wp-element-button\">Vraag een demo aan<\/a><\/div>\n<\/div>\n<\/div>\n\n\n\n<div class=\"wp-block-column is-vertically-aligned-center is-layout-flow wp-block-column-is-layout-flow\" style=\"flex-basis:50%\">\n<figure class=\"wp-block-image size-large is-resized is-style-default\"><img loading=\"lazy\" decoding=\"async\" width=\"924\" height=\"1024\" src=\"https:\/\/brightfish.com\/nl\/wp-content\/uploads\/sites\/6\/2022\/03\/imac-ndt-01-left_small-924x1024.jpg\" alt=\"\" class=\"wp-image-584\" style=\"width:558px;height:599px\" srcset=\"https:\/\/brightfish.com\/nl\/wp-content\/uploads\/sites\/6\/2022\/03\/imac-ndt-01-left_small-924x1024.jpg 924w, https:\/\/brightfish.com\/nl\/wp-content\/uploads\/sites\/6\/2022\/03\/imac-ndt-01-left_small-271x300.jpg 271w, https:\/\/brightfish.com\/nl\/wp-content\/uploads\/sites\/6\/2022\/03\/imac-ndt-01-left_small-768x851.jpg 768w, https:\/\/brightfish.com\/nl\/wp-content\/uploads\/sites\/6\/2022\/03\/imac-ndt-01-left_small-1386x1536.jpg 1386w, https:\/\/brightfish.com\/nl\/wp-content\/uploads\/sites\/6\/2022\/03\/imac-ndt-01-left_small.jpg 1743w\" sizes=\"auto, (max-width: 924px) 100vw, 924px\" \/><\/figure>\n<\/div>\n<\/div>\n\n\n\n  <div class=\"acf-block-modal\">\n\n    <div class=\"modal\" id=\"mdl-contact-us\">\n\n      <div class=\"container normal form\">\n\n        <div class=\"close\">\n          <span><\/span>\n          <span><\/span>\n          <span><\/span>\n        <\/div>\n\n        <div class=\"content\">\n          <div class=\"inner\">\n            <div class=\"close-spacer\"><\/div>\n            \n\n<h2 class=\"wp-block-heading has-x-3-large-font-size\">Contact us<\/h2>\n\n\n\n<p>Please fill in the form below, and one of our employees will contact you as soon as possible.<\/p>\n\n\n\n<div class=\"wpcf7 no-js\" id=\"wpcf7-f17-o1\" lang=\"en-US\" dir=\"ltr\" data-wpcf7-id=\"17\">\n<div class=\"screen-reader-response\"><p role=\"status\" aria-live=\"polite\" aria-atomic=\"true\"><\/p> <ul><\/ul><\/div>\n<form action=\"\/nl\/wp-json\/wp\/v2\/pages\/63#wpcf7-f17-o1\" method=\"post\" class=\"wpcf7-form init\" aria-label=\"Contact form\" novalidate=\"novalidate\" data-status=\"init\">\n<fieldset class=\"hidden-fields-container\"><input type=\"hidden\" name=\"_wpcf7\" value=\"17\" \/><input type=\"hidden\" name=\"_wpcf7_version\" value=\"6.1.5\" \/><input type=\"hidden\" name=\"_wpcf7_locale\" value=\"en_US\" \/><input type=\"hidden\" name=\"_wpcf7_unit_tag\" value=\"wpcf7-f17-o1\" \/><input type=\"hidden\" name=\"_wpcf7_container_post\" value=\"0\" \/><input type=\"hidden\" name=\"_wpcf7_posted_data_hash\" value=\"\" \/>\n<\/fieldset>\n<label class=\"label-transform\">\n<span class=\"wpcf7-form-control-wrap\" data-name=\"name-sender\"><input size=\"40\" maxlength=\"400\" class=\"wpcf7-form-control wpcf7-text wpcf7-validates-as-required\" aria-required=\"true\" aria-invalid=\"false\" value=\"\" type=\"text\" name=\"name-sender\" \/><\/span>\n<span class=\"placeholder\">Uw naam<\/span>\n<\/label>\n\n<label class=\"label-transform\">\n<span class=\"wpcf7-form-control-wrap\" data-name=\"company-sender\"><input size=\"40\" maxlength=\"400\" class=\"wpcf7-form-control wpcf7-text\" aria-invalid=\"false\" value=\"\" type=\"text\" name=\"company-sender\" \/><\/span>\n<span class=\"placeholder\">Bedrijf<\/span>\n<\/label>\n\n<label class=\"label-transform\">\n<span class=\"wpcf7-form-control-wrap\" data-name=\"mail-sender\"><input size=\"40\" maxlength=\"400\" class=\"wpcf7-form-control wpcf7-email wpcf7-validates-as-required wpcf7-text wpcf7-validates-as-email\" aria-required=\"true\" aria-invalid=\"false\" value=\"\" type=\"email\" name=\"mail-sender\" \/><\/span>\n<span class=\"placeholder\">Uw email<\/span>\n<\/label>\n\n\n<label class=\"label-transform\">\n<span class=\"wpcf7-form-control-wrap\" data-name=\"phone-sender\"><input size=\"40\" maxlength=\"400\" class=\"wpcf7-form-control wpcf7-tel wpcf7-text wpcf7-validates-as-tel\" aria-invalid=\"false\" value=\"\" type=\"tel\" name=\"phone-sender\" \/><\/span>\n<span class=\"placeholder\">Telefoonnummer<\/span>\n<\/label>\n\n<label class=\"label-transform autosize\">\n<span class=\"wpcf7-form-control-wrap\" data-name=\"message\"><textarea cols=\"40\" rows=\"10\" maxlength=\"2000\" class=\"wpcf7-form-control wpcf7-textarea wpcf7-validates-as-required\" aria-required=\"true\" aria-invalid=\"false\" name=\"message\"><\/textarea><\/span>\n<span class=\"placeholder\">Ik ben ge\u00efnteresseerd in...<\/span>\n<\/label>\n\n\n<span class=\"wpcf7-form-control-wrap\" data-name=\"hcap-cf7\">\t\t<input\n\t\t\t\ttype=\"hidden\"\n\t\t\t\tclass=\"hcaptcha-widget-id\"\n\t\t\t\tname=\"hcaptcha-widget-id\"\n\t\t\t\tvalue=\"eyJzb3VyY2UiOlsiY29udGFjdC1mb3JtLTdcL3dwLWNvbnRhY3QtZm9ybS03LnBocCJdLCJmb3JtX2lkIjoxN30=-648e685ef34e059d96caeb7ca17fd312\">\n\t\t\t\t<span id=\"hcap_cf7-69f4809fc85206.19162212\" class=\"wpcf7-form-control h-captcha \"\n\t\t\tdata-sitekey=\"10000000-ffff-ffff-ffff-000000000001\"\n\t\t\tdata-theme=\"light\"\n\t\t\tdata-size=\"normal\"\n\t\t\tdata-auto=\"false\"\n\t\t\tdata-ajax=\"false\"\n\t\t\tdata-force=\"false\">\n\t\t<\/span>\n\t\t<input type=\"hidden\" id=\"_wpnonce\" name=\"_wpnonce\" value=\"e709281adf\" \/><input type=\"hidden\" name=\"_wp_http_referer\" value=\"\/nl\/wp-json\/wp\/v2\/pages\/63\" \/><\/span><input class=\"wpcf7-form-control wpcf7-submit has-spinner\" type=\"submit\" value=\"Verstuur\" \/><div class=\"wpcf7-response-output\" aria-hidden=\"true\"><\/div>\n<\/form>\n<\/div>\n\n\n\n          <\/div>\n        <\/div>\n\n      <\/div>\n\n      <div class=\"overlay\"><\/div>\n\n    <\/div>\n\n  <\/div>\n\n\n\n\n<div class=\"acf-block-spacer\">\n  <div class=\"spacer has-height-96\"><\/div>\n<\/div>\n\n\n\n<div class=\"wp-block-group alignfull has-brightfish-orange-10-background-color has-background\"><div class=\"wp-block-group__inner-container is-layout-flow wp-block-group-is-layout-flow\">\n<h2 class=\"wp-block-heading has-text-align-center\">Met onze <mark class=\"has-inline-color has-brightfish-orange-70-color\">Insight<\/mark>-oplossing kunt u:<\/h2>\n\n\n\n<div class=\"acf-block-spacer\">\n  <div class=\"spacer has-height-36\"><\/div>\n<\/div>\n\n\n\n<div class=\"wp-block-columns is-layout-flex wp-container-core-columns-is-layout-9d6595d7 wp-block-columns-is-layout-flex\">\n<div class=\"wp-block-column has-white-background-color has-background is-layout-flow wp-block-column-is-layout-flow\" style=\"padding-top:20px;padding-right:20px;padding-bottom:20px;padding-left:20px\">\n<figure class=\"wp-block-image size-full is-resized has-margin-bottom-10\"><img loading=\"lazy\" decoding=\"async\" width=\"86\" height=\"77\" src=\"https:\/\/brightfish.com\/nl\/wp-content\/uploads\/sites\/6\/2022\/03\/computer.png\" alt=\"\" class=\"wp-image-191\" style=\"width:43px;height:39px\" \/><\/figure>\n\n\n\n<p><strong><mark class=\"has-inline-color has-brightfish-orange-70-color\">Bouw inzichtelijke dashboards <\/mark><\/strong><mark class=\"has-inline-color has-brightfish-grey-130-color\">die vanuit uw EMR systeem geopend kunnen worden om te begrijpen wat relevant is voor een bepaalde pati\u00ebnt.<\/mark><\/p>\n<\/div>\n\n\n\n<div class=\"wp-block-column has-white-background-color has-background is-layout-flow wp-block-column-is-layout-flow\" style=\"padding-top:20px;padding-right:20px;padding-bottom:20px;padding-left:20px\">\n<figure class=\"wp-block-image size-full is-resized has-margin-bottom-10\"><img loading=\"lazy\" decoding=\"async\" width=\"72\" height=\"73\" src=\"https:\/\/brightfish.com\/nl\/wp-content\/uploads\/sites\/6\/2022\/03\/medical_services.png\" alt=\"\" class=\"wp-image-193\" style=\"width:36px;height:37px\" \/><\/figure>\n\n\n\n<p><strong><mark class=\"has-inline-color has-brightfish-orange-70-color\">Cre\u00eber een praktisch toepasbaar pati\u00ebntenoverzicht <\/mark><\/strong><mark class=\"has-inline-color has-brightfish-grey-130-color\">door gegevens die door de pati\u00ebnt zijn gerapporteerd te combineren met aanvullende gegevens uit andere systemen in uw ziekenhuis.<\/mark><\/p>\n<\/div>\n\n\n\n<div class=\"wp-block-column has-white-background-color has-background is-layout-flow wp-block-column-is-layout-flow\" style=\"padding-top:20px;padding-right:20px;padding-bottom:20px;padding-left:20px\">\n<figure class=\"wp-block-image size-full is-resized has-margin-bottom-10\"><img loading=\"lazy\" decoding=\"async\" width=\"86\" height=\"77\" src=\"https:\/\/brightfish.com\/nl\/wp-content\/uploads\/sites\/6\/2022\/03\/computer.png\" alt=\"\" class=\"wp-image-191\" style=\"width:43px;height:39px\" \/><\/figure>\n\n\n\n<p class=\"has-marign-bottom-0\"><strong><mark class=\"has-inline-color has-brightfish-orange-70-color\">Structureer, organiseer en extraheer uw kwaliteitsdata, <\/mark><\/strong><mark class=\"has-inline-color has-brightfish-grey-130-color\">en gebruik deze voor uw projecten met derden &#8211; van eigen interne data-analyse tot het geautomatiseerde bijdragen aan (inter)nationale benchmarks of kwaliteitsregisters.<\/mark><\/p>\n<\/div>\n<\/div>\n<\/div><\/div>\n\n\n\n<div class=\"acf-block-spacer\">\n  <div class=\"spacer has-height-48\"><\/div>\n<\/div>\n\n\n\n<h2 class=\"wp-block-heading has-text-align-center\">Hoe werkt Insight in de praktijk?<\/h2>\n\n\n\n<p class=\"has-text-align-center has-medium-font-size\">Het Insight-dashboard is op drie verschillende niveaus geconfigureerd.<\/p>\n\n\n\n<div class=\"wp-block-columns is-layout-flex wp-container-core-columns-is-layout-9d6595d7 wp-block-columns-is-layout-flex\">\n<div class=\"wp-block-column is-layout-flow wp-block-column-is-layout-flow\">\n<p><mark class=\"has-inline-color has-brightfish-orange-80-color\"><strong>Behandelkamer Dashboards: <\/strong><\/mark><mark class=\"has-inline-color has-brightfish-grey-130-color\">Het belangrijkste analyseniveau is het individuele pati\u00ebntendossier, bedoeld om de besprekingen in de behandelkamer te ondersteunen. Een pati\u00ebntgerichte overzichtspagina geeft een algemeen beeld van de kwaliteit van leven. Feedback van pati\u00ebnten wordt gedocumenteerd in gedetailleerde pagina&#8217;s die de scores per vragenlijst of domein behandelen. Dit stelt medische professionals in staat hun pati\u00ebnten beter te begrijpen en de pati\u00ebntenzorg en -behandeling te verbeteren.\u00a0<\/mark><\/p>\n<\/div>\n\n\n\n<div class=\"wp-block-column is-layout-flow wp-block-column-is-layout-flow\">\n<p><mark class=\"has-inline-color has-brightfish-orange-80-color\"><strong>Quality Manager Dashboards: <\/strong><\/mark><mark class=\"has-inline-color has-brightfish-grey-130-color\">Op afdelings-, specialisme- of ziektegroepniveau geeft een Quality Manager dashboard inzicht in groepen pati\u00ebnten en hun uitkomsten door de tijd heen (gemiddelden, standaarddeviaties en trends). Het doel van deze dashboards is om discussies te bevorderen over het leveren van doelmatige gezondheidszorg.<\/mark><\/p>\n<\/div>\n\n\n\n<div class=\"wp-block-column is-layout-flow wp-block-column-is-layout-flow\">\n<p><mark class=\"has-inline-color has-brightfish-orange-80-color\"><strong>Registry Manager Dashboards<\/strong> <\/mark>De Registry Manager is een algemene beschrijving van de persoon of functie die uitnodigingen, responspercentages en andere onderwerpen in verband met de dataverzameling beheert. Dit dashboard is bedoeld om deze rol te ondersteunen in het dagelijke werk.<\/p>\n<\/div>\n<\/div>\n\n\n\n<div class=\"acf-block-spacer\">\n  <div class=\"spacer has-height-48\"><\/div>\n<\/div>\n\n\n\n<div class=\"wp-block-group alignfull has-brightfish-orange-10-background-color has-background\"><div class=\"wp-block-group__inner-container is-layout-flow wp-block-group-is-layout-flow\">\n<div class=\"acf-block-spacer\">\n  <div class=\"spacer has-height-36\"><\/div>\n<\/div>\n\n\n\n<div class=\"wp-block-columns are-vertically-aligned-center mobile-reverse-order is-style-large-gap is-layout-flex wp-container-core-columns-is-layout-9d6595d7 wp-block-columns-is-layout-flex\">\n<div class=\"wp-block-column is-vertically-aligned-center is-layout-flow wp-block-column-is-layout-flow\" style=\"padding-top:0px;padding-right:0px;padding-bottom:0px;padding-left:0px\">\n<h2 class=\"wp-block-heading has-x-3-large-font-size\">Klaar om uw klinische processen te voorzien van uitkomstgerichte inzichten met <mark class=\"has-inline-color has-brightfish-orange-70-color\">Insight<\/mark>?<\/h2>\n\n\n\n<div class=\"acf-block-spacer\">\n  <div class=\"spacer has-height-36\"><\/div>\n<\/div>\n\n\n\n<div class=\"wp-block-buttons is-layout-flex wp-block-buttons-is-layout-flex\">\n<div class=\"wp-block-button modal-trigger mdl-contact-us\"><a class=\"wp-block-button__link has-brightfish-orange-70-background-color has-background wp-element-button\" href=\"https:\/\/brightfish.com\/nl\/technology\/\">Vraag een demo aan<\/a><\/div>\n<\/div>\n<\/div>\n\n\n\n<div class=\"wp-block-column is-vertically-aligned-center is-layout-flow wp-block-column-is-layout-flow\" style=\"flex-basis:50%\"><\/div>\n<\/div>\n<\/div><\/div>\n","protected":false},"excerpt":{"rendered":"<p>Maak uw pati\u00ebntgegevens doelmatig en meervoudig inzetbaar met Insight Maak gegevens die zijn vastgelegd via onze CarePath- en Bedside-oplossingen relevant voor uw artsen wanneer&#8230;<\/p>\n","protected":false},"author":1,"featured_media":0,"parent":45,"menu_order":0,"comment_status":"closed","ping_status":"closed","template":"","meta":{"_acf_changed":false,"footnotes":""},"class_list":["post-63","page","type-page","status-publish","hentry"],"acf":[],"yoast_head":"<!-- This site is optimized with the Yoast SEO plugin v27.5 - https:\/\/yoast.com\/product\/yoast-seo-wordpress\/ -->\n<title>Insight - Brightfish<\/title>\n<meta name=\"robots\" content=\"index, follow, max-snippet:-1, max-image-preview:large, max-video-preview:-1\" \/>\n<link rel=\"canonical\" href=\"https:\/\/brightfish.com\/nl\/technologie\/insight\/\" \/>\n<meta property=\"og:locale\" content=\"nl_NL\" \/>\n<meta property=\"og:type\" content=\"article\" \/>\n<meta property=\"og:title\" content=\"Insight - Brightfish\" \/>\n<meta property=\"og:description\" content=\"Maak uw pati\u00ebntgegevens doelmatig en meervoudig inzetbaar met Insight Maak gegevens die zijn vastgelegd via onze CarePath- en Bedside-oplossingen relevant voor uw artsen wanneer...\" \/>\n<meta property=\"og:url\" content=\"https:\/\/brightfish.com\/nl\/technologie\/insight\/\" \/>\n<meta property=\"og:site_name\" content=\"BRIGHTFISH\" \/>\n<meta property=\"article:modified_time\" content=\"2024-01-22T15:03:03+00:00\" \/>\n<meta property=\"og:image\" content=\"https:\/\/brightfish.com\/nl\/wp-content\/uploads\/sites\/6\/2022\/03\/insight-illustration-sticker-512-transparent.png\" \/>\n<meta name=\"twitter:card\" content=\"summary_large_image\" \/>\n<script type=\"application\/ld+json\" class=\"yoast-schema-graph\">{\"@context\":\"https:\\\/\\\/schema.org\",\"@graph\":[{\"@type\":\"WebPage\",\"@id\":\"https:\\\/\\\/brightfish.com\\\/nl\\\/technologie\\\/insight\\\/\",\"url\":\"https:\\\/\\\/brightfish.com\\\/nl\\\/technologie\\\/insight\\\/\",\"name\":\"BRIGHTFISH\",\"isPartOf\":{\"@id\":\"https:\\\/\\\/brightfish.com\\\/nl\\\/#website\"},\"primaryImageOfPage\":{\"@id\":\"https:\\\/\\\/brightfish.com\\\/nl\\\/technologie\\\/insight\\\/#primaryimage\"},\"image\":{\"@id\":\"https:\\\/\\\/brightfish.com\\\/nl\\\/technologie\\\/insight\\\/#primaryimage\"},\"thumbnailUrl\":\"https:\\\/\\\/brightfish.com\\\/nl\\\/wp-content\\\/uploads\\\/sites\\\/6\\\/2022\\\/03\\\/insight-illustration-sticker-512-transparent.png\",\"datePublished\":\"2022-02-28T15:30:38+00:00\",\"dateModified\":\"2024-01-22T15:03:03+00:00\",\"breadcrumb\":{\"@id\":\"https:\\\/\\\/brightfish.com\\\/nl\\\/technologie\\\/insight\\\/#breadcrumb\"},\"inLanguage\":\"en-US\",\"potentialAction\":[{\"@type\":\"ReadAction\",\"target\":[\"https:\\\/\\\/brightfish.com\\\/nl\\\/technologie\\\/insight\\\/\"]}]},{\"@type\":\"ImageObject\",\"inLanguage\":\"en-US\",\"@id\":\"https:\\\/\\\/brightfish.com\\\/nl\\\/technologie\\\/insight\\\/#primaryimage\",\"url\":\"https:\\\/\\\/brightfish.com\\\/nl\\\/wp-content\\\/uploads\\\/sites\\\/6\\\/2022\\\/03\\\/insight-illustration-sticker-512-transparent.png\",\"contentUrl\":\"https:\\\/\\\/brightfish.com\\\/nl\\\/wp-content\\\/uploads\\\/sites\\\/6\\\/2022\\\/03\\\/insight-illustration-sticker-512-transparent.png\",\"width\":512,\"height\":512},{\"@type\":\"BreadcrumbList\",\"@id\":\"https:\\\/\\\/brightfish.com\\\/nl\\\/technologie\\\/insight\\\/#breadcrumb\",\"itemListElement\":[{\"@type\":\"ListItem\",\"position\":1,\"name\":\"Home\",\"item\":\"https:\\\/\\\/brightfish.com\\\/nl\\\/\"},{\"@type\":\"ListItem\",\"position\":2,\"name\":\"Technologie\",\"item\":\"https:\\\/\\\/brightfish.com\\\/nl\\\/technologie\\\/\"},{\"@type\":\"ListItem\",\"position\":3,\"name\":\"Insight\"}]},{\"@type\":\"WebSite\",\"@id\":\"https:\\\/\\\/brightfish.com\\\/nl\\\/#website\",\"url\":\"https:\\\/\\\/brightfish.com\\\/nl\\\/\",\"name\":\"BRIGHTFISH\",\"description\":\"Bright technology\",\"potentialAction\":[{\"@type\":\"SearchAction\",\"target\":{\"@type\":\"EntryPoint\",\"urlTemplate\":\"https:\\\/\\\/brightfish.com\\\/nl\\\/?s={search_term_string}\"},\"query-input\":{\"@type\":\"PropertyValueSpecification\",\"valueRequired\":true,\"valueName\":\"search_term_string\"}}],\"inLanguage\":\"en-US\"}]}<\/script>\n<!-- \/ Yoast SEO plugin. -->","yoast_head_json":{"title":"Insight - Brightfish","robots":{"index":"index","follow":"follow","max-snippet":"max-snippet:-1","max-image-preview":"max-image-preview:large","max-video-preview":"max-video-preview:-1"},"canonical":"https:\/\/brightfish.com\/nl\/technologie\/insight\/","og_locale":"nl_NL","og_type":"article","og_title":"Insight - Brightfish","og_description":"Maak uw pati\u00ebntgegevens doelmatig en meervoudig inzetbaar met Insight Maak gegevens die zijn vastgelegd via onze CarePath- en Bedside-oplossingen relevant voor uw artsen wanneer...","og_url":"https:\/\/brightfish.com\/nl\/technologie\/insight\/","og_site_name":"BRIGHTFISH","article_modified_time":"2024-01-22T15:03:03+00:00","og_image":[{"url":"https:\/\/brightfish.com\/nl\/wp-content\/uploads\/sites\/6\/2022\/03\/insight-illustration-sticker-512-transparent.png","type":"","width":"","height":""}],"twitter_card":"summary_large_image","schema":{"@context":"https:\/\/schema.org","@graph":[{"@type":"WebPage","@id":"https:\/\/brightfish.com\/nl\/technologie\/insight\/","url":"https:\/\/brightfish.com\/nl\/technologie\/insight\/","name":"BRIGHTFISH","isPartOf":{"@id":"https:\/\/brightfish.com\/nl\/#website"},"primaryImageOfPage":{"@id":"https:\/\/brightfish.com\/nl\/technologie\/insight\/#primaryimage"},"image":{"@id":"https:\/\/brightfish.com\/nl\/technologie\/insight\/#primaryimage"},"thumbnailUrl":"https:\/\/brightfish.com\/nl\/wp-content\/uploads\/sites\/6\/2022\/03\/insight-illustration-sticker-512-transparent.png","datePublished":"2022-02-28T15:30:38+00:00","dateModified":"2024-01-22T15:03:03+00:00","breadcrumb":{"@id":"https:\/\/brightfish.com\/nl\/technologie\/insight\/#breadcrumb"},"inLanguage":"en-US","potentialAction":[{"@type":"ReadAction","target":["https:\/\/brightfish.com\/nl\/technologie\/insight\/"]}]},{"@type":"ImageObject","inLanguage":"en-US","@id":"https:\/\/brightfish.com\/nl\/technologie\/insight\/#primaryimage","url":"https:\/\/brightfish.com\/nl\/wp-content\/uploads\/sites\/6\/2022\/03\/insight-illustration-sticker-512-transparent.png","contentUrl":"https:\/\/brightfish.com\/nl\/wp-content\/uploads\/sites\/6\/2022\/03\/insight-illustration-sticker-512-transparent.png","width":512,"height":512},{"@type":"BreadcrumbList","@id":"https:\/\/brightfish.com\/nl\/technologie\/insight\/#breadcrumb","itemListElement":[{"@type":"ListItem","position":1,"name":"Home","item":"https:\/\/brightfish.com\/nl\/"},{"@type":"ListItem","position":2,"name":"Technologie","item":"https:\/\/brightfish.com\/nl\/technologie\/"},{"@type":"ListItem","position":3,"name":"Insight"}]},{"@type":"WebSite","@id":"https:\/\/brightfish.com\/nl\/#website","url":"https:\/\/brightfish.com\/nl\/","name":"BRIGHTFISH","description":"Bright technology","potentialAction":[{"@type":"SearchAction","target":{"@type":"EntryPoint","urlTemplate":"https:\/\/brightfish.com\/nl\/?s={search_term_string}"},"query-input":{"@type":"PropertyValueSpecification","valueRequired":true,"valueName":"search_term_string"}}],"inLanguage":"en-US"}]}},"_links":{"self":[{"href":"https:\/\/brightfish.com\/nl\/wp-json\/wp\/v2\/pages\/63","targetHints":{"allow":["GET"]}}],"collection":[{"href":"https:\/\/brightfish.com\/nl\/wp-json\/wp\/v2\/pages"}],"about":[{"href":"https:\/\/brightfish.com\/nl\/wp-json\/wp\/v2\/types\/page"}],"author":[{"embeddable":true,"href":"https:\/\/brightfish.com\/nl\/wp-json\/wp\/v2\/users\/1"}],"replies":[{"embeddable":true,"href":"https:\/\/brightfish.com\/nl\/wp-json\/wp\/v2\/comments?post=63"}],"version-history":[{"count":35,"href":"https:\/\/brightfish.com\/nl\/wp-json\/wp\/v2\/pages\/63\/revisions"}],"predecessor-version":[{"id":1638,"href":"https:\/\/brightfish.com\/nl\/wp-json\/wp\/v2\/pages\/63\/revisions\/1638"}],"up":[{"embeddable":true,"href":"https:\/\/brightfish.com\/nl\/wp-json\/wp\/v2\/pages\/45"}],"wp:attachment":[{"href":"https:\/\/brightfish.com\/nl\/wp-json\/wp\/v2\/media?parent=63"}],"curies":[{"name":"wp","href":"https:\/\/api.w.org\/{rel}","templated":true}]}}