{"id":51,"date":"2022-02-28T15:28:51","date_gmt":"2022-02-28T14:28:51","guid":{"rendered":"https:\/\/brightfish.com\/nl\/?page_id=51"},"modified":"2023-02-09T11:57:52","modified_gmt":"2023-02-09T10:57:52","slug":"emr","status":"publish","type":"page","link":"https:\/\/brightfish.com\/nl\/oplossingen\/emr\/","title":{"rendered":"EMR"},"content":{"rendered":"\n<div class=\"acf-block-spacer\">\n  <div class=\"spacer has-height-96\"><\/div>\n<\/div>\n\n\n\n<div class=\"wp-block-columns alignwide are-vertically-aligned-center mobile-reverse-order is-layout-flex wp-container-core-columns-is-layout-9d6595d7 wp-block-columns-is-layout-flex\">\n<div class=\"wp-block-column is-vertically-aligned-center is-layout-flow wp-block-column-is-layout-flow\" style=\"padding-top:0px;padding-right:0px;padding-bottom:0px;padding-left:0px\">\n<h1 class=\"wp-block-heading\"><mark class=\"has-inline-color has-brightfish-grey-130-color\">Hoe kan ik mijn <\/mark><mark class=\"has-inline-color has-brightfish-blue-70-color\">klinische workflows en gegevensinvoer <\/mark><mark class=\"has-inline-color has-brightfish-grey-130-color\">mobieler maken?<\/mark><\/h1>\n\n\n\n<div class=\"acf-block-spacer\">\n  <div class=\"spacer has-height-36\"><\/div>\n<\/div>\n\n\n\n<p>Bekijk onze mobiele EMR-oplossing waarmee u workflows mobiel kunt maken en de gegevensinvoer voor uw klinisch personeel kunt optimaliseren terwijl zij hun rondes maken op de afdeling.<\/p>\n\n\n\n<div class=\"wp-block-buttons is-content-justification-left is-layout-flex wp-container-core-buttons-is-layout-fdcfc74e wp-block-buttons-is-layout-flex\">\n<div class=\"wp-block-button modal-trigger mdl-request-a-demo\"><a class=\"wp-block-button__link has-brightfish-blue-70-background-color has-background wp-element-button\">Vraag een demo aan<\/a><\/div>\n<\/div>\n<\/div>\n\n\n\n<div class=\"wp-block-column is-vertically-aligned-center is-layout-flow wp-block-column-is-layout-flow\" style=\"flex-basis:50%\">\n<figure class=\"wp-block-image size-large is-style-curved\"><img loading=\"lazy\" decoding=\"async\" width=\"1024\" height=\"700\" src=\"https:\/\/brightfish.com\/nl\/wp-content\/uploads\/sites\/6\/2022\/03\/CO_ADAM-15_small-1-1024x700.jpg\" alt=\"\" class=\"wp-image-516\" srcset=\"https:\/\/brightfish.com\/nl\/wp-content\/uploads\/sites\/6\/2022\/03\/CO_ADAM-15_small-1-1024x700.jpg 1024w, https:\/\/brightfish.com\/nl\/wp-content\/uploads\/sites\/6\/2022\/03\/CO_ADAM-15_small-1-300x205.jpg 300w, https:\/\/brightfish.com\/nl\/wp-content\/uploads\/sites\/6\/2022\/03\/CO_ADAM-15_small-1-768x525.jpg 768w, https:\/\/brightfish.com\/nl\/wp-content\/uploads\/sites\/6\/2022\/03\/CO_ADAM-15_small-1-1536x1050.jpg 1536w, https:\/\/brightfish.com\/nl\/wp-content\/uploads\/sites\/6\/2022\/03\/CO_ADAM-15_small-1-2048x1401.jpg 2048w\" sizes=\"auto, (max-width: 1024px) 100vw, 1024px\" \/><\/figure>\n<\/div>\n<\/div>\n\n\n\n<div class=\"acf-block-spacer\">\n  <div class=\"spacer has-height-96\"><\/div>\n<\/div>\n\n\n\n<div class=\"wp-block-group alignfull has-brightfish-blue-10-background-color has-background\"><div class=\"wp-block-group__inner-container is-layout-flow wp-block-group-is-layout-flow\">\n<div class=\"acf-block-spacer\">\n  <div class=\"spacer has-height-12\"><\/div>\n<\/div>\n\n\n\n<div class=\"wp-block-columns is-layout-flex wp-container-core-columns-is-layout-9d6595d7 wp-block-columns-is-layout-flex\">\n<div class=\"wp-block-column is-vertically-aligned-center is-layout-flow wp-block-column-is-layout-flow\"><div class=\"wp-block-image has-margin-bottom-0\">\n<figure class=\"aligncenter size-full\"><img loading=\"lazy\" decoding=\"async\" width=\"1357\" height=\"1627\" src=\"https:\/\/brightfish.com\/nl\/wp-content\/uploads\/sites\/6\/2022\/03\/ipad-dasboard-proms-e1647423979443.png\" alt=\"\" class=\"wp-image-974\" srcset=\"https:\/\/brightfish.com\/nl\/wp-content\/uploads\/sites\/6\/2022\/03\/ipad-dasboard-proms-e1647423979443.png 1357w, https:\/\/brightfish.com\/nl\/wp-content\/uploads\/sites\/6\/2022\/03\/ipad-dasboard-proms-e1647423979443-250x300.png 250w, https:\/\/brightfish.com\/nl\/wp-content\/uploads\/sites\/6\/2022\/03\/ipad-dasboard-proms-e1647423979443-854x1024.png 854w, https:\/\/brightfish.com\/nl\/wp-content\/uploads\/sites\/6\/2022\/03\/ipad-dasboard-proms-e1647423979443-768x921.png 768w, https:\/\/brightfish.com\/nl\/wp-content\/uploads\/sites\/6\/2022\/03\/ipad-dasboard-proms-e1647423979443-1281x1536.png 1281w\" sizes=\"auto, (max-width: 1357px) 100vw, 1357px\" \/><\/figure>\n<\/div><\/div>\n\n\n\n<div class=\"wp-block-column is-vertically-aligned-center is-layout-flow wp-block-column-is-layout-flow\">\n<h2 class=\"wp-block-heading\">Maak kennis met onze Touch-app, de kern van onze mobiele EMR werkstroom oplossing<\/h2>\n\n\n\n<p>Krijg instant toegang tot medische informatie zoals ziekenhuisagenda\u2019s, medische beeldvormingsgegevens, laboresultaten, procedureregistratie en nog veel meer.<br><br>Het invoeren van gegevens wordt vergemakkelijkt m.b.v. intu\u00eftief ontworpen formulieren en teruggeschreven naar bestaande back-end systemen in het ziekenhuis of de kliniek.<br><br>Dagelijkse administratieve taken worden veel effici\u00ebnter met veel minder risico op fouten. Uit ervaringen van gebruikers is gebleken dat 10 tot 20 % tijd wordt bespaard bij pati\u00ebntenafspraken.<\/p>\n<\/div>\n<\/div>\n<\/div><\/div>\n\n\n\n<div class=\"acf-block-spacer\">\n  <div class=\"spacer has-height-96\"><\/div>\n<\/div>\n\n\n\n<div class=\"wp-block-columns is-style-large-gap is-layout-flex wp-container-core-columns-is-layout-9d6595d7 wp-block-columns-is-layout-flex\">\n<div class=\"wp-block-column is-vertically-aligned-center is-layout-flow wp-block-column-is-layout-flow\">\n<h2 class=\"wp-block-heading\">Alle medische informatie binnen handbereik<\/h2>\n\n\n\n<p>Medisch personeel kan gemakkelijk per pati\u00ebnt door medische dossiers navigeren, met behulp van de dagelijkse agenda of de plattegrond van de afdeling (die kan worden ge\u00efntegreerd met Apple Indoor Location) waarop de bezetting van bedden en de namen van pati\u00ebnten worden weergegeven. Pati\u00ebnteninformatie uit alle medische systemen kan in \u00e9\u00e9n interface op een tablet worden gelezen en is chronologisch gerangschikt voor een eenvoudige navigatie. Gebruikers kunnen filters toepassen op basis van informatiecategorie\u00ebn. Het controleren van een pati\u00ebntendossier neemt slechts enkele minuten in beslag.<\/p>\n<\/div>\n\n\n\n<div class=\"wp-block-column is-vertically-aligned-center is-layout-flow wp-block-column-is-layout-flow\" style=\"flex-basis:50%\"><div class=\"wp-block-image is-style-rounded\">\n<figure class=\"aligncenter size-full\"><img loading=\"lazy\" decoding=\"async\" width=\"2560\" height=\"1994\" src=\"https:\/\/brightfish.com\/nl\/wp-content\/uploads\/sites\/6\/2022\/03\/IMG_8357_small-scaled.jpg\" alt=\"\" class=\"wp-image-984\" srcset=\"https:\/\/brightfish.com\/nl\/wp-content\/uploads\/sites\/6\/2022\/03\/IMG_8357_small-scaled.jpg 2560w, https:\/\/brightfish.com\/nl\/wp-content\/uploads\/sites\/6\/2022\/03\/IMG_8357_small-300x234.jpg 300w, https:\/\/brightfish.com\/nl\/wp-content\/uploads\/sites\/6\/2022\/03\/IMG_8357_small-1024x798.jpg 1024w, https:\/\/brightfish.com\/nl\/wp-content\/uploads\/sites\/6\/2022\/03\/IMG_8357_small-768x598.jpg 768w, https:\/\/brightfish.com\/nl\/wp-content\/uploads\/sites\/6\/2022\/03\/IMG_8357_small-1536x1196.jpg 1536w, https:\/\/brightfish.com\/nl\/wp-content\/uploads\/sites\/6\/2022\/03\/IMG_8357_small-2048x1595.jpg 2048w\" sizes=\"auto, (max-width: 2560px) 100vw, 2560px\" \/><\/figure>\n<\/div><\/div>\n<\/div>\n\n\n<div class=\"acf-block-separator alignfull spacing\">\n  <div class=\"spacer has-height-60\"><\/div>\n  <hr>\n  <div class=\"spacer has-height-96\"><\/div>\n<\/div>\n\n\n\n<div class=\"wp-block-columns is-style-large-gap is-layout-flex wp-container-core-columns-is-layout-9d6595d7 wp-block-columns-is-layout-flex\">\n<div class=\"wp-block-column is-vertically-aligned-center is-layout-flow wp-block-column-is-layout-flow\" style=\"flex-basis:50%\"><div class=\"wp-block-image is-style-rounded\">\n<figure class=\"aligncenter size-large\"><img loading=\"lazy\" decoding=\"async\" width=\"1024\" height=\"768\" src=\"https:\/\/brightfish.com\/nl\/wp-content\/uploads\/sites\/6\/2022\/03\/IMG_4079-small-1024x768.jpg\" alt=\"\" class=\"wp-image-979\" srcset=\"https:\/\/brightfish.com\/nl\/wp-content\/uploads\/sites\/6\/2022\/03\/IMG_4079-small-1024x768.jpg 1024w, https:\/\/brightfish.com\/nl\/wp-content\/uploads\/sites\/6\/2022\/03\/IMG_4079-small-300x225.jpg 300w, https:\/\/brightfish.com\/nl\/wp-content\/uploads\/sites\/6\/2022\/03\/IMG_4079-small-768x576.jpg 768w, https:\/\/brightfish.com\/nl\/wp-content\/uploads\/sites\/6\/2022\/03\/IMG_4079-small-1536x1152.jpg 1536w, https:\/\/brightfish.com\/nl\/wp-content\/uploads\/sites\/6\/2022\/03\/IMG_4079-small-2048x1536.jpg 2048w\" sizes=\"auto, (max-width: 1024px) 100vw, 1024px\" \/><\/figure>\n<\/div><\/div>\n\n\n\n<div class=\"wp-block-column is-vertically-aligned-center is-layout-flow wp-block-column-is-layout-flow\">\n<h2 class=\"wp-block-heading\">Aanpasbaar aan elk medisch specialisme<\/h2>\n\n\n\n<p>Brightfish EMR vereenvoudigt bestaande workflows door gebruik te maken van formulieren die speciaal voor elk medisch specialisme zijn gemaakt. De op formulieren gebaseerde interface is eenvoudig te navigeren zonder toetsenbord of muis door gebruik te maken van selectievakjes en autocomplete velden. Hierdoor wordt de informatie-invoer verder gestandaardiseerd en kunnen gegevens beter worden verzameld.<\/p>\n<\/div>\n<\/div>\n\n\n<div class=\"acf-block-separator alignfull spacing\">\n  <div class=\"spacer has-height-60\"><\/div>\n  <hr>\n  <div class=\"spacer has-height-96\"><\/div>\n<\/div>\n\n\n\n<div class=\"wp-block-columns is-style-large-gap is-layout-flex wp-container-core-columns-is-layout-9d6595d7 wp-block-columns-is-layout-flex\">\n<div class=\"wp-block-column is-vertically-aligned-center is-layout-flow wp-block-column-is-layout-flow\">\n<h2 class=\"wp-block-heading\">Foto&#8217;s toevoegen en annoteren<\/h2>\n\n\n\n<p>Tablettechnologie biedt nieuwe mogelijkheden voor het vastleggen van pati\u00ebntinformatie, zoals het maken van foto&#8217;s, ze annoteren om aandachtsgebieden te markeren en ze in een oogwenk aan een pati\u00ebntendossier toe te voegen. Een soortgelijke optie is beschikbaar voor radiologiebeelden die gepauzeerd kunnen worden en vervolgens kunnen worden gebruikt als sjabloon om op te tekenen en opmerkingen aan toe te voegen voor later.<\/p>\n<\/div>\n\n\n\n<div class=\"wp-block-column is-vertically-aligned-center is-layout-flow wp-block-column-is-layout-flow\" style=\"flex-basis:50%\"><div class=\"wp-block-image is-style-rounded\">\n<figure class=\"aligncenter size-large\"><img loading=\"lazy\" decoding=\"async\" width=\"1024\" height=\"983\" src=\"https:\/\/brightfish.com\/nl\/wp-content\/uploads\/sites\/6\/2022\/03\/buik_small-1024x983.jpg\" alt=\"\" class=\"wp-image-978\" srcset=\"https:\/\/brightfish.com\/nl\/wp-content\/uploads\/sites\/6\/2022\/03\/buik_small-1024x983.jpg 1024w, https:\/\/brightfish.com\/nl\/wp-content\/uploads\/sites\/6\/2022\/03\/buik_small-300x288.jpg 300w, https:\/\/brightfish.com\/nl\/wp-content\/uploads\/sites\/6\/2022\/03\/buik_small-768x738.jpg 768w, https:\/\/brightfish.com\/nl\/wp-content\/uploads\/sites\/6\/2022\/03\/buik_small-1536x1475.jpg 1536w, https:\/\/brightfish.com\/nl\/wp-content\/uploads\/sites\/6\/2022\/03\/buik_small.jpg 1617w\" sizes=\"auto, (max-width: 1024px) 100vw, 1024px\" \/><\/figure>\n<\/div><\/div>\n<\/div>\n\n\n<div class=\"acf-block-separator alignfull spacing\">\n  <div class=\"spacer has-height-60\"><\/div>\n  <hr>\n  <div class=\"spacer has-height-96\"><\/div>\n<\/div>\n\n\n\n<h2 class=\"has-text-align-center has-max-width-700 has-x-3-large-font-size wp-block-heading\">Neem contact op en ontdek hoe de oplossingen van Brightfish u kunnen helpen<\/h2>\n\n\n\n  <div class=\"acf-block-modal\">\n\n    <div class=\"modal\" id=\"mdl-request-a-demo\">\n\n      <div class=\"container normal form\">\n\n        <div class=\"close\">\n          <span><\/span>\n          <span><\/span>\n          <span><\/span>\n        <\/div>\n\n        <div class=\"content\">\n          <div class=\"inner\">\n            <div class=\"close-spacer\"><\/div>\n            \n\n<h2 class=\"has-x-3-large-font-size wp-block-heading\">Demo aanvragen<\/h2>\n\n\n\n<p>Vul het formulier hieronder in, en een medewerker zal spoedig contact met u opnemen.<\/p>\n\n\n\n<div class=\"wpcf7 no-js\" id=\"wpcf7-f17-o1\" lang=\"en-US\" dir=\"ltr\" data-wpcf7-id=\"17\">\n<div class=\"screen-reader-response\"><p role=\"status\" aria-live=\"polite\" aria-atomic=\"true\"><\/p> <ul><\/ul><\/div>\n<form action=\"\/nl\/wp-json\/wp\/v2\/pages\/51#wpcf7-f17-o1\" method=\"post\" class=\"wpcf7-form init\" aria-label=\"Contact form\" novalidate=\"novalidate\" data-status=\"init\">\n<fieldset class=\"hidden-fields-container\"><input type=\"hidden\" name=\"_wpcf7\" value=\"17\" \/><input type=\"hidden\" name=\"_wpcf7_version\" value=\"6.1.5\" \/><input type=\"hidden\" name=\"_wpcf7_locale\" value=\"en_US\" \/><input type=\"hidden\" name=\"_wpcf7_unit_tag\" value=\"wpcf7-f17-o1\" \/><input type=\"hidden\" name=\"_wpcf7_container_post\" value=\"0\" \/><input type=\"hidden\" name=\"_wpcf7_posted_data_hash\" value=\"\" \/>\n<\/fieldset>\n<label class=\"label-transform\">\n<span class=\"wpcf7-form-control-wrap\" data-name=\"name-sender\"><input size=\"40\" maxlength=\"400\" class=\"wpcf7-form-control wpcf7-text wpcf7-validates-as-required\" aria-required=\"true\" aria-invalid=\"false\" value=\"\" type=\"text\" name=\"name-sender\" \/><\/span>\n<span class=\"placeholder\">Uw naam<\/span>\n<\/label>\n\n<label class=\"label-transform\">\n<span class=\"wpcf7-form-control-wrap\" data-name=\"company-sender\"><input size=\"40\" maxlength=\"400\" class=\"wpcf7-form-control wpcf7-text\" aria-invalid=\"false\" value=\"\" type=\"text\" name=\"company-sender\" \/><\/span>\n<span class=\"placeholder\">Bedrijf<\/span>\n<\/label>\n\n<label class=\"label-transform\">\n<span class=\"wpcf7-form-control-wrap\" data-name=\"mail-sender\"><input size=\"40\" maxlength=\"400\" class=\"wpcf7-form-control wpcf7-email wpcf7-validates-as-required wpcf7-text wpcf7-validates-as-email\" aria-required=\"true\" aria-invalid=\"false\" value=\"\" type=\"email\" name=\"mail-sender\" \/><\/span>\n<span class=\"placeholder\">Uw email<\/span>\n<\/label>\n\n\n<label class=\"label-transform\">\n<span class=\"wpcf7-form-control-wrap\" data-name=\"phone-sender\"><input size=\"40\" maxlength=\"400\" class=\"wpcf7-form-control wpcf7-tel wpcf7-text wpcf7-validates-as-tel\" aria-invalid=\"false\" value=\"\" type=\"tel\" name=\"phone-sender\" \/><\/span>\n<span class=\"placeholder\">Telefoonnummer<\/span>\n<\/label>\n\n<label class=\"label-transform autosize\">\n<span class=\"wpcf7-form-control-wrap\" data-name=\"message\"><textarea cols=\"40\" rows=\"10\" maxlength=\"2000\" class=\"wpcf7-form-control wpcf7-textarea wpcf7-validates-as-required\" aria-required=\"true\" aria-invalid=\"false\" name=\"message\"><\/textarea><\/span>\n<span class=\"placeholder\">Ik ben ge\u00efnteresseerd in...<\/span>\n<\/label>\n\n\n<span class=\"wpcf7-form-control-wrap\" data-name=\"hcap-cf7\">\t\t<input\n\t\t\t\ttype=\"hidden\"\n\t\t\t\tclass=\"hcaptcha-widget-id\"\n\t\t\t\tname=\"hcaptcha-widget-id\"\n\t\t\t\tvalue=\"eyJzb3VyY2UiOlsiY29udGFjdC1mb3JtLTdcL3dwLWNvbnRhY3QtZm9ybS03LnBocCJdLCJmb3JtX2lkIjoxN30=-648e685ef34e059d96caeb7ca17fd312\">\n\t\t\t\t<span id=\"hcap_cf7-69f5efc24887a2.50542027\" class=\"wpcf7-form-control h-captcha \"\n\t\t\tdata-sitekey=\"10000000-ffff-ffff-ffff-000000000001\"\n\t\t\tdata-theme=\"light\"\n\t\t\tdata-size=\"normal\"\n\t\t\tdata-auto=\"false\"\n\t\t\tdata-ajax=\"false\"\n\t\t\tdata-force=\"false\">\n\t\t<\/span>\n\t\t<input type=\"hidden\" id=\"_wpnonce\" name=\"_wpnonce\" value=\"d2c1a44891\" \/><input type=\"hidden\" name=\"_wp_http_referer\" value=\"\/nl\/wp-json\/wp\/v2\/pages\/51\" \/><\/span><input class=\"wpcf7-form-control wpcf7-submit has-spinner\" type=\"submit\" value=\"Verstuur\" \/><div class=\"wpcf7-response-output\" aria-hidden=\"true\"><\/div>\n<\/form>\n<\/div>\n\n\n\n          <\/div>\n        <\/div>\n\n      <\/div>\n\n      <div class=\"overlay\"><\/div>\n\n    <\/div>\n\n  <\/div>\n\n\n\n\n<div class=\"wp-block-buttons is-content-justification-center is-layout-flex wp-container-core-buttons-is-layout-16018d1d wp-block-buttons-is-layout-flex\">\n<div class=\"wp-block-button modal-trigger mdl-request-a-demo\"><a class=\"wp-block-button__link has-brightfish-orange-70-background-color has-background\">Vraag een demo aan<\/a><\/div>\n<\/div>\n\n\n\n<div class=\"acf-block-spacer\">\n  <div class=\"spacer has-height-60\"><\/div>\n<\/div>\n","protected":false},"excerpt":{"rendered":"<p>Hoe kan ik mijn klinische workflows en gegevensinvoer mobieler maken? Bekijk onze mobiele EMR-oplossing waarmee u workflows mobiel kunt maken en de gegevensinvoer voor&#8230;<\/p>\n","protected":false},"author":1,"featured_media":0,"parent":20,"menu_order":0,"comment_status":"closed","ping_status":"closed","template":"","meta":{"_acf_changed":false,"footnotes":""},"class_list":["post-51","page","type-page","status-publish","hentry"],"acf":[],"yoast_head":"<!-- This site is optimized with the Yoast SEO plugin v27.5 - https:\/\/yoast.com\/product\/yoast-seo-wordpress\/ -->\n<title>EMR - Brightfish<\/title>\n<meta name=\"robots\" content=\"index, follow, max-snippet:-1, max-image-preview:large, max-video-preview:-1\" \/>\n<link rel=\"canonical\" href=\"https:\/\/brightfish.com\/nl\/oplossingen\/emr\/\" \/>\n<meta property=\"og:locale\" content=\"nl_NL\" \/>\n<meta property=\"og:type\" content=\"article\" \/>\n<meta property=\"og:title\" content=\"EMR - Brightfish\" \/>\n<meta property=\"og:description\" content=\"Hoe kan ik mijn klinische workflows en gegevensinvoer mobieler maken? Bekijk onze mobiele EMR-oplossing waarmee u workflows mobiel kunt maken en de gegevensinvoer voor...\" \/>\n<meta property=\"og:url\" content=\"https:\/\/brightfish.com\/nl\/oplossingen\/emr\/\" \/>\n<meta property=\"og:site_name\" content=\"BRIGHTFISH\" \/>\n<meta property=\"article:modified_time\" content=\"2023-02-09T10:57:52+00:00\" \/>\n<meta property=\"og:image\" content=\"https:\/\/brightfish.com\/nl\/wp-content\/uploads\/sites\/6\/2022\/03\/CO_ADAM-15_small-1-1024x700.jpg\" \/>\n<meta name=\"twitter:card\" content=\"summary_large_image\" \/>\n<meta name=\"twitter:label1\" content=\"Est. reading time\" \/>\n\t<meta name=\"twitter:data1\" content=\"3 minutes\" \/>\n<script type=\"application\/ld+json\" class=\"yoast-schema-graph\">{\"@context\":\"https:\\\/\\\/schema.org\",\"@graph\":[{\"@type\":\"WebPage\",\"@id\":\"https:\\\/\\\/brightfish.com\\\/nl\\\/oplossingen\\\/emr\\\/\",\"url\":\"https:\\\/\\\/brightfish.com\\\/nl\\\/oplossingen\\\/emr\\\/\",\"name\":\"BRIGHTFISH\",\"isPartOf\":{\"@id\":\"https:\\\/\\\/brightfish.com\\\/nl\\\/#website\"},\"primaryImageOfPage\":{\"@id\":\"https:\\\/\\\/brightfish.com\\\/nl\\\/oplossingen\\\/emr\\\/#primaryimage\"},\"image\":{\"@id\":\"https:\\\/\\\/brightfish.com\\\/nl\\\/oplossingen\\\/emr\\\/#primaryimage\"},\"thumbnailUrl\":\"https:\\\/\\\/brightfish.com\\\/nl\\\/wp-content\\\/uploads\\\/sites\\\/6\\\/2022\\\/03\\\/CO_ADAM-15_small-1-1024x700.jpg\",\"datePublished\":\"2022-02-28T14:28:51+00:00\",\"dateModified\":\"2023-02-09T10:57:52+00:00\",\"breadcrumb\":{\"@id\":\"https:\\\/\\\/brightfish.com\\\/nl\\\/oplossingen\\\/emr\\\/#breadcrumb\"},\"inLanguage\":\"en-US\",\"potentialAction\":[{\"@type\":\"ReadAction\",\"target\":[\"https:\\\/\\\/brightfish.com\\\/nl\\\/oplossingen\\\/emr\\\/\"]}]},{\"@type\":\"ImageObject\",\"inLanguage\":\"en-US\",\"@id\":\"https:\\\/\\\/brightfish.com\\\/nl\\\/oplossingen\\\/emr\\\/#primaryimage\",\"url\":\"https:\\\/\\\/brightfish.com\\\/nl\\\/wp-content\\\/uploads\\\/sites\\\/6\\\/2022\\\/03\\\/CO_ADAM-15_small-1-1024x700.jpg\",\"contentUrl\":\"https:\\\/\\\/brightfish.com\\\/nl\\\/wp-content\\\/uploads\\\/sites\\\/6\\\/2022\\\/03\\\/CO_ADAM-15_small-1-1024x700.jpg\"},{\"@type\":\"BreadcrumbList\",\"@id\":\"https:\\\/\\\/brightfish.com\\\/nl\\\/oplossingen\\\/emr\\\/#breadcrumb\",\"itemListElement\":[{\"@type\":\"ListItem\",\"position\":1,\"name\":\"Home\",\"item\":\"https:\\\/\\\/brightfish.com\\\/nl\\\/\"},{\"@type\":\"ListItem\",\"position\":2,\"name\":\"Oplossingen\",\"item\":\"https:\\\/\\\/brightfish.com\\\/nl\\\/oplossingen\\\/\"},{\"@type\":\"ListItem\",\"position\":3,\"name\":\"EMR\"}]},{\"@type\":\"WebSite\",\"@id\":\"https:\\\/\\\/brightfish.com\\\/nl\\\/#website\",\"url\":\"https:\\\/\\\/brightfish.com\\\/nl\\\/\",\"name\":\"BRIGHTFISH\",\"description\":\"Bright technology\",\"potentialAction\":[{\"@type\":\"SearchAction\",\"target\":{\"@type\":\"EntryPoint\",\"urlTemplate\":\"https:\\\/\\\/brightfish.com\\\/nl\\\/?s={search_term_string}\"},\"query-input\":{\"@type\":\"PropertyValueSpecification\",\"valueRequired\":true,\"valueName\":\"search_term_string\"}}],\"inLanguage\":\"en-US\"}]}<\/script>\n<!-- \/ Yoast SEO plugin. -->","yoast_head_json":{"title":"EMR - Brightfish","robots":{"index":"index","follow":"follow","max-snippet":"max-snippet:-1","max-image-preview":"max-image-preview:large","max-video-preview":"max-video-preview:-1"},"canonical":"https:\/\/brightfish.com\/nl\/oplossingen\/emr\/","og_locale":"nl_NL","og_type":"article","og_title":"EMR - Brightfish","og_description":"Hoe kan ik mijn klinische workflows en gegevensinvoer mobieler maken? Bekijk onze mobiele EMR-oplossing waarmee u workflows mobiel kunt maken en de gegevensinvoer voor...","og_url":"https:\/\/brightfish.com\/nl\/oplossingen\/emr\/","og_site_name":"BRIGHTFISH","article_modified_time":"2023-02-09T10:57:52+00:00","og_image":[{"url":"https:\/\/brightfish.com\/nl\/wp-content\/uploads\/sites\/6\/2022\/03\/CO_ADAM-15_small-1-1024x700.jpg","type":"","width":"","height":""}],"twitter_card":"summary_large_image","twitter_misc":{"Est. reading time":"3 minutes"},"schema":{"@context":"https:\/\/schema.org","@graph":[{"@type":"WebPage","@id":"https:\/\/brightfish.com\/nl\/oplossingen\/emr\/","url":"https:\/\/brightfish.com\/nl\/oplossingen\/emr\/","name":"BRIGHTFISH","isPartOf":{"@id":"https:\/\/brightfish.com\/nl\/#website"},"primaryImageOfPage":{"@id":"https:\/\/brightfish.com\/nl\/oplossingen\/emr\/#primaryimage"},"image":{"@id":"https:\/\/brightfish.com\/nl\/oplossingen\/emr\/#primaryimage"},"thumbnailUrl":"https:\/\/brightfish.com\/nl\/wp-content\/uploads\/sites\/6\/2022\/03\/CO_ADAM-15_small-1-1024x700.jpg","datePublished":"2022-02-28T14:28:51+00:00","dateModified":"2023-02-09T10:57:52+00:00","breadcrumb":{"@id":"https:\/\/brightfish.com\/nl\/oplossingen\/emr\/#breadcrumb"},"inLanguage":"en-US","potentialAction":[{"@type":"ReadAction","target":["https:\/\/brightfish.com\/nl\/oplossingen\/emr\/"]}]},{"@type":"ImageObject","inLanguage":"en-US","@id":"https:\/\/brightfish.com\/nl\/oplossingen\/emr\/#primaryimage","url":"https:\/\/brightfish.com\/nl\/wp-content\/uploads\/sites\/6\/2022\/03\/CO_ADAM-15_small-1-1024x700.jpg","contentUrl":"https:\/\/brightfish.com\/nl\/wp-content\/uploads\/sites\/6\/2022\/03\/CO_ADAM-15_small-1-1024x700.jpg"},{"@type":"BreadcrumbList","@id":"https:\/\/brightfish.com\/nl\/oplossingen\/emr\/#breadcrumb","itemListElement":[{"@type":"ListItem","position":1,"name":"Home","item":"https:\/\/brightfish.com\/nl\/"},{"@type":"ListItem","position":2,"name":"Oplossingen","item":"https:\/\/brightfish.com\/nl\/oplossingen\/"},{"@type":"ListItem","position":3,"name":"EMR"}]},{"@type":"WebSite","@id":"https:\/\/brightfish.com\/nl\/#website","url":"https:\/\/brightfish.com\/nl\/","name":"BRIGHTFISH","description":"Bright technology","potentialAction":[{"@type":"SearchAction","target":{"@type":"EntryPoint","urlTemplate":"https:\/\/brightfish.com\/nl\/?s={search_term_string}"},"query-input":{"@type":"PropertyValueSpecification","valueRequired":true,"valueName":"search_term_string"}}],"inLanguage":"en-US"}]}},"_links":{"self":[{"href":"https:\/\/brightfish.com\/nl\/wp-json\/wp\/v2\/pages\/51","targetHints":{"allow":["GET"]}}],"collection":[{"href":"https:\/\/brightfish.com\/nl\/wp-json\/wp\/v2\/pages"}],"about":[{"href":"https:\/\/brightfish.com\/nl\/wp-json\/wp\/v2\/types\/page"}],"author":[{"embeddable":true,"href":"https:\/\/brightfish.com\/nl\/wp-json\/wp\/v2\/users\/1"}],"replies":[{"embeddable":true,"href":"https:\/\/brightfish.com\/nl\/wp-json\/wp\/v2\/comments?post=51"}],"version-history":[{"count":33,"href":"https:\/\/brightfish.com\/nl\/wp-json\/wp\/v2\/pages\/51\/revisions"}],"predecessor-version":[{"id":1511,"href":"https:\/\/brightfish.com\/nl\/wp-json\/wp\/v2\/pages\/51\/revisions\/1511"}],"up":[{"embeddable":true,"href":"https:\/\/brightfish.com\/nl\/wp-json\/wp\/v2\/pages\/20"}],"wp:attachment":[{"href":"https:\/\/brightfish.com\/nl\/wp-json\/wp\/v2\/media?parent=51"}],"curies":[{"name":"wp","href":"https:\/\/api.w.org\/{rel}","templated":true}]}}