{"id":47,"date":"2022-02-28T15:28:00","date_gmt":"2022-02-28T14:28:00","guid":{"rendered":"https:\/\/brightfish.com\/nl\/?page_id=47"},"modified":"2022-04-07T13:47:10","modified_gmt":"2022-04-07T12:47:10","slug":"proms","status":"publish","type":"page","link":"https:\/\/brightfish.com\/nl\/oplossingen\/proms\/","title":{"rendered":"PROMs"},"content":{"rendered":"\n<div class=\"acf-block-spacer\">\n  <div class=\"spacer has-height-96\"><\/div>\n<\/div>\n\n\n\n<div class=\"wp-block-columns alignwide are-vertically-aligned-center mobile-reverse-order is-style-large-gap is-layout-flex wp-container-core-columns-is-layout-9d6595d7 wp-block-columns-is-layout-flex\">\n<div class=\"wp-block-column is-vertically-aligned-center is-layout-flow wp-block-column-is-layout-flow\" style=\"padding-top:0px;padding-right:0px;padding-bottom:0px;padding-left:0px\">\n<h1 class=\"wp-block-heading\">Hoe kan ik pati\u00ebnten betrekken bij het verzamelen van pati\u00ebnt gerapporteerde data (<mark class=\"has-inline-color has-brightfish-orange-70-color\">PROMs. PREMs, NPS<\/mark>), of andere medische kwaliteitsdata?<\/h1>\n\n\n\n<div class=\"acf-block-spacer\">\n  <div class=\"spacer has-height-36\"><\/div>\n<\/div>\n\n\n\n<p>Betrek pati\u00ebnten op afstand met onze PROM &amp; PREM tooling, integreer de timing van vragenlijsten in uw dagelijkse kliniekschema&#8217;s (klinisch en poliklinisch) om het juiste evenwicht te verzekeren tussen wetenschappelijke validiteit en praktische operationele vereisten van uw personeel.<\/p>\n\n\n\n<div class=\"wp-block-buttons is-content-justification-left is-layout-flex wp-container-core-buttons-is-layout-fdcfc74e wp-block-buttons-is-layout-flex\">\n<div class=\"wp-block-button modal-trigger mdl-request-a-demo\"><a class=\"wp-block-button__link\">Vraag een demo aan<\/a><\/div>\n<\/div>\n<\/div>\n\n\n\n<div class=\"wp-block-column is-vertically-aligned-center is-layout-flow wp-block-column-is-layout-flow\" style=\"flex-basis:50%\">\n<figure class=\"wp-block-image size-full is-style-curved\"><img loading=\"lazy\" decoding=\"async\" width=\"1405\" height=\"1090\" src=\"https:\/\/brightfish.com\/nl\/wp-content\/uploads\/sites\/6\/2022\/03\/waiting-room-ipad-1.jpg\" alt=\"\" class=\"wp-image-956\" srcset=\"https:\/\/brightfish.com\/nl\/wp-content\/uploads\/sites\/6\/2022\/03\/waiting-room-ipad-1.jpg 1405w, https:\/\/brightfish.com\/nl\/wp-content\/uploads\/sites\/6\/2022\/03\/waiting-room-ipad-1-300x233.jpg 300w, https:\/\/brightfish.com\/nl\/wp-content\/uploads\/sites\/6\/2022\/03\/waiting-room-ipad-1-1024x794.jpg 1024w, https:\/\/brightfish.com\/nl\/wp-content\/uploads\/sites\/6\/2022\/03\/waiting-room-ipad-1-768x596.jpg 768w\" sizes=\"auto, (max-width: 1405px) 100vw, 1405px\" \/><\/figure>\n<\/div>\n<\/div>\n\n\n\n<div class=\"acf-block-spacer\">\n  <div class=\"spacer has-height-96\"><\/div>\n<\/div>\n\n\n\n<div class=\"wp-block-group alignfull has-brightfish-orange-10-background-color has-background\" style=\"padding-bottom:0px\"><div class=\"wp-block-group__inner-container is-layout-flow wp-block-group-is-layout-flow\">\n<div class=\"acf-block-spacer\">\n  <div class=\"spacer has-height-12\"><\/div>\n<\/div>\n\n\n\n<div class=\"wp-block-columns is-style-large-gap is-layout-flex wp-container-core-columns-is-layout-9d6595d7 wp-block-columns-is-layout-flex\">\n<div class=\"wp-block-column is-vertically-aligned-center is-layout-flow wp-block-column-is-layout-flow\">\n<figure class=\"wp-block-image size-full is-style-rounded has-shadow\"><img loading=\"lazy\" decoding=\"async\" width=\"783\" height=\"670\" src=\"https:\/\/brightfish.com\/nl\/wp-content\/uploads\/sites\/6\/2022\/03\/image-49.png\" alt=\"\" class=\"wp-image-1040\" srcset=\"https:\/\/brightfish.com\/nl\/wp-content\/uploads\/sites\/6\/2022\/03\/image-49.png 783w, https:\/\/brightfish.com\/nl\/wp-content\/uploads\/sites\/6\/2022\/03\/image-49-300x257.png 300w, https:\/\/brightfish.com\/nl\/wp-content\/uploads\/sites\/6\/2022\/03\/image-49-768x657.png 768w\" sizes=\"auto, (max-width: 783px) 100vw, 783px\" \/><\/figure>\n<\/div>\n\n\n\n<div class=\"wp-block-column is-vertically-aligned-center is-layout-flow wp-block-column-is-layout-flow\">\n<div class=\"acf-block-spacer\">\n  <div class=\"spacer has-height-24\"><\/div>\n<\/div>\n\n\n\n<h2 class=\"wp-block-heading\">Maak kennis met onze flexibele, meertalige en multi-platform inzetbare vragenlijstmodule voor Patient Reported Data<\/h2>\n\n\n\n<p>Ons platform stelt u in staat om systematisch gevalideerde vragenlijsten in te zetten in al uw medische afdelingen onder uw eigen merk \u00e9n internetdomein. Een web-based of native applicatie, in meerdere talen beschikbaar, met een meetschema dat past binnen de grenzen van wetenschappelijke richtlijnen \u00e9n praktische realiteit, maakt het verzamelen van PROMs \u00e9cht onderdeel van uw dagelijkse klinische werk. Onze belofte: we stemmen dataverzameling af op uw specifieke situatie.<\/p>\n\n\n\n<div class=\"acf-block-spacer\">\n  <div class=\"spacer has-height-36\"><\/div>\n<\/div>\n<\/div>\n<\/div>\n\n\n\n<div class=\"acf-block-spacer\">\n  <div class=\"spacer has-height-36\"><\/div>\n<\/div>\n<\/div><\/div>\n\n\n\n<div class=\"acf-block-spacer\">\n  <div class=\"spacer has-height-96\"><\/div>\n<\/div>\n\n\n\n<div class=\"wp-block-columns is-layout-flex wp-container-core-columns-is-layout-9d6595d7 wp-block-columns-is-layout-flex\">\n<div class=\"wp-block-column is-vertically-aligned-center is-layout-flow wp-block-column-is-layout-flow\">\n<h2 class=\"wp-block-heading\">Gebruik van door <mark class=\"has-inline-color has-brightfish-orange-70-color\">de pati\u00ebnt gerapporteerde gegevens<\/mark> in de behandelkamer<\/h2>\n\n\n\n<p>Het is algemeen bekend dat het bespreken van &#8220;Patient Reported Data&#8221; in de behandelkamer de naleving van de dataverzameling bevordert en de betrokkenheid van de pati\u00ebnt vergroot. Onze tools zijn specifiek voor dit doel ontwikkeld.<br><br>Onze pati\u00ebntgerichte oplossing verzamelt niet alleen Patient-Reported Data, maar koppelt deze ook terug aan de behandelaar via intu\u00eftieve dashboards. Waar mogelijk vergezeld van vergelijkingen met relevante peer groups.<\/p>\n<\/div>\n\n\n\n<div class=\"wp-block-column is-vertically-aligned-center is-layout-flow wp-block-column-is-layout-flow\">\n<div class=\"wp-block-image\"><figure class=\"aligncenter size-large is-resized\"><img loading=\"lazy\" decoding=\"async\" src=\"https:\/\/brightfish.com\/nl\/wp-content\/uploads\/sites\/6\/2022\/03\/imac-ndt-01-left_small-1-924x1024.jpg\" alt=\"\" class=\"wp-image-941\" width=\"384\" height=\"424\" \/><\/figure><\/div>\n<\/div>\n<\/div>\n\n\n<div class=\"acf-block-separator alignfull spacing\">\n  <div class=\"spacer has-height-72\"><\/div>\n  <hr>\n  <div class=\"spacer has-height-72\"><\/div>\n<\/div>\n\n\n\n<div class=\"wp-block-columns is-layout-flex wp-container-core-columns-is-layout-9d6595d7 wp-block-columns-is-layout-flex\">\n<div class=\"wp-block-column is-vertically-aligned-center is-layout-flow wp-block-column-is-layout-flow\">\n<div class=\"wp-block-image is-style-rounded\"><figure class=\"aligncenter size-large is-resized\"><img loading=\"lazy\" decoding=\"async\" src=\"https:\/\/brightfish.com\/nl\/wp-content\/uploads\/sites\/6\/2022\/03\/image81-516x1024.png\" alt=\"\" class=\"wp-image-937\" width=\"239\" height=\"473\" srcset=\"https:\/\/brightfish.com\/nl\/wp-content\/uploads\/sites\/6\/2022\/03\/image81-516x1024.png 516w, https:\/\/brightfish.com\/nl\/wp-content\/uploads\/sites\/6\/2022\/03\/image81-151x300.png 151w, https:\/\/brightfish.com\/nl\/wp-content\/uploads\/sites\/6\/2022\/03\/image81-768x1524.png 768w, https:\/\/brightfish.com\/nl\/wp-content\/uploads\/sites\/6\/2022\/03\/image81-774x1536.png 774w, https:\/\/brightfish.com\/nl\/wp-content\/uploads\/sites\/6\/2022\/03\/image81.png 985w\" sizes=\"auto, (max-width: 239px) 100vw, 239px\" \/><\/figure><\/div>\n<\/div>\n\n\n\n<div class=\"wp-block-column is-vertically-aligned-center is-layout-flow wp-block-column-is-layout-flow\">\n<h2 class=\"wp-block-heading\">Biedt realtime-feedback aan de pati\u00ebnt \u00e9n de behandelaar<\/h2>\n\n\n\n<p>De Brightfish Insight-dashboards worden ge\u00efmplementeerd in uw klinische workflows, EPD of andere administratieve systemen. Medisch personeel kan onze dashboards met \u00e9\u00e9n muisklik&nbsp; openen en dashboards van individuele pati\u00ebnten bekijken tijdens de gesprekken met pati\u00ebnten.<\/p>\n<\/div>\n<\/div>\n\n\n<div class=\"acf-block-separator alignfull spacing\">\n  <div class=\"spacer has-height-72\"><\/div>\n  <hr>\n  <div class=\"spacer has-height-72\"><\/div>\n<\/div>\n\n\n\n<h2 class=\"has-text-align-center has-max-width-700 wp-block-heading\">Gebruik onze &#8216;<mark class=\"has-inline-color has-brightfish-orange-70-color\">National Outcome Monitor<\/mark>&#8216; pagina&#8217;s om uw patienten te vergelijken met (inter)nationale registers<\/h2>\n\n\n\n<div class=\"acf-block-spacer\">\n  <div class=\"spacer has-height-24\"><\/div>\n<\/div>\n\n\n\n<div class=\"wp-block-columns is-layout-flex wp-container-core-columns-is-layout-9d6595d7 wp-block-columns-is-layout-flex\">\n<div class=\"wp-block-column is-vertically-aligned-top is-layout-flow wp-block-column-is-layout-flow\">\n<p>Brightfish stelt u in staat om mee te doen aan uitkomstvergelijkingen tussen verschillende zorgverleners. Of u nu afdelingen in uw organisatie of uw zorgverlening wilt vergelijken met andere organisaties, wij kunnen u helpen dat op een snelle en effici\u00ebnte manier te doen.<\/p>\n\n\n\n<p>Onze oplossingen kunnen met elkaar worden verbonden om statistische, niet-persoonlijke gegevens uit te wisselen in volledige overeenstemming met de GDPR.<\/p>\n<\/div>\n\n\n\n<div class=\"wp-block-column is-vertically-aligned-top is-layout-flow wp-block-column-is-layout-flow\">\n<p>Onze PROMs en PREMs oplossingen ondersteunen ook lokale data extractie, verzameling en rapportage aan nationale en internationale uitkomstregisters (DICA, LROI, NVA, ICHOM en vele anderen).<\/p>\n\n\n\n<p>Wilt u dat de gegevens in onze systemen ook op andere gebieden worden gebruikt? Geen probleem! Onze data warehouse API&#8217;s hebben verschillende opties om onze data te extraheren en\/of te exporteren naar andere tools in uw omgeving.<\/p>\n<\/div>\n<\/div>\n\n\n\n  <div class=\"slick-logos\">\n\n    \n      <div class=\"logo\"> <div class=\"inner\"> <img loading=\"lazy\" decoding=\"async\" width=\"300\" height=\"85\" src=\"https:\/\/brightfish.com\/nl\/wp-content\/uploads\/sites\/6\/2022\/03\/ICHOM_Logo_green_RGB_200px-300x85.png\" class=\"attachment-medium size-medium\" alt=\"\" srcset=\"https:\/\/brightfish.com\/nl\/wp-content\/uploads\/sites\/6\/2022\/03\/ICHOM_Logo_green_RGB_200px-300x85.png 300w, https:\/\/brightfish.com\/nl\/wp-content\/uploads\/sites\/6\/2022\/03\/ICHOM_Logo_green_RGB_200px.png 705w\" sizes=\"auto, (max-width: 300px) 100vw, 300px\" \/> <\/div> <\/div>\n\n    \n      <div class=\"logo\"> <div class=\"inner\"> <img loading=\"lazy\" decoding=\"async\" width=\"300\" height=\"173\" src=\"https:\/\/brightfish.com\/nl\/wp-content\/uploads\/sites\/6\/2022\/03\/dica_logo-300x173.jpeg\" class=\"attachment-medium size-medium\" alt=\"\" srcset=\"https:\/\/brightfish.com\/nl\/wp-content\/uploads\/sites\/6\/2022\/03\/dica_logo-300x173.jpeg 300w, https:\/\/brightfish.com\/nl\/wp-content\/uploads\/sites\/6\/2022\/03\/dica_logo.jpeg 320w\" sizes=\"auto, (max-width: 300px) 100vw, 300px\" \/> <\/div> <\/div>\n\n    \n      <div class=\"logo\"> <div class=\"inner\"> <img loading=\"lazy\" decoding=\"async\" width=\"300\" height=\"112\" src=\"https:\/\/brightfish.com\/nl\/wp-content\/uploads\/sites\/6\/2022\/03\/LROI-logo-300x112.png\" class=\"attachment-medium size-medium\" alt=\"\" srcset=\"https:\/\/brightfish.com\/nl\/wp-content\/uploads\/sites\/6\/2022\/03\/LROI-logo-300x112.png 300w, https:\/\/brightfish.com\/nl\/wp-content\/uploads\/sites\/6\/2022\/03\/LROI-logo.png 370w\" sizes=\"auto, (max-width: 300px) 100vw, 300px\" \/> <\/div> <\/div>\n\n    \n      <div class=\"logo\"> <div class=\"inner\"> <img loading=\"lazy\" decoding=\"async\" width=\"100\" height=\"125\" src=\"https:\/\/brightfish.com\/nl\/wp-content\/uploads\/sites\/6\/2022\/03\/zorgladder.png\" class=\"attachment-medium size-medium\" alt=\"\" \/> <\/div> <\/div>\n\n    \n      <div class=\"logo\"> <div class=\"inner\"> <img loading=\"lazy\" decoding=\"async\" width=\"300\" height=\"300\" src=\"https:\/\/brightfish.com\/nl\/wp-content\/uploads\/sites\/6\/2022\/03\/nva-logo2-300x300.png\" class=\"attachment-medium size-medium\" alt=\"\" srcset=\"https:\/\/brightfish.com\/nl\/wp-content\/uploads\/sites\/6\/2022\/03\/nva-logo2-300x300.png 300w, https:\/\/brightfish.com\/nl\/wp-content\/uploads\/sites\/6\/2022\/03\/nva-logo2-150x150.png 150w, https:\/\/brightfish.com\/nl\/wp-content\/uploads\/sites\/6\/2022\/03\/nva-logo2.png 500w\" sizes=\"auto, (max-width: 300px) 100vw, 300px\" \/> <\/div> <\/div>\n\n    <\/div>\n\n\n<div class=\"acf-block-separator alignfull spacing\">\n  <div class=\"spacer has-height-60\"><\/div>\n  <hr>\n  <div class=\"spacer has-height-96\"><\/div>\n<\/div>\n\n\n\n<h2 class=\"has-text-align-center has-max-width-700 has-x-3-large-font-size wp-block-heading\">Neem contact op en ontdek hoe de oplossingen van Brightfish u kunnen helpen<\/h2>\n\n\n\n  <div class=\"acf-block-modal\">\n\n    <div class=\"modal\" id=\"mdl-request-a-demo\">\n\n      <div class=\"container normal form\">\n\n        <div class=\"close\">\n          <span><\/span>\n          <span><\/span>\n          <span><\/span>\n        <\/div>\n\n        <div class=\"content\">\n          <div class=\"inner\">\n            <div class=\"close-spacer\"><\/div>\n            \n\n<h2 class=\"has-x-3-large-font-size wp-block-heading\">Demo aanvragen<\/h2>\n\n\n\n<p>Vul het formulier hieronder in, en een medewerker zal spoedig contact met u opnemen.<\/p>\n\n\n\n<div class=\"wpcf7 no-js\" id=\"wpcf7-f17-o1\" lang=\"en-US\" dir=\"ltr\" data-wpcf7-id=\"17\">\n<div class=\"screen-reader-response\"><p role=\"status\" aria-live=\"polite\" aria-atomic=\"true\"><\/p> <ul><\/ul><\/div>\n<form action=\"\/nl\/wp-json\/wp\/v2\/pages\/47#wpcf7-f17-o1\" method=\"post\" class=\"wpcf7-form init\" aria-label=\"Contact form\" novalidate=\"novalidate\" data-status=\"init\">\n<fieldset class=\"hidden-fields-container\"><input type=\"hidden\" name=\"_wpcf7\" value=\"17\" \/><input type=\"hidden\" name=\"_wpcf7_version\" value=\"6.1.5\" \/><input type=\"hidden\" name=\"_wpcf7_locale\" value=\"en_US\" \/><input type=\"hidden\" name=\"_wpcf7_unit_tag\" value=\"wpcf7-f17-o1\" \/><input type=\"hidden\" name=\"_wpcf7_container_post\" value=\"0\" \/><input type=\"hidden\" name=\"_wpcf7_posted_data_hash\" value=\"\" \/>\n<\/fieldset>\n<label class=\"label-transform\">\n<span class=\"wpcf7-form-control-wrap\" data-name=\"name-sender\"><input size=\"40\" maxlength=\"400\" class=\"wpcf7-form-control wpcf7-text wpcf7-validates-as-required\" aria-required=\"true\" aria-invalid=\"false\" value=\"\" type=\"text\" name=\"name-sender\" \/><\/span>\n<span class=\"placeholder\">Uw naam<\/span>\n<\/label>\n\n<label class=\"label-transform\">\n<span class=\"wpcf7-form-control-wrap\" data-name=\"company-sender\"><input size=\"40\" maxlength=\"400\" class=\"wpcf7-form-control wpcf7-text\" aria-invalid=\"false\" value=\"\" type=\"text\" name=\"company-sender\" \/><\/span>\n<span class=\"placeholder\">Bedrijf<\/span>\n<\/label>\n\n<label class=\"label-transform\">\n<span class=\"wpcf7-form-control-wrap\" data-name=\"mail-sender\"><input size=\"40\" maxlength=\"400\" class=\"wpcf7-form-control wpcf7-email wpcf7-validates-as-required wpcf7-text wpcf7-validates-as-email\" aria-required=\"true\" aria-invalid=\"false\" value=\"\" type=\"email\" name=\"mail-sender\" \/><\/span>\n<span class=\"placeholder\">Uw email<\/span>\n<\/label>\n\n\n<label class=\"label-transform\">\n<span class=\"wpcf7-form-control-wrap\" data-name=\"phone-sender\"><input size=\"40\" maxlength=\"400\" class=\"wpcf7-form-control wpcf7-tel wpcf7-text wpcf7-validates-as-tel\" aria-invalid=\"false\" value=\"\" type=\"tel\" name=\"phone-sender\" \/><\/span>\n<span class=\"placeholder\">Telefoonnummer<\/span>\n<\/label>\n\n<label class=\"label-transform autosize\">\n<span class=\"wpcf7-form-control-wrap\" data-name=\"message\"><textarea cols=\"40\" rows=\"10\" maxlength=\"2000\" class=\"wpcf7-form-control wpcf7-textarea wpcf7-validates-as-required\" aria-required=\"true\" aria-invalid=\"false\" name=\"message\"><\/textarea><\/span>\n<span class=\"placeholder\">Ik ben ge\u00efnteresseerd in...<\/span>\n<\/label>\n\n\n<span class=\"wpcf7-form-control-wrap\" data-name=\"hcap-cf7\">\t\t<input\n\t\t\t\ttype=\"hidden\"\n\t\t\t\tclass=\"hcaptcha-widget-id\"\n\t\t\t\tname=\"hcaptcha-widget-id\"\n\t\t\t\tvalue=\"eyJzb3VyY2UiOlsiY29udGFjdC1mb3JtLTdcL3dwLWNvbnRhY3QtZm9ybS03LnBocCJdLCJmb3JtX2lkIjoxN30=-648e685ef34e059d96caeb7ca17fd312\">\n\t\t\t\t<span id=\"hcap_cf7-69f53a0497a120.77001844\" class=\"wpcf7-form-control h-captcha \"\n\t\t\tdata-sitekey=\"10000000-ffff-ffff-ffff-000000000001\"\n\t\t\tdata-theme=\"light\"\n\t\t\tdata-size=\"normal\"\n\t\t\tdata-auto=\"false\"\n\t\t\tdata-ajax=\"false\"\n\t\t\tdata-force=\"false\">\n\t\t<\/span>\n\t\t<input type=\"hidden\" id=\"_wpnonce\" name=\"_wpnonce\" value=\"ce008380b1\" \/><input type=\"hidden\" name=\"_wp_http_referer\" value=\"\/nl\/wp-json\/wp\/v2\/pages\/47\" \/><\/span><input class=\"wpcf7-form-control wpcf7-submit has-spinner\" type=\"submit\" value=\"Verstuur\" \/><div class=\"wpcf7-response-output\" aria-hidden=\"true\"><\/div>\n<\/form>\n<\/div>\n\n\n\n          <\/div>\n        <\/div>\n\n      <\/div>\n\n      <div class=\"overlay\"><\/div>\n\n    <\/div>\n\n  <\/div>\n\n\n\n\n<div class=\"wp-block-buttons is-content-justification-center is-layout-flex wp-container-core-buttons-is-layout-16018d1d wp-block-buttons-is-layout-flex\">\n<div class=\"wp-block-button modal-trigger mdl-request-a-demo\"><a class=\"wp-block-button__link has-brightfish-orange-70-background-color has-background\">Vraag een demo aan<\/a><\/div>\n<\/div>\n\n\n\n<div class=\"acf-block-spacer\">\n  <div class=\"spacer has-height-60\"><\/div>\n<\/div>\n","protected":false},"excerpt":{"rendered":"<p>Hoe kan ik pati\u00ebnten betrekken bij het verzamelen van pati\u00ebnt gerapporteerde data (PROMs. PREMs, NPS), of andere medische kwaliteitsdata? Betrek pati\u00ebnten op afstand met&#8230;<\/p>\n","protected":false},"author":1,"featured_media":0,"parent":20,"menu_order":0,"comment_status":"closed","ping_status":"closed","template":"","meta":{"_acf_changed":false,"footnotes":""},"class_list":["post-47","page","type-page","status-publish","hentry"],"acf":[],"yoast_head":"<!-- This site is optimized with the Yoast SEO plugin v27.5 - https:\/\/yoast.com\/product\/yoast-seo-wordpress\/ -->\n<title>PROMs - Brightfish<\/title>\n<meta name=\"robots\" content=\"index, follow, max-snippet:-1, max-image-preview:large, max-video-preview:-1\" \/>\n<link rel=\"canonical\" href=\"https:\/\/brightfish.com\/nl\/oplossingen\/proms\/\" \/>\n<meta property=\"og:locale\" content=\"nl_NL\" \/>\n<meta property=\"og:type\" content=\"article\" \/>\n<meta property=\"og:title\" content=\"PROMs - Brightfish\" \/>\n<meta property=\"og:description\" content=\"Hoe kan ik pati\u00ebnten betrekken bij het verzamelen van pati\u00ebnt gerapporteerde data (PROMs. PREMs, NPS), of andere medische kwaliteitsdata? Betrek pati\u00ebnten op afstand met...\" \/>\n<meta property=\"og:url\" content=\"https:\/\/brightfish.com\/nl\/oplossingen\/proms\/\" \/>\n<meta property=\"og:site_name\" content=\"BRIGHTFISH\" \/>\n<meta property=\"article:modified_time\" content=\"2022-04-07T12:47:10+00:00\" \/>\n<meta property=\"og:image\" content=\"https:\/\/brightfish.com\/nl\/wp-content\/uploads\/sites\/6\/2022\/03\/waiting-room-ipad-1.jpg\" \/>\n<meta name=\"twitter:card\" content=\"summary_large_image\" \/>\n<meta name=\"twitter:label1\" content=\"Est. reading time\" \/>\n\t<meta name=\"twitter:data1\" content=\"2 minutes\" \/>\n<script type=\"application\/ld+json\" class=\"yoast-schema-graph\">{\"@context\":\"https:\\\/\\\/schema.org\",\"@graph\":[{\"@type\":\"WebPage\",\"@id\":\"https:\\\/\\\/brightfish.com\\\/nl\\\/oplossingen\\\/proms\\\/\",\"url\":\"https:\\\/\\\/brightfish.com\\\/nl\\\/oplossingen\\\/proms\\\/\",\"name\":\"BRIGHTFISH\",\"isPartOf\":{\"@id\":\"https:\\\/\\\/brightfish.com\\\/nl\\\/#website\"},\"primaryImageOfPage\":{\"@id\":\"https:\\\/\\\/brightfish.com\\\/nl\\\/oplossingen\\\/proms\\\/#primaryimage\"},\"image\":{\"@id\":\"https:\\\/\\\/brightfish.com\\\/nl\\\/oplossingen\\\/proms\\\/#primaryimage\"},\"thumbnailUrl\":\"https:\\\/\\\/brightfish.com\\\/nl\\\/wp-content\\\/uploads\\\/sites\\\/6\\\/2022\\\/03\\\/waiting-room-ipad-1.jpg\",\"datePublished\":\"2022-02-28T14:28:00+00:00\",\"dateModified\":\"2022-04-07T12:47:10+00:00\",\"breadcrumb\":{\"@id\":\"https:\\\/\\\/brightfish.com\\\/nl\\\/oplossingen\\\/proms\\\/#breadcrumb\"},\"inLanguage\":\"en-US\",\"potentialAction\":[{\"@type\":\"ReadAction\",\"target\":[\"https:\\\/\\\/brightfish.com\\\/nl\\\/oplossingen\\\/proms\\\/\"]}]},{\"@type\":\"ImageObject\",\"inLanguage\":\"en-US\",\"@id\":\"https:\\\/\\\/brightfish.com\\\/nl\\\/oplossingen\\\/proms\\\/#primaryimage\",\"url\":\"https:\\\/\\\/brightfish.com\\\/nl\\\/wp-content\\\/uploads\\\/sites\\\/6\\\/2022\\\/03\\\/waiting-room-ipad-1.jpg\",\"contentUrl\":\"https:\\\/\\\/brightfish.com\\\/nl\\\/wp-content\\\/uploads\\\/sites\\\/6\\\/2022\\\/03\\\/waiting-room-ipad-1.jpg\",\"width\":1405,\"height\":1090},{\"@type\":\"BreadcrumbList\",\"@id\":\"https:\\\/\\\/brightfish.com\\\/nl\\\/oplossingen\\\/proms\\\/#breadcrumb\",\"itemListElement\":[{\"@type\":\"ListItem\",\"position\":1,\"name\":\"Home\",\"item\":\"https:\\\/\\\/brightfish.com\\\/nl\\\/\"},{\"@type\":\"ListItem\",\"position\":2,\"name\":\"Oplossingen\",\"item\":\"https:\\\/\\\/brightfish.com\\\/nl\\\/oplossingen\\\/\"},{\"@type\":\"ListItem\",\"position\":3,\"name\":\"PROMs\"}]},{\"@type\":\"WebSite\",\"@id\":\"https:\\\/\\\/brightfish.com\\\/nl\\\/#website\",\"url\":\"https:\\\/\\\/brightfish.com\\\/nl\\\/\",\"name\":\"BRIGHTFISH\",\"description\":\"Bright technology\",\"potentialAction\":[{\"@type\":\"SearchAction\",\"target\":{\"@type\":\"EntryPoint\",\"urlTemplate\":\"https:\\\/\\\/brightfish.com\\\/nl\\\/?s={search_term_string}\"},\"query-input\":{\"@type\":\"PropertyValueSpecification\",\"valueRequired\":true,\"valueName\":\"search_term_string\"}}],\"inLanguage\":\"en-US\"}]}<\/script>\n<!-- \/ Yoast SEO plugin. -->","yoast_head_json":{"title":"PROMs - Brightfish","robots":{"index":"index","follow":"follow","max-snippet":"max-snippet:-1","max-image-preview":"max-image-preview:large","max-video-preview":"max-video-preview:-1"},"canonical":"https:\/\/brightfish.com\/nl\/oplossingen\/proms\/","og_locale":"nl_NL","og_type":"article","og_title":"PROMs - Brightfish","og_description":"Hoe kan ik pati\u00ebnten betrekken bij het verzamelen van pati\u00ebnt gerapporteerde data (PROMs. PREMs, NPS), of andere medische kwaliteitsdata? Betrek pati\u00ebnten op afstand met...","og_url":"https:\/\/brightfish.com\/nl\/oplossingen\/proms\/","og_site_name":"BRIGHTFISH","article_modified_time":"2022-04-07T12:47:10+00:00","og_image":[{"url":"https:\/\/brightfish.com\/nl\/wp-content\/uploads\/sites\/6\/2022\/03\/waiting-room-ipad-1.jpg","type":"","width":"","height":""}],"twitter_card":"summary_large_image","twitter_misc":{"Est. reading time":"2 minutes"},"schema":{"@context":"https:\/\/schema.org","@graph":[{"@type":"WebPage","@id":"https:\/\/brightfish.com\/nl\/oplossingen\/proms\/","url":"https:\/\/brightfish.com\/nl\/oplossingen\/proms\/","name":"BRIGHTFISH","isPartOf":{"@id":"https:\/\/brightfish.com\/nl\/#website"},"primaryImageOfPage":{"@id":"https:\/\/brightfish.com\/nl\/oplossingen\/proms\/#primaryimage"},"image":{"@id":"https:\/\/brightfish.com\/nl\/oplossingen\/proms\/#primaryimage"},"thumbnailUrl":"https:\/\/brightfish.com\/nl\/wp-content\/uploads\/sites\/6\/2022\/03\/waiting-room-ipad-1.jpg","datePublished":"2022-02-28T14:28:00+00:00","dateModified":"2022-04-07T12:47:10+00:00","breadcrumb":{"@id":"https:\/\/brightfish.com\/nl\/oplossingen\/proms\/#breadcrumb"},"inLanguage":"en-US","potentialAction":[{"@type":"ReadAction","target":["https:\/\/brightfish.com\/nl\/oplossingen\/proms\/"]}]},{"@type":"ImageObject","inLanguage":"en-US","@id":"https:\/\/brightfish.com\/nl\/oplossingen\/proms\/#primaryimage","url":"https:\/\/brightfish.com\/nl\/wp-content\/uploads\/sites\/6\/2022\/03\/waiting-room-ipad-1.jpg","contentUrl":"https:\/\/brightfish.com\/nl\/wp-content\/uploads\/sites\/6\/2022\/03\/waiting-room-ipad-1.jpg","width":1405,"height":1090},{"@type":"BreadcrumbList","@id":"https:\/\/brightfish.com\/nl\/oplossingen\/proms\/#breadcrumb","itemListElement":[{"@type":"ListItem","position":1,"name":"Home","item":"https:\/\/brightfish.com\/nl\/"},{"@type":"ListItem","position":2,"name":"Oplossingen","item":"https:\/\/brightfish.com\/nl\/oplossingen\/"},{"@type":"ListItem","position":3,"name":"PROMs"}]},{"@type":"WebSite","@id":"https:\/\/brightfish.com\/nl\/#website","url":"https:\/\/brightfish.com\/nl\/","name":"BRIGHTFISH","description":"Bright technology","potentialAction":[{"@type":"SearchAction","target":{"@type":"EntryPoint","urlTemplate":"https:\/\/brightfish.com\/nl\/?s={search_term_string}"},"query-input":{"@type":"PropertyValueSpecification","valueRequired":true,"valueName":"search_term_string"}}],"inLanguage":"en-US"}]}},"_links":{"self":[{"href":"https:\/\/brightfish.com\/nl\/wp-json\/wp\/v2\/pages\/47","targetHints":{"allow":["GET"]}}],"collection":[{"href":"https:\/\/brightfish.com\/nl\/wp-json\/wp\/v2\/pages"}],"about":[{"href":"https:\/\/brightfish.com\/nl\/wp-json\/wp\/v2\/types\/page"}],"author":[{"embeddable":true,"href":"https:\/\/brightfish.com\/nl\/wp-json\/wp\/v2\/users\/1"}],"replies":[{"embeddable":true,"href":"https:\/\/brightfish.com\/nl\/wp-json\/wp\/v2\/comments?post=47"}],"version-history":[{"count":63,"href":"https:\/\/brightfish.com\/nl\/wp-json\/wp\/v2\/pages\/47\/revisions"}],"predecessor-version":[{"id":1389,"href":"https:\/\/brightfish.com\/nl\/wp-json\/wp\/v2\/pages\/47\/revisions\/1389"}],"up":[{"embeddable":true,"href":"https:\/\/brightfish.com\/nl\/wp-json\/wp\/v2\/pages\/20"}],"wp:attachment":[{"href":"https:\/\/brightfish.com\/nl\/wp-json\/wp\/v2\/media?parent=47"}],"curies":[{"name":"wp","href":"https:\/\/api.w.org\/{rel}","templated":true}]}}