{"id":1646,"date":"2025-01-16T15:26:23","date_gmt":"2025-01-16T14:26:23","guid":{"rendered":"https:\/\/brightfish.com\/nl\/?page_id=1646"},"modified":"2026-03-12T09:45:28","modified_gmt":"2026-03-12T08:45:28","slug":"rebranding-nl","status":"publish","type":"page","link":"https:\/\/brightfish.com\/nl\/","title":{"rendered":"Rebranding"},"content":{"rendered":"\n<div class=\"brightfish-arrows\">\n  <div class=\"arrows logex-dots center\" style=\"transform: translate(-100px, 420px)\">\n      <svg class= \"arrow\" width=\"56\" height=\"56\" viewBox=\"0 0 36 36\" fill=\"none\" xmlns=\"http:\/\/www.w3.org\/2000\/svg\"><circle cx=\"18\" cy=\"18\" r=\"18\" fill=\"#033BFC\"\/><\/svg>\n    <svg class= \"arrow\" width=\"56\" height=\"56\" viewBox=\"0 0 36 36\" fill=\"none\" xmlns=\"http:\/\/www.w3.org\/2000\/svg\"><circle cx=\"18\" cy=\"18\" r=\"18\" fill=\"#033BFC\"\/><\/svg>\n    <\/div>\n<\/div>\n\n\n\n<div class=\"acf-block-spacer\">\n  <div class=\"spacer has-height-84\"><\/div>\n<\/div>\n\n\n\n<div class=\"wp-block-columns alignwide are-vertically-aligned-center mobile-reverse-order is-style-large-gap is-layout-flex wp-container-core-columns-is-layout-9d6595d7 wp-block-columns-is-layout-flex\">\n<div class=\"wp-block-column is-vertically-aligned-center is-layout-flow wp-block-column-is-layout-flow\" style=\"padding-top:0px;padding-right:0px;padding-bottom:0px;padding-left:0px\">\n<h1 class=\"wp-block-heading\" style=\"font-size:56px\"><strong>We hebben onze naam veranderd<\/strong>.\u200b<\/h1>\n\n\n\n<div class=\"acf-block-spacer\">\n  <div class=\"spacer has-height-36\"><\/div>\n<\/div>\n\n\n\n<div class=\"wp-block-columns is-layout-flex wp-container-core-columns-is-layout-9d6595d7 wp-block-columns-is-layout-flex\">\n<div class=\"wp-block-column is-layout-flow wp-block-column-is-layout-flow\" style=\"flex-basis:66.66%\">\n<p>Brightfish heet nu LOGEX Patient Engagement.\u200b<\/p>\n\n\n\n<p>Onze toewijding om de digitale pati\u00ebntreis te optimaliseren op elk contactmoment tussen pati\u00ebnt en zorgverlener blijft onveranderd.\u200b<\/p>\n\n\n\n<p>Wat blijft, is onze inzet om de digitale pati\u00ebntreis op elk contactmoment tussen pati\u00ebnt en zorgverlener te optimaliseren.<\/p>\n\n\n\n<div class=\"wp-block-buttons is-layout-flex wp-block-buttons-is-layout-flex\">\n<div class=\"wp-block-button\"><a class=\"wp-block-button__link has-background wp-element-button\" href=\"https:\/\/www.logex.com\/nl-nl\/logex-solution-patient-engagement\" style=\"border-top-left-radius:100px;border-top-right-radius:100px;border-bottom-left-radius:100px;border-bottom-right-radius:100px;background-color:#033bfc\">Over LOGEX Patient Engagement\u200b<\/a><\/div>\n<\/div>\n<\/div>\n\n\n\n<div class=\"wp-block-column is-layout-flow wp-block-column-is-layout-flow\" style=\"flex-basis:33.33%\"><\/div>\n<\/div>\n<\/div>\n\n\n\n<div class=\"wp-block-column is-vertically-aligned-center is-layout-flow wp-block-column-is-layout-flow\" style=\"flex-basis:50%\">\n<figure class=\"wp-block-image size-full is-style-curved\"><img loading=\"lazy\" decoding=\"async\" width=\"1217\" height=\"810\" src=\"https:\/\/brightfish.com\/nl\/wp-content\/uploads\/sites\/6\/2026\/03\/Frame-59-1.png\" alt=\"\" class=\"wp-image-1666\" srcset=\"https:\/\/brightfish.com\/nl\/wp-content\/uploads\/sites\/6\/2026\/03\/Frame-59-1.png 1217w, https:\/\/brightfish.com\/nl\/wp-content\/uploads\/sites\/6\/2026\/03\/Frame-59-1-600x399.png 600w, https:\/\/brightfish.com\/nl\/wp-content\/uploads\/sites\/6\/2026\/03\/Frame-59-1-768x511.png 768w\" sizes=\"auto, (max-width: 1217px) 100vw, 1217px\" \/><\/figure>\n<\/div>\n<\/div>\n\n\n\n<div class=\"acf-block-spacer\">\n  <div class=\"spacer has-height-60\"><\/div>\n<\/div>\n\n\n\n<div class=\"wp-block-columns is-layout-flex wp-container-core-columns-is-layout-9d6595d7 wp-block-columns-is-layout-flex\">\n<div class=\"wp-block-column has-rounded-corners-6 has-background is-layout-flow wp-block-column-is-layout-flow\" style=\"background-color:#f2f0e5;padding-top:30px;padding-right:30px;padding-bottom:30px;padding-left:30px\">\n<h2 class=\"wp-block-heading\"><strong>Wat betekent deze verandering?<\/strong><\/h2>\n\n\n\n<p>Behalve onze naam? Niets. <\/p>\n\n\n\n<p>Net als Brightfish zal de vertrouwde naam Beagleboxx verdwijnen en ge\u00efntegreerd worden in het LOGEX Patient Engagement portfolio.<\/p>\n\n\n\n<p><\/p>\n\n\n\n<div class=\"wp-block-buttons is-style-condensed is-content-justification-center is-layout-flex wp-container-core-buttons-is-layout-16018d1d wp-block-buttons-is-layout-flex\">\n<div class=\"wp-block-button has-custom-width wp-block-button__width-75\"><a class=\"wp-block-button__link has-background has-small-font-size has-text-align-center has-custom-font-size wp-element-button\" href=\"https:\/\/www.logex.com\/nl-nl\/logex-solution-patient-engagement\" style=\"border-top-left-radius:100px;border-top-right-radius:100px;border-bottom-left-radius:100px;border-bottom-right-radius:100px;background-color:#033bfc\">Over LOGEX <kbd>arrow_forward<\/kbd><\/a><\/div>\n<\/div>\n<\/div>\n\n\n\n<div class=\"wp-block-column has-rounded-corners-6 has-background is-layout-flow wp-block-column-is-layout-flow\" style=\"background-color:#f2f0e5;padding-top:30px;padding-right:30px;padding-bottom:30px;padding-left:30px\">\n<h2 class=\"wp-block-heading\"><strong>Heeft dit invloed op de dienstverlening?<\/strong><\/h2>\n\n\n\n<p>Er zal geen verandering of onderbreking zijn in de manier waarop we ons platform onderhouden, beveiligen en onderhouden.<\/p>\n\n\n\n<p>Nieuwsgierig naar deze verandering? Gebruik onderstaande knop voor het stellen van een vraag of het maken van een afspraak.<\/p>\n\n\n\n<div class=\"wp-block-buttons is-style-condensed is-content-justification-center is-layout-flex wp-container-core-buttons-is-layout-16018d1d wp-block-buttons-is-layout-flex\">\n<div class=\"wp-block-button has-custom-width wp-block-button__width-75\"><a class=\"wp-block-button__link has-background has-small-font-size has-text-align-center has-custom-font-size wp-element-button\" href=\"https:\/\/www.logex.com\/nl-nl\/logex-diensten-en-ondersteuning\" style=\"border-top-left-radius:100px;border-top-right-radius:100px;border-bottom-left-radius:100px;border-bottom-right-radius:100px;background-color:#033bfc\">Stel een vraag\u200b <kbd>arrow_forward<\/kbd><\/a><\/div>\n<\/div>\n<\/div>\n\n\n\n<div class=\"wp-block-column has-rounded-corners-6 has-background is-layout-flow wp-block-column-is-layout-flow\" style=\"background-color:#f2f0e5;padding-top:30px;padding-right:30px;padding-bottom:30px;padding-left:30px\">\n<h2 class=\"wp-block-heading\"><strong>Waarom deze naamsverandering?<\/strong><\/h2>\n\n\n\n<p>Door digitale zorgpaden te combineren met financi\u00eble inzichten kunnen we zorgorganisaties beter ondersteunen bij hun stap naar waardegedreven zorg. Onder \u00e9\u00e9n merk, met \u00e9\u00e9n team en binnen \u00e9\u00e9n Healthcare Intelligence Suite bouwen we samen aan die toekomst.<\/p>\n\n\n\n<p><\/p>\n<\/div>\n<\/div>\n\n\n\n<div class=\"wp-block-columns is-layout-flex wp-container-core-columns-is-layout-9d6595d7 wp-block-columns-is-layout-flex\">\n<div class=\"wp-block-column has-rounded-corners-6 has-background is-layout-flow wp-block-column-is-layout-flow\" style=\"background-color:#f2f0e5;padding-top:30px;padding-right:30px;padding-bottom:30px;padding-left:30px\">\n<h2 class=\"wp-block-heading\"><strong>Hoe zit het met onze verwerkersovereenkomst en de scheiding van data?<\/strong><\/h2>\n\n\n\n<p>De Verwerkingsrelatie verandert niet, evenmin als de juridische entiteit waarmee u een contract heeft.<\/p>\n\n\n\n<p>De teams die met uw gegevens werken, blijven hetzelfde. Ook het beleid voor gegevenstoegang blijft ongewijzigd. We leveren onze services nog steeds alleen in single-tenant (gegevens van \u00e9\u00e9n klant) omgevingen.<\/p>\n\n\n\n<p>Als u vragen heeft, kan de algemene DPO van LOGEX PE (voorheen Brightfish) worden bereikt op <a href=\"mailto:dpo@brightfish.com\">dpo@brightfish.com.<\/a><\/p>\n<\/div>\n\n\n\n<div class=\"wp-block-column has-rounded-corners-6 has-background is-layout-flow wp-block-column-is-layout-flow\" style=\"background-color:#f2f0e5;padding-top:30px;padding-right:30px;padding-bottom:30px;padding-left:30px\">\n<h2 class=\"wp-block-heading\"><strong>Hoe zit het met onze service- en licentieovereenkomsten?<\/strong><\/h2>\n\n\n\n<p>De juridische entiteit waarmee u een contract heeft verandert niet, dit is alleen een verandering van handelsnaam.<\/p>\n\n\n\n<p>Services en licenties zoals gecontracteerd blijven gewoon geldig. Als u specifieke vragen heeft over uw situatie, neem dan contact op met de bekende contactpersonen van ons bedrijf.<\/p>\n<\/div>\n\n\n\n<div class=\"wp-block-column has-rounded-corners-6 has-background is-layout-flow wp-block-column-is-layout-flow\" style=\"background-color:#f2f0e5;padding-top:30px;padding-right:30px;padding-bottom:30px;padding-left:30px\">\n<h2 class=\"wp-block-heading\"><strong>Waarom nu? Is er iets veranderd binnen jullie organisatie?<\/strong><\/h2>\n\n\n\n<p>Brightfish maakt al lange tijd deel uit van dezelfde bedrijvenfamilie als LOGEX: sinds 2021 volledig, en daarvoor al vanaf 2016 als betrokken investeerder.\u200b<\/p>\n\n\n\n<p>Met de internationale ontwikkelingen \u00e9n de groeiende behoefte in de markt om uitkomstdata en kostendata beter te kunnen combineren, is dit het juiste moment om over te gaan naar \u00e9\u00e9n krachtig LOGEX\u2011merk. Zo kunnen we een samenhangende en sterke Healthcare Intelligence Suite leveren die nog meer waarde biedt aan onze klanten.<\/p>\n<\/div>\n<\/div>\n\n\n\n<div class=\"wp-block-columns is-layout-flex wp-container-core-columns-is-layout-9d6595d7 wp-block-columns-is-layout-flex\">\n<div class=\"wp-block-column is-layout-flow wp-block-column-is-layout-flow\"><\/div>\n\n\n\n<div class=\"wp-block-column is-layout-flow wp-block-column-is-layout-flow\"><\/div>\n\n\n\n<div class=\"wp-block-column is-layout-flow wp-block-column-is-layout-flow\"><\/div>\n<\/div>\n\n\n\n<div class=\"acf-block-spacer\">\n  <div class=\"spacer has-height-96\"><\/div>\n<\/div>\n\n\n\n<div class=\"wp-block-buttons is-layout-flex wp-block-buttons-is-layout-flex\"><\/div>\n\n\n\n  <div class=\"acf-block-modal\">\n\n    <div class=\"modal\" id=\"mdl-questions-about-the-rebranding\">\n\n      <div class=\"container normal form\">\n\n        <div class=\"close\">\n          <span><\/span>\n          <span><\/span>\n          <span><\/span>\n        <\/div>\n\n        <div class=\"content\">\n          <div class=\"inner\">\n            <div class=\"close-spacer\"><\/div>\n            \n\n<p>Vragen over de rebranding<\/p>\n\n\n\n<div class=\"wpcf7 no-js\" id=\"wpcf7-f1652-o1\" lang=\"en-US\" dir=\"ltr\" data-wpcf7-id=\"1652\">\n<div class=\"screen-reader-response\"><p role=\"status\" aria-live=\"polite\" aria-atomic=\"true\"><\/p> <ul><\/ul><\/div>\n<form action=\"\/nl\/wp-json\/wp\/v2\/pages\/1646#wpcf7-f1652-o1\" method=\"post\" class=\"wpcf7-form init\" aria-label=\"Contact form\" novalidate=\"novalidate\" data-status=\"init\">\n<fieldset class=\"hidden-fields-container\"><input type=\"hidden\" name=\"_wpcf7\" value=\"1652\" \/><input type=\"hidden\" name=\"_wpcf7_version\" value=\"6.1.2\" \/><input type=\"hidden\" name=\"_wpcf7_locale\" value=\"en_US\" \/><input type=\"hidden\" name=\"_wpcf7_unit_tag\" value=\"wpcf7-f1652-o1\" \/><input type=\"hidden\" name=\"_wpcf7_container_post\" value=\"0\" \/><input type=\"hidden\" name=\"_wpcf7_posted_data_hash\" value=\"\" \/>\n<\/fieldset>\n<label class=\"label-transform\"> \n\n<span class=\"wpcf7-form-control-wrap\" data-name=\"name-sender\"><input size=\"40\" maxlength=\"400\" class=\"wpcf7-form-control wpcf7-text wpcf7-validates-as-required\" aria-required=\"true\" aria-invalid=\"false\" value=\"\" type=\"text\" name=\"name-sender\" \/><\/span> \n\n<span class=\"placeholder\">Uw naam<\/span> \n\n<\/label> \n\n  \n\n<label class=\"label-transform\"> \n\n<span class=\"wpcf7-form-control-wrap\" data-name=\"company-sender\"><input size=\"40\" maxlength=\"400\" class=\"wpcf7-form-control wpcf7-text wpcf7-validates-as-required\" aria-required=\"true\" aria-invalid=\"false\" value=\"\" type=\"text\" name=\"company-sender\" \/><\/span> \n\n<span class=\"placeholder\">Bedrijfsnaam<\/span> \n\n<\/label> \n\n  \n\n<label class=\"label-transform\"> \n\n<span class=\"wpcf7-form-control-wrap\" data-name=\"mail-sender\"><input size=\"40\" maxlength=\"400\" class=\"wpcf7-form-control wpcf7-email wpcf7-validates-as-required wpcf7-text wpcf7-validates-as-email\" aria-required=\"true\" aria-invalid=\"false\" value=\"\" type=\"email\" name=\"mail-sender\" \/><\/span> \n\n<span class=\"placeholder\">Uw e-mailadres<\/span> \n\n<\/label> \n\n  \n\n  \n\n<label class=\"label-transform\"> \n\n<span class=\"wpcf7-form-control-wrap\" data-name=\"phone-sender\"><input size=\"40\" maxlength=\"400\" class=\"wpcf7-form-control wpcf7-tel wpcf7-validates-as-required wpcf7-text wpcf7-validates-as-tel\" aria-required=\"true\" aria-invalid=\"false\" value=\"\" type=\"tel\" name=\"phone-sender\" \/><\/span> \n\n<span class=\"placeholder\">Telefoonnummer<\/span> \n\n<\/label> \n\n  \n\n<label class=\"label-transform autosize\"> \n\n<span class=\"wpcf7-form-control-wrap\" data-name=\"message\"><textarea cols=\"40\" rows=\"10\" maxlength=\"2000\" class=\"wpcf7-form-control wpcf7-textarea wpcf7-validates-as-required\" aria-required=\"true\" aria-invalid=\"false\" name=\"message\"><\/textarea><\/span> \n\n<span class=\"placeholder\">Beschrijf kort je vraag...<\/span> \n\n<\/label> \n\n  \n\n  \n\n<span class=\"wpcf7-form-control-wrap\" data-name=\"hcap-cf7\">\t\t<input\n\t\t\t\ttype=\"hidden\"\n\t\t\t\tclass=\"hcaptcha-widget-id\"\n\t\t\t\tname=\"hcaptcha-widget-id\"\n\t\t\t\tvalue=\"eyJzb3VyY2UiOlsiY29udGFjdC1mb3JtLTdcL3dwLWNvbnRhY3QtZm9ybS03LnBocCJdLCJmb3JtX2lkIjo4MH0=-654028a6d22e030669cb56f304bdff65\">\n\t\t\t\t<span id=\"hcap_cf7-69df97a168b320.84743870\" class=\"wpcf7-form-control h-captcha \"\n\t\t\tdata-sitekey=\"10000000-ffff-ffff-ffff-000000000001\"\n\t\t\tdata-theme=\"light\"\n\t\t\tdata-size=\"normal\"\n\t\t\tdata-auto=\"false\"\n\t\t\tdata-ajax=\"false\"\n\t\t\tdata-force=\"false\">\n\t\t<\/span>\n\t\t<input type=\"hidden\" id=\"_wpnonce\" name=\"_wpnonce\" value=\"2fa852b69e\" \/><input type=\"hidden\" name=\"_wp_http_referer\" value=\"\/nl\/wp-json\/wp\/v2\/pages\/1646\" \/><\/span><input class=\"wpcf7-form-control wpcf7-submit has-spinner\" type=\"submit\" value=\"Send\" \/><div class=\"wpcf7-response-output\" aria-hidden=\"true\"><\/div>\n<\/form>\n<\/div>\n\n\n\n          <\/div>\n        <\/div>\n\n      <\/div>\n\n      <div class=\"overlay\"><\/div>\n\n    <\/div>\n\n  <\/div>\n\n\n\n\n<p><\/p>\n","protected":false},"excerpt":{"rendered":"<p>We hebben onze naam veranderd.\u200b Brightfish heet nu LOGEX Patient Engagement.\u200b Onze toewijding om de digitale pati\u00ebntreis te optimaliseren op elk contactmoment tussen pati\u00ebnt&#8230;<\/p>\n","protected":false},"author":5,"featured_media":0,"parent":0,"menu_order":0,"comment_status":"closed","ping_status":"closed","template":"","meta":{"_acf_changed":false,"footnotes":""},"class_list":["post-1646","page","type-page","status-publish","hentry"],"acf":[],"yoast_head":"<!-- This site is optimized with the Yoast SEO plugin v27.4 - https:\/\/yoast.com\/product\/yoast-seo-wordpress\/ -->\n<title>Rebranding - Brightfish<\/title>\n<meta name=\"robots\" content=\"index, follow, max-snippet:-1, max-image-preview:large, max-video-preview:-1\" \/>\n<link rel=\"canonical\" href=\"https:\/\/brightfish.com\/nl\/\" \/>\n<meta property=\"og:locale\" content=\"nl_NL\" \/>\n<meta property=\"og:type\" content=\"article\" \/>\n<meta property=\"og:title\" content=\"Rebranding - Brightfish\" \/>\n<meta property=\"og:description\" content=\"We hebben onze naam veranderd.\u200b Brightfish heet nu LOGEX Patient Engagement.\u200b Onze toewijding om de digitale pati\u00ebntreis te optimaliseren op elk contactmoment tussen pati\u00ebnt...\" \/>\n<meta property=\"og:url\" content=\"https:\/\/brightfish.com\/nl\/\" \/>\n<meta property=\"og:site_name\" content=\"BRIGHTFISH\" \/>\n<meta property=\"article:modified_time\" content=\"2026-03-12T08:45:28+00:00\" \/>\n<meta property=\"og:image\" content=\"https:\/\/brightfish.com\/nl\/wp-content\/uploads\/sites\/6\/2026\/03\/Frame-59-1.png\" \/>\n\t<meta property=\"og:image:width\" content=\"1217\" \/>\n\t<meta property=\"og:image:height\" content=\"810\" \/>\n\t<meta property=\"og:image:type\" content=\"image\/png\" \/>\n<meta name=\"twitter:card\" content=\"summary_large_image\" \/>\n<meta name=\"twitter:label1\" content=\"Est. reading time\" \/>\n\t<meta name=\"twitter:data1\" content=\"2 minutes\" \/>\n<script type=\"application\/ld+json\" class=\"yoast-schema-graph\">{\"@context\":\"https:\\\/\\\/schema.org\",\"@graph\":[{\"@type\":\"WebPage\",\"@id\":\"https:\\\/\\\/brightfish.com\\\/nl\\\/\",\"url\":\"https:\\\/\\\/brightfish.com\\\/nl\\\/\",\"name\":\"BRIGHTFISH\",\"isPartOf\":{\"@id\":\"https:\\\/\\\/brightfish.com\\\/nl\\\/#website\"},\"primaryImageOfPage\":{\"@id\":\"https:\\\/\\\/brightfish.com\\\/nl\\\/#primaryimage\"},\"image\":{\"@id\":\"https:\\\/\\\/brightfish.com\\\/nl\\\/#primaryimage\"},\"thumbnailUrl\":\"https:\\\/\\\/brightfish.com\\\/nl\\\/wp-content\\\/uploads\\\/sites\\\/6\\\/2026\\\/03\\\/Frame-59-1.png\",\"datePublished\":\"2025-01-16T14:26:23+00:00\",\"dateModified\":\"2026-03-12T08:45:28+00:00\",\"breadcrumb\":{\"@id\":\"https:\\\/\\\/brightfish.com\\\/nl\\\/#breadcrumb\"},\"inLanguage\":\"en-US\",\"potentialAction\":[{\"@type\":\"ReadAction\",\"target\":[\"https:\\\/\\\/brightfish.com\\\/nl\\\/\"]}]},{\"@type\":\"ImageObject\",\"inLanguage\":\"en-US\",\"@id\":\"https:\\\/\\\/brightfish.com\\\/nl\\\/#primaryimage\",\"url\":\"https:\\\/\\\/brightfish.com\\\/nl\\\/wp-content\\\/uploads\\\/sites\\\/6\\\/2026\\\/03\\\/Frame-59-1.png\",\"contentUrl\":\"https:\\\/\\\/brightfish.com\\\/nl\\\/wp-content\\\/uploads\\\/sites\\\/6\\\/2026\\\/03\\\/Frame-59-1.png\",\"width\":1217,\"height\":810},{\"@type\":\"BreadcrumbList\",\"@id\":\"https:\\\/\\\/brightfish.com\\\/nl\\\/#breadcrumb\",\"itemListElement\":[{\"@type\":\"ListItem\",\"position\":1,\"name\":\"Home\",\"item\":\"https:\\\/\\\/brightfish.com\\\/nl\\\/\"},{\"@type\":\"ListItem\",\"position\":2,\"name\":\"Rebranding\"}]},{\"@type\":\"WebSite\",\"@id\":\"https:\\\/\\\/brightfish.com\\\/nl\\\/#website\",\"url\":\"https:\\\/\\\/brightfish.com\\\/nl\\\/\",\"name\":\"BRIGHTFISH\",\"description\":\"Bright technology\",\"potentialAction\":[{\"@type\":\"SearchAction\",\"target\":{\"@type\":\"EntryPoint\",\"urlTemplate\":\"https:\\\/\\\/brightfish.com\\\/nl\\\/?s={search_term_string}\"},\"query-input\":{\"@type\":\"PropertyValueSpecification\",\"valueRequired\":true,\"valueName\":\"search_term_string\"}}],\"inLanguage\":\"en-US\"}]}<\/script>\n<!-- \/ Yoast SEO plugin. -->","yoast_head_json":{"title":"Rebranding - Brightfish","robots":{"index":"index","follow":"follow","max-snippet":"max-snippet:-1","max-image-preview":"max-image-preview:large","max-video-preview":"max-video-preview:-1"},"canonical":"https:\/\/brightfish.com\/nl\/","og_locale":"nl_NL","og_type":"article","og_title":"Rebranding - Brightfish","og_description":"We hebben onze naam veranderd.\u200b Brightfish heet nu LOGEX Patient Engagement.\u200b Onze toewijding om de digitale pati\u00ebntreis te optimaliseren op elk contactmoment tussen pati\u00ebnt...","og_url":"https:\/\/brightfish.com\/nl\/","og_site_name":"BRIGHTFISH","article_modified_time":"2026-03-12T08:45:28+00:00","og_image":[{"width":1217,"height":810,"url":"https:\/\/brightfish.com\/nl\/wp-content\/uploads\/sites\/6\/2026\/03\/Frame-59-1.png","type":"image\/png"}],"twitter_card":"summary_large_image","twitter_misc":{"Est. reading time":"2 minutes"},"schema":{"@context":"https:\/\/schema.org","@graph":[{"@type":"WebPage","@id":"https:\/\/brightfish.com\/nl\/","url":"https:\/\/brightfish.com\/nl\/","name":"BRIGHTFISH","isPartOf":{"@id":"https:\/\/brightfish.com\/nl\/#website"},"primaryImageOfPage":{"@id":"https:\/\/brightfish.com\/nl\/#primaryimage"},"image":{"@id":"https:\/\/brightfish.com\/nl\/#primaryimage"},"thumbnailUrl":"https:\/\/brightfish.com\/nl\/wp-content\/uploads\/sites\/6\/2026\/03\/Frame-59-1.png","datePublished":"2025-01-16T14:26:23+00:00","dateModified":"2026-03-12T08:45:28+00:00","breadcrumb":{"@id":"https:\/\/brightfish.com\/nl\/#breadcrumb"},"inLanguage":"en-US","potentialAction":[{"@type":"ReadAction","target":["https:\/\/brightfish.com\/nl\/"]}]},{"@type":"ImageObject","inLanguage":"en-US","@id":"https:\/\/brightfish.com\/nl\/#primaryimage","url":"https:\/\/brightfish.com\/nl\/wp-content\/uploads\/sites\/6\/2026\/03\/Frame-59-1.png","contentUrl":"https:\/\/brightfish.com\/nl\/wp-content\/uploads\/sites\/6\/2026\/03\/Frame-59-1.png","width":1217,"height":810},{"@type":"BreadcrumbList","@id":"https:\/\/brightfish.com\/nl\/#breadcrumb","itemListElement":[{"@type":"ListItem","position":1,"name":"Home","item":"https:\/\/brightfish.com\/nl\/"},{"@type":"ListItem","position":2,"name":"Rebranding"}]},{"@type":"WebSite","@id":"https:\/\/brightfish.com\/nl\/#website","url":"https:\/\/brightfish.com\/nl\/","name":"BRIGHTFISH","description":"Bright technology","potentialAction":[{"@type":"SearchAction","target":{"@type":"EntryPoint","urlTemplate":"https:\/\/brightfish.com\/nl\/?s={search_term_string}"},"query-input":{"@type":"PropertyValueSpecification","valueRequired":true,"valueName":"search_term_string"}}],"inLanguage":"en-US"}]}},"_links":{"self":[{"href":"https:\/\/brightfish.com\/nl\/wp-json\/wp\/v2\/pages\/1646","targetHints":{"allow":["GET"]}}],"collection":[{"href":"https:\/\/brightfish.com\/nl\/wp-json\/wp\/v2\/pages"}],"about":[{"href":"https:\/\/brightfish.com\/nl\/wp-json\/wp\/v2\/types\/page"}],"author":[{"embeddable":true,"href":"https:\/\/brightfish.com\/nl\/wp-json\/wp\/v2\/users\/5"}],"replies":[{"embeddable":true,"href":"https:\/\/brightfish.com\/nl\/wp-json\/wp\/v2\/comments?post=1646"}],"version-history":[{"count":13,"href":"https:\/\/brightfish.com\/nl\/wp-json\/wp\/v2\/pages\/1646\/revisions"}],"predecessor-version":[{"id":1674,"href":"https:\/\/brightfish.com\/nl\/wp-json\/wp\/v2\/pages\/1646\/revisions\/1674"}],"wp:attachment":[{"href":"https:\/\/brightfish.com\/nl\/wp-json\/wp\/v2\/media?parent=1646"}],"curies":[{"name":"wp","href":"https:\/\/api.w.org\/{rel}","templated":true}]}}