{"id":67,"date":"2022-02-28T16:32:45","date_gmt":"2022-02-28T15:32:45","guid":{"rendered":"https:\/\/brightfish.com\/fr\/?page_id=67"},"modified":"2024-01-22T16:05:16","modified_gmt":"2024-01-22T15:05:16","slug":"touch","status":"publish","type":"page","link":"https:\/\/brightfish.com\/fr\/technology\/touch\/","title":{"rendered":"Touch"},"content":{"rendered":"\n<div class=\"brightfish-arrows\">\n  <div class=\"arrows variation-b right\" style=\"transform: translate(-60px, 0px)\">\n      <svg class=\"arrow\" pos=\"0\" viewBox=\"0 0 113 188\" fill=\"none\" xmlns=\"http:\/\/www.w3.org\/2000\/svg\"><path d=\"M0 0C20.6551 25.7457 33.032 58.3891 33.032 94C33.032 129.531 20.6551 162.254 0 188L113 94L0 0Z\" fill=\"#12A8F8\"\/><\/svg>\n    <svg class=\"arrow\" viewBox=\"0 0 113 188\" fill=\"none\" xmlns=\"http:\/\/www.w3.org\/2000\/svg\"><path d=\"M0 0C20.6551 25.7457 33.032 58.3891 33.032 94C33.032 129.531 20.6551 162.254 0 188L113 94L0 0Z\" fill=\"#12A8F8\"\/><\/svg>\n      <\/div>\n<\/div>\n\n\n\n<div class=\"acf-block-spacer\">\n  <div class=\"spacer has-height-96\"><\/div>\n<\/div>\n\n\n\n<div class=\"wp-block-columns alignwide are-vertically-aligned-center is-layout-flex wp-container-core-columns-is-layout-9d6595d7 wp-block-columns-is-layout-flex\">\n<div class=\"wp-block-column is-vertically-aligned-center is-layout-flow wp-block-column-is-layout-flow\" style=\"padding-top:0px;padding-right:0px;padding-bottom:0px;padding-left:0px\">\n<figure class=\"wp-block-image size-full is-resized has-margin-bottom-12\"><img loading=\"lazy\" decoding=\"async\" width=\"512\" height=\"512\" src=\"https:\/\/brightfish.com\/fr\/wp-content\/uploads\/sites\/8\/2022\/03\/touch-illustration-sticker-512-transparent.png\" alt=\"\" class=\"wp-image-552\" style=\"width:131px;height:131px\" srcset=\"https:\/\/brightfish.com\/fr\/wp-content\/uploads\/sites\/8\/2022\/03\/touch-illustration-sticker-512-transparent.png 512w, https:\/\/brightfish.com\/fr\/wp-content\/uploads\/sites\/8\/2022\/03\/touch-illustration-sticker-512-transparent-300x300.png 300w, https:\/\/brightfish.com\/fr\/wp-content\/uploads\/sites\/8\/2022\/03\/touch-illustration-sticker-512-transparent-150x150.png 150w\" sizes=\"auto, (max-width: 512px) 100vw, 512px\" \/><\/figure>\n\n\n\n<h1 class=\"wp-block-heading\">Optimisez les flux de travail cliniques avec notre application <mark class=\"has-inline-color has-brightfish-blue-80-color\">Touch<\/mark><\/h1>\n\n\n\n<p>Utilisez la technologie mobile pour capturer des donn\u00e9es en toute s\u00e9curit\u00e9 \u00e0 l&#8217;endroit et au moment les plus pratiques, ce qui conf\u00e8re un impact positif sur l\u2019exp\u00e9rience des patients et sur votre prestation de soins.&nbsp;<\/p>\n\n\n\n<div class=\"wp-block-buttons is-layout-flex wp-block-buttons-is-layout-flex\">\n<div class=\"wp-block-button modal-trigger mdl-contact-us\"><a class=\"wp-block-button__link has-brightfish-blue-70-background-color has-background wp-element-button\">Demander une d\u00e9mo<\/a><\/div>\n<\/div>\n<\/div>\n\n\n\n<div class=\"wp-block-column is-vertically-aligned-center is-layout-flow wp-block-column-is-layout-flow\">\n<figure class=\"wp-block-image size-large is-style-curved\"><img loading=\"lazy\" decoding=\"async\" width=\"1400\" height=\"788\" src=\"https:\/\/brightfish.com\/fr\/wp-content\/uploads\/sites\/8\/2022\/03\/brightfish-touch-2-1400x788.jpg\" alt=\"\" class=\"wp-image-1305\" srcset=\"https:\/\/brightfish.com\/fr\/wp-content\/uploads\/sites\/8\/2022\/03\/brightfish-touch-2-1400x788.jpg 1400w, https:\/\/brightfish.com\/fr\/wp-content\/uploads\/sites\/8\/2022\/03\/brightfish-touch-2-600x338.jpg 600w, https:\/\/brightfish.com\/fr\/wp-content\/uploads\/sites\/8\/2022\/03\/brightfish-touch-2-768x432.jpg 768w, https:\/\/brightfish.com\/fr\/wp-content\/uploads\/sites\/8\/2022\/03\/brightfish-touch-2-1536x864.jpg 1536w, https:\/\/brightfish.com\/fr\/wp-content\/uploads\/sites\/8\/2022\/03\/brightfish-touch-2.jpg 1920w\" sizes=\"auto, (max-width: 1400px) 100vw, 1400px\" \/><\/figure>\n<\/div>\n<\/div>\n\n\n\n  <div class=\"acf-block-modal\">\n\n    <div class=\"modal\" id=\"mdl-contact-us\">\n\n      <div class=\"container normal form\">\n\n        <div class=\"close\">\n          <span><\/span>\n          <span><\/span>\n          <span><\/span>\n        <\/div>\n\n        <div class=\"content\">\n          <div class=\"inner\">\n            <div class=\"close-spacer\"><\/div>\n            \n\n<h2 class=\"wp-block-heading has-x-3-large-font-size\">Contact us<\/h2>\n\n\n\n<p>Please fill in the form below, and one of our employees will contact you as soon as possible.<\/p>\n\n\n\n<div class=\"wpcf7 no-js\" id=\"wpcf7-f17-o1\" lang=\"en-US\" dir=\"ltr\" data-wpcf7-id=\"17\">\n<div class=\"screen-reader-response\"><p role=\"status\" aria-live=\"polite\" aria-atomic=\"true\"><\/p> <ul><\/ul><\/div>\n<form action=\"\/fr\/wp-json\/wp\/v2\/pages\/67#wpcf7-f17-o1\" method=\"post\" class=\"wpcf7-form init\" aria-label=\"Contact form\" novalidate=\"novalidate\" data-status=\"init\">\n<fieldset class=\"hidden-fields-container\"><input type=\"hidden\" name=\"_wpcf7\" value=\"17\" \/><input type=\"hidden\" name=\"_wpcf7_version\" value=\"6.1.5\" \/><input type=\"hidden\" name=\"_wpcf7_locale\" value=\"en_US\" \/><input type=\"hidden\" name=\"_wpcf7_unit_tag\" value=\"wpcf7-f17-o1\" \/><input type=\"hidden\" name=\"_wpcf7_container_post\" value=\"0\" \/><input type=\"hidden\" name=\"_wpcf7_posted_data_hash\" value=\"\" \/>\n<\/fieldset>\n<label class=\"label-transform\">\n<span class=\"wpcf7-form-control-wrap\" data-name=\"name-sender\"><input size=\"40\" maxlength=\"400\" class=\"wpcf7-form-control wpcf7-text wpcf7-validates-as-required\" aria-required=\"true\" aria-invalid=\"false\" value=\"\" type=\"text\" name=\"name-sender\" \/><\/span>\n<span class=\"placeholder\">Your name<\/span>\n<\/label>\n\n<label class=\"label-transform\">\n<span class=\"wpcf7-form-control-wrap\" data-name=\"company-sender\"><input size=\"40\" maxlength=\"400\" class=\"wpcf7-form-control wpcf7-text\" aria-invalid=\"false\" value=\"\" type=\"text\" name=\"company-sender\" \/><\/span>\n<span class=\"placeholder\">Company name<\/span>\n<\/label>\n\n<label class=\"label-transform\">\n<span class=\"wpcf7-form-control-wrap\" data-name=\"mail-sender\"><input size=\"40\" maxlength=\"400\" class=\"wpcf7-form-control wpcf7-email wpcf7-validates-as-required wpcf7-text wpcf7-validates-as-email\" aria-required=\"true\" aria-invalid=\"false\" value=\"\" type=\"email\" name=\"mail-sender\" \/><\/span>\n<span class=\"placeholder\">Your email address<\/span>\n<\/label>\n\n\n<label class=\"label-transform\">\n<span class=\"wpcf7-form-control-wrap\" data-name=\"phone-sender\"><input size=\"40\" maxlength=\"400\" class=\"wpcf7-form-control wpcf7-tel wpcf7-text wpcf7-validates-as-tel\" aria-invalid=\"false\" value=\"\" type=\"tel\" name=\"phone-sender\" \/><\/span>\n<span class=\"placeholder\">Phone number<\/span>\n<\/label>\n\n<label class=\"label-transform autosize\">\n<span class=\"wpcf7-form-control-wrap\" data-name=\"message\"><textarea cols=\"40\" rows=\"10\" maxlength=\"2000\" class=\"wpcf7-form-control wpcf7-textarea wpcf7-validates-as-required\" aria-required=\"true\" aria-invalid=\"false\" name=\"message\"><\/textarea><\/span>\n<span class=\"placeholder\">I'm interested in...<\/span>\n<\/label>\n\n\n<span class=\"wpcf7-form-control-wrap\" data-name=\"hcap-cf7\">\t\t<input\n\t\t\t\ttype=\"hidden\"\n\t\t\t\tclass=\"hcaptcha-widget-id\"\n\t\t\t\tname=\"hcaptcha-widget-id\"\n\t\t\t\tvalue=\"eyJzb3VyY2UiOlsiY29udGFjdC1mb3JtLTdcL3dwLWNvbnRhY3QtZm9ybS03LnBocCJdLCJmb3JtX2lkIjoxN30=-648e685ef34e059d96caeb7ca17fd312\">\n\t\t\t\t<span id=\"hcap_cf7-69f0b6d77d3515.50765071\" class=\"wpcf7-form-control h-captcha \"\n\t\t\tdata-sitekey=\"10000000-ffff-ffff-ffff-000000000001\"\n\t\t\tdata-theme=\"light\"\n\t\t\tdata-size=\"normal\"\n\t\t\tdata-auto=\"false\"\n\t\t\tdata-ajax=\"false\"\n\t\t\tdata-force=\"false\">\n\t\t<\/span>\n\t\t<input type=\"hidden\" id=\"_wpnonce\" name=\"_wpnonce\" value=\"6c6767b1ba\" \/><input type=\"hidden\" name=\"_wp_http_referer\" value=\"\/fr\/wp-json\/wp\/v2\/pages\/67\" \/><\/span><input class=\"wpcf7-form-control wpcf7-submit has-spinner\" type=\"submit\" value=\"Send\" \/><div class=\"wpcf7-response-output\" aria-hidden=\"true\"><\/div>\n<\/form>\n<\/div>\n\n\n\n          <\/div>\n        <\/div>\n\n      <\/div>\n\n      <div class=\"overlay\"><\/div>\n\n    <\/div>\n\n  <\/div>\n\n\n\n\n<div class=\"acf-block-spacer\">\n  <div class=\"spacer has-height-96\"><\/div>\n<\/div>\n\n\n\n<div class=\"wp-block-group alignfull has-brightfish-blue-10-background-color has-background\"><div class=\"wp-block-group__inner-container is-layout-flow wp-block-group-is-layout-flow\">\n<h2 class=\"wp-block-heading has-text-align-center\">Notre solution <mark class=\"has-inline-color has-brightfish-blue-70-color\">Touch<\/mark> vous permet de :<\/h2>\n\n\n\n<div class=\"acf-block-spacer\">\n  <div class=\"spacer has-height-36\"><\/div>\n<\/div>\n\n\n\n<div class=\"wp-block-columns is-layout-flex wp-container-core-columns-is-layout-9d6595d7 wp-block-columns-is-layout-flex\">\n<div class=\"wp-block-column has-white-background-color has-background is-layout-flow wp-block-column-is-layout-flow\" style=\"padding-top:20px;padding-right:20px;padding-bottom:20px;padding-left:20px\">\n<figure class=\"wp-block-image size-full is-resized has-margin-bottom-10\"><img loading=\"lazy\" decoding=\"async\" width=\"84\" height=\"84\" src=\"https:\/\/brightfish.com\/fr\/wp-content\/uploads\/sites\/8\/2022\/03\/tablet_mac_24px.png\" alt=\"\" class=\"wp-image-1147\" style=\"width:36px;height:36px\" \/><\/figure>\n\n\n\n<p><mark class=\"has-inline-color has-brightfish-blue-70-color\"><strong>Utiliser les solutions iPad dans les salles d&#8217;attente<\/strong><\/mark> afin de capturer les donn\u00e9es des patients qui ne communiquent pas avec vous en ambulatoire.<\/p>\n<\/div>\n\n\n\n<div class=\"wp-block-column has-white-background-color has-background is-layout-flow wp-block-column-is-layout-flow\" style=\"padding-top:20px;padding-right:20px;padding-bottom:20px;padding-left:20px\">\n<figure class=\"wp-block-image size-full is-resized has-margin-bottom-10\"><img loading=\"lazy\" decoding=\"async\" width=\"84\" height=\"84\" src=\"https:\/\/brightfish.com\/fr\/wp-content\/uploads\/sites\/8\/2022\/03\/medical_services_black_24dp-1-1-1.png\" alt=\"\" class=\"wp-image-1150\" style=\"width:36px;height:36px\" \/><\/figure>\n\n\n\n<p><mark class=\"has-inline-color has-brightfish-blue-70-color\"><strong>Optimiser les flux de travail m\u00e9dicaux<\/strong><\/mark> en am\u00e9liorant consid\u00e9rablement l\u2019exp\u00e9rience de saisie des donn\u00e9es DME pour vos professionnels de sant\u00e9.<\/p>\n<\/div>\n\n\n\n<div class=\"wp-block-column has-white-background-color has-background is-layout-flow wp-block-column-is-layout-flow\" style=\"padding-top:20px;padding-right:20px;padding-bottom:20px;padding-left:20px\">\n<figure class=\"wp-block-image size-full is-resized has-margin-bottom-10\"><img loading=\"lazy\" decoding=\"async\" width=\"84\" height=\"84\" src=\"https:\/\/brightfish.com\/fr\/wp-content\/uploads\/sites\/8\/2022\/03\/search_24px.png\" alt=\"\" class=\"wp-image-1148\" style=\"width:36px;height:36px\" \/><\/figure>\n\n\n\n<p class=\"has-marign-bottom-0\"><strong><mark class=\"has-inline-color has-brightfish-blue-70-color\">Fournir aux travailleurs de sant\u00e9<\/mark><\/strong> un aper\u00e7u direct de nos solutions BEDSIDE, contribuant ainsi \u00e0 de meilleures exp\u00e9riences patients.<\/p>\n<\/div>\n<\/div>\n<\/div><\/div>\n\n\n\n<div class=\"acf-block-spacer\">\n  <div class=\"spacer has-height-48\"><\/div>\n<\/div>\n\n\n\n<h2 class=\"wp-block-heading has-text-align-center\">Comment <mark class=\"has-inline-color has-brightfish-blue-70-color\">Touch<\/mark> fonctionne-t-il concr\u00e8tement ?<\/h2>\n\n\n\n<p class=\"has-text-align-center has-medium-font-size\">L\u2019application Touch prend en charge les flux de travail mobiles dans votre clinique.<\/p>\n\n\n\n<div class=\"wp-block-columns is-layout-flex wp-container-core-columns-is-layout-9d6595d7 wp-block-columns-is-layout-flex\">\n<div class=\"wp-block-column is-layout-flow wp-block-column-is-layout-flow\">\n<p>L\u2019application Brightfish Touch fonctionne sur les iPad d\u00e9tenus et g\u00e9r\u00e9s par l\u2019h\u00f4pital et est uniquement sur iOS.<\/p>\n\n\n\n<p>L\u2019acc\u00e8s \u00e0 l\u2019application peut \u00eatre int\u00e9gr\u00e9 dans des r\u00e9pertoires d&#8217;utilisateurs existants g\u00e9r\u00e9s par le client.<\/p>\n\n\n\n<p>Les donn\u00e9es sont r\u00e9cup\u00e9r\u00e9es via des API avec d\u2019autres syst\u00e8mes DME dans l\u2019environnement.<\/p>\n<\/div>\n\n\n\n<div class=\"wp-block-column is-layout-flow wp-block-column-is-layout-flow\">\n<p>Notre \u00e9quipe Brightfish travaillera en \u00e9troite collaboration avec vos services pour mettre en place des formats de lecture de donn\u00e9es qui vous int\u00e9ressent&nbsp;: depuis les syst\u00e8mes sources, les donn\u00e9es sources et les aper\u00e7us structur\u00e9s jusqu&#8217;aux droits d&#8217;acc\u00e8s. <\/p>\n\n\n\n<p>La fonction de rapport est configur\u00e9e avec notre module d\u2019enqu\u00eate pour refl\u00e9ter les besoins de saisie de donn\u00e9es de votre organisation.<\/p>\n<\/div>\n\n\n\n<div class=\"wp-block-column is-layout-flow wp-block-column-is-layout-flow\">\n<p>Des options de saisie de donn\u00e9es modernes sont \u00e9galement disponibles sur notre solution iPad. <\/p>\n\n\n\n<ul class=\"wp-block-list\">\n<li>Utilisez les iPads en mode application unique pour aider les patients dans la salle d&#8217;attente.<\/li>\n\n\n\n<li>Utilisez l\u2019appareil photo de l\u2019iPad pour prendre des photos et les annoter pour r\u00e9f\u00e9rence future.<\/li>\n\n\n\n<li>Num\u00e9risez des documents et t\u00e9l\u00e9chargez-les dans vos syst\u00e8mes d\u2019archivage m\u00e9dical. <br><br>Tout est modulable et peut \u00eatre adapt\u00e9 \u00e0 vos besoins.<\/li>\n<\/ul>\n<\/div>\n<\/div>\n\n\n\n<div class=\"acf-block-spacer\">\n  <div class=\"spacer has-height-48\"><\/div>\n<\/div>\n\n\n\n<div class=\"wp-block-group alignfull has-brightfish-blue-10-background-color has-background\"><div class=\"wp-block-group__inner-container is-layout-flow wp-block-group-is-layout-flow\">\n<div class=\"acf-block-spacer\">\n  <div class=\"spacer has-height-36\"><\/div>\n<\/div>\n\n\n\n<div class=\"wp-block-columns are-vertically-aligned-center mobile-reverse-order is-layout-flex wp-container-core-columns-is-layout-9d6595d7 wp-block-columns-is-layout-flex\">\n<div class=\"wp-block-column is-vertically-aligned-center is-layout-flow wp-block-column-is-layout-flow\" style=\"padding-top:0px;padding-right:0px;padding-bottom:0px;padding-left:0px\">\n<h2 class=\"wp-block-heading has-x-3-large-font-size\">\u00cates-vous pr\u00eat \u00e0 am\u00e9liorer votre exp\u00e9rience de mobilit\u00e9 pour les professionnels de sant\u00e9 avec <mark class=\"has-inline-color has-brightfish-blue-70-color\">Touch<\/mark>&nbsp;?<\/h2>\n\n\n\n<div class=\"acf-block-spacer\">\n  <div class=\"spacer has-height-36\"><\/div>\n<\/div>\n\n\n\n<div class=\"wp-block-buttons is-layout-flex wp-block-buttons-is-layout-flex\">\n<div class=\"wp-block-button modal-trigger mdl-contact-us\"><a class=\"wp-block-button__link has-brightfish-blue-70-background-color has-background wp-element-button\" href=\"https:\/\/brightfish.com\/fr\/technology\/\">Demander une d\u00e9mo<\/a><\/div>\n<\/div>\n<\/div>\n\n\n\n<div class=\"wp-block-column is-vertically-aligned-center is-layout-flow wp-block-column-is-layout-flow\"><\/div>\n<\/div>\n<\/div><\/div>\n","protected":false},"excerpt":{"rendered":"<p>Optimisez les flux de travail cliniques avec notre application Touch Utilisez la technologie mobile pour capturer des donn\u00e9es en toute s\u00e9curit\u00e9 \u00e0 l&#8217;endroit et&#8230;<\/p>\n","protected":false},"author":1,"featured_media":0,"parent":45,"menu_order":0,"comment_status":"closed","ping_status":"closed","template":"","meta":{"_acf_changed":false,"footnotes":""},"class_list":["post-67","page","type-page","status-publish","hentry"],"acf":[],"yoast_head":"<!-- This site is optimized with the Yoast SEO plugin v27.4 - https:\/\/yoast.com\/product\/yoast-seo-wordpress\/ -->\n<title>Touch - Brightfish<\/title>\n<meta name=\"robots\" content=\"index, follow, max-snippet:-1, max-image-preview:large, max-video-preview:-1\" \/>\n<link rel=\"canonical\" href=\"https:\/\/brightfish.com\/fr\/technology\/touch\/\" \/>\n<meta property=\"og:locale\" content=\"fr_FR\" \/>\n<meta property=\"og:type\" content=\"article\" \/>\n<meta property=\"og:title\" content=\"Touch - Brightfish\" \/>\n<meta property=\"og:description\" content=\"Optimisez les flux de travail cliniques avec notre application Touch Utilisez la technologie mobile pour capturer des donn\u00e9es en toute s\u00e9curit\u00e9 \u00e0 l&#8217;endroit et...\" \/>\n<meta property=\"og:url\" content=\"https:\/\/brightfish.com\/fr\/technology\/touch\/\" \/>\n<meta property=\"og:site_name\" content=\"BRIGHTFISH\" \/>\n<meta property=\"article:modified_time\" content=\"2024-01-22T15:05:16+00:00\" \/>\n<meta property=\"og:image\" content=\"https:\/\/brightfish.com\/fr\/wp-content\/uploads\/sites\/8\/2022\/03\/touch-illustration-sticker-512-transparent.png\" \/>\n<meta name=\"twitter:card\" content=\"summary_large_image\" \/>\n<script type=\"application\/ld+json\" class=\"yoast-schema-graph\">{\"@context\":\"https:\\\/\\\/schema.org\",\"@graph\":[{\"@type\":\"WebPage\",\"@id\":\"https:\\\/\\\/brightfish.com\\\/fr\\\/technology\\\/touch\\\/\",\"url\":\"https:\\\/\\\/brightfish.com\\\/fr\\\/technology\\\/touch\\\/\",\"name\":\"BRIGHTFISH\",\"isPartOf\":{\"@id\":\"https:\\\/\\\/brightfish.com\\\/fr\\\/#website\"},\"primaryImageOfPage\":{\"@id\":\"https:\\\/\\\/brightfish.com\\\/fr\\\/technology\\\/touch\\\/#primaryimage\"},\"image\":{\"@id\":\"https:\\\/\\\/brightfish.com\\\/fr\\\/technology\\\/touch\\\/#primaryimage\"},\"thumbnailUrl\":\"https:\\\/\\\/brightfish.com\\\/fr\\\/wp-content\\\/uploads\\\/sites\\\/8\\\/2022\\\/03\\\/touch-illustration-sticker-512-transparent.png\",\"datePublished\":\"2022-02-28T15:32:45+00:00\",\"dateModified\":\"2024-01-22T15:05:16+00:00\",\"breadcrumb\":{\"@id\":\"https:\\\/\\\/brightfish.com\\\/fr\\\/technology\\\/touch\\\/#breadcrumb\"},\"inLanguage\":\"en-US\",\"potentialAction\":[{\"@type\":\"ReadAction\",\"target\":[\"https:\\\/\\\/brightfish.com\\\/fr\\\/technology\\\/touch\\\/\"]}]},{\"@type\":\"ImageObject\",\"inLanguage\":\"en-US\",\"@id\":\"https:\\\/\\\/brightfish.com\\\/fr\\\/technology\\\/touch\\\/#primaryimage\",\"url\":\"https:\\\/\\\/brightfish.com\\\/fr\\\/wp-content\\\/uploads\\\/sites\\\/8\\\/2022\\\/03\\\/touch-illustration-sticker-512-transparent.png\",\"contentUrl\":\"https:\\\/\\\/brightfish.com\\\/fr\\\/wp-content\\\/uploads\\\/sites\\\/8\\\/2022\\\/03\\\/touch-illustration-sticker-512-transparent.png\",\"width\":512,\"height\":512},{\"@type\":\"BreadcrumbList\",\"@id\":\"https:\\\/\\\/brightfish.com\\\/fr\\\/technology\\\/touch\\\/#breadcrumb\",\"itemListElement\":[{\"@type\":\"ListItem\",\"position\":1,\"name\":\"Home\",\"item\":\"https:\\\/\\\/brightfish.com\\\/fr\\\/\"},{\"@type\":\"ListItem\",\"position\":2,\"name\":\"Technologie\",\"item\":\"https:\\\/\\\/brightfish.com\\\/fr\\\/technology\\\/\"},{\"@type\":\"ListItem\",\"position\":3,\"name\":\"Touch\"}]},{\"@type\":\"WebSite\",\"@id\":\"https:\\\/\\\/brightfish.com\\\/fr\\\/#website\",\"url\":\"https:\\\/\\\/brightfish.com\\\/fr\\\/\",\"name\":\"BRIGHTFISH\",\"description\":\"Bright technology\",\"potentialAction\":[{\"@type\":\"SearchAction\",\"target\":{\"@type\":\"EntryPoint\",\"urlTemplate\":\"https:\\\/\\\/brightfish.com\\\/fr\\\/?s={search_term_string}\"},\"query-input\":{\"@type\":\"PropertyValueSpecification\",\"valueRequired\":true,\"valueName\":\"search_term_string\"}}],\"inLanguage\":\"en-US\"}]}<\/script>\n<!-- \/ Yoast SEO plugin. -->","yoast_head_json":{"title":"Touch - Brightfish","robots":{"index":"index","follow":"follow","max-snippet":"max-snippet:-1","max-image-preview":"max-image-preview:large","max-video-preview":"max-video-preview:-1"},"canonical":"https:\/\/brightfish.com\/fr\/technology\/touch\/","og_locale":"fr_FR","og_type":"article","og_title":"Touch - Brightfish","og_description":"Optimisez les flux de travail cliniques avec notre application Touch Utilisez la technologie mobile pour capturer des donn\u00e9es en toute s\u00e9curit\u00e9 \u00e0 l&#8217;endroit et...","og_url":"https:\/\/brightfish.com\/fr\/technology\/touch\/","og_site_name":"BRIGHTFISH","article_modified_time":"2024-01-22T15:05:16+00:00","og_image":[{"url":"https:\/\/brightfish.com\/fr\/wp-content\/uploads\/sites\/8\/2022\/03\/touch-illustration-sticker-512-transparent.png","type":"","width":"","height":""}],"twitter_card":"summary_large_image","schema":{"@context":"https:\/\/schema.org","@graph":[{"@type":"WebPage","@id":"https:\/\/brightfish.com\/fr\/technology\/touch\/","url":"https:\/\/brightfish.com\/fr\/technology\/touch\/","name":"BRIGHTFISH","isPartOf":{"@id":"https:\/\/brightfish.com\/fr\/#website"},"primaryImageOfPage":{"@id":"https:\/\/brightfish.com\/fr\/technology\/touch\/#primaryimage"},"image":{"@id":"https:\/\/brightfish.com\/fr\/technology\/touch\/#primaryimage"},"thumbnailUrl":"https:\/\/brightfish.com\/fr\/wp-content\/uploads\/sites\/8\/2022\/03\/touch-illustration-sticker-512-transparent.png","datePublished":"2022-02-28T15:32:45+00:00","dateModified":"2024-01-22T15:05:16+00:00","breadcrumb":{"@id":"https:\/\/brightfish.com\/fr\/technology\/touch\/#breadcrumb"},"inLanguage":"en-US","potentialAction":[{"@type":"ReadAction","target":["https:\/\/brightfish.com\/fr\/technology\/touch\/"]}]},{"@type":"ImageObject","inLanguage":"en-US","@id":"https:\/\/brightfish.com\/fr\/technology\/touch\/#primaryimage","url":"https:\/\/brightfish.com\/fr\/wp-content\/uploads\/sites\/8\/2022\/03\/touch-illustration-sticker-512-transparent.png","contentUrl":"https:\/\/brightfish.com\/fr\/wp-content\/uploads\/sites\/8\/2022\/03\/touch-illustration-sticker-512-transparent.png","width":512,"height":512},{"@type":"BreadcrumbList","@id":"https:\/\/brightfish.com\/fr\/technology\/touch\/#breadcrumb","itemListElement":[{"@type":"ListItem","position":1,"name":"Home","item":"https:\/\/brightfish.com\/fr\/"},{"@type":"ListItem","position":2,"name":"Technologie","item":"https:\/\/brightfish.com\/fr\/technology\/"},{"@type":"ListItem","position":3,"name":"Touch"}]},{"@type":"WebSite","@id":"https:\/\/brightfish.com\/fr\/#website","url":"https:\/\/brightfish.com\/fr\/","name":"BRIGHTFISH","description":"Bright technology","potentialAction":[{"@type":"SearchAction","target":{"@type":"EntryPoint","urlTemplate":"https:\/\/brightfish.com\/fr\/?s={search_term_string}"},"query-input":{"@type":"PropertyValueSpecification","valueRequired":true,"valueName":"search_term_string"}}],"inLanguage":"en-US"}]}},"_links":{"self":[{"href":"https:\/\/brightfish.com\/fr\/wp-json\/wp\/v2\/pages\/67","targetHints":{"allow":["GET"]}}],"collection":[{"href":"https:\/\/brightfish.com\/fr\/wp-json\/wp\/v2\/pages"}],"about":[{"href":"https:\/\/brightfish.com\/fr\/wp-json\/wp\/v2\/types\/page"}],"author":[{"embeddable":true,"href":"https:\/\/brightfish.com\/fr\/wp-json\/wp\/v2\/users\/1"}],"replies":[{"embeddable":true,"href":"https:\/\/brightfish.com\/fr\/wp-json\/wp\/v2\/comments?post=67"}],"version-history":[{"count":51,"href":"https:\/\/brightfish.com\/fr\/wp-json\/wp\/v2\/pages\/67\/revisions"}],"predecessor-version":[{"id":1882,"href":"https:\/\/brightfish.com\/fr\/wp-json\/wp\/v2\/pages\/67\/revisions\/1882"}],"up":[{"embeddable":true,"href":"https:\/\/brightfish.com\/fr\/wp-json\/wp\/v2\/pages\/45"}],"wp:attachment":[{"href":"https:\/\/brightfish.com\/fr\/wp-json\/wp\/v2\/media?parent=67"}],"curies":[{"name":"wp","href":"https:\/\/api.w.org\/{rel}","templated":true}]}}