{"id":65,"date":"2022-02-28T16:32:22","date_gmt":"2022-02-28T15:32:22","guid":{"rendered":"https:\/\/brightfish.com\/fr\/?page_id=65"},"modified":"2024-01-22T15:24:53","modified_gmt":"2024-01-22T14:24:53","slug":"bedside","status":"publish","type":"page","link":"https:\/\/brightfish.com\/fr\/technology\/bedside\/","title":{"rendered":"Bedside"},"content":{"rendered":"\n<div class=\"brightfish-arrows\">\n  <div class=\"arrows variation-b right\" style=\"transform: translate(-60px, 0px)\">\n      <svg class=\"arrow\" pos=\"0\" viewBox=\"0 0 113 188\" fill=\"none\" xmlns=\"http:\/\/www.w3.org\/2000\/svg\"><path d=\"M0 0C20.6551 25.7457 33.032 58.3891 33.032 94C33.032 129.531 20.6551 162.254 0 188L113 94L0 0Z\" fill=\"#80CC12\"\/><\/svg>\n    <svg class=\"arrow\" viewBox=\"0 0 113 188\" fill=\"none\" xmlns=\"http:\/\/www.w3.org\/2000\/svg\"><path d=\"M0 0C20.6551 25.7457 33.032 58.3891 33.032 94C33.032 129.531 20.6551 162.254 0 188L113 94L0 0Z\" fill=\"#80CC12\"\/><\/svg>\n      <\/div>\n<\/div>\n\n\n\n<div class=\"acf-block-spacer\">\n  <div class=\"spacer has-height-96\"><\/div>\n<\/div>\n\n\n\n<div class=\"wp-block-columns alignwide are-vertically-aligned-center is-style-large-gap is-layout-flex wp-container-core-columns-is-layout-9d6595d7 wp-block-columns-is-layout-flex\">\n<div class=\"wp-block-column is-vertically-aligned-center is-layout-flow wp-block-column-is-layout-flow\" style=\"padding-top:0px;padding-right:0px;padding-bottom:0px;padding-left:0px\">\n<figure class=\"wp-block-image size-full is-resized has-margin-bottom-30\"><img loading=\"lazy\" decoding=\"async\" width=\"512\" height=\"512\" src=\"https:\/\/brightfish.com\/fr\/wp-content\/uploads\/sites\/8\/2022\/03\/beagleboxx-illustration-sticker-512-transparent.png\" alt=\"\" class=\"wp-image-550\" style=\"width:131px;height:131px\" srcset=\"https:\/\/brightfish.com\/fr\/wp-content\/uploads\/sites\/8\/2022\/03\/beagleboxx-illustration-sticker-512-transparent.png 512w, https:\/\/brightfish.com\/fr\/wp-content\/uploads\/sites\/8\/2022\/03\/beagleboxx-illustration-sticker-512-transparent-300x300.png 300w, https:\/\/brightfish.com\/fr\/wp-content\/uploads\/sites\/8\/2022\/03\/beagleboxx-illustration-sticker-512-transparent-150x150.png 150w\" sizes=\"auto, (max-width: 512px) 100vw, 512px\" \/><\/figure>\n\n\n\n<h1 class=\"wp-block-heading\">Offrez \u00e0 vos patients ind\u00e9pendance et confort pendant leur s\u00e9jour avec notre application <mark class=\"has-inline-color has-brightfish-green-80-color\">Bedside<\/mark><\/h1>\n\n\n\n<p>Faites participer vos patients avec des informations personnalis\u00e9es et pertinentes, donnez-leur des outils num\u00e9riques pour contr\u00f4ler leur environnement et divertissez-les avec les m\u00e9dias modernes.<\/p>\n\n\n\n<div class=\"wp-block-buttons is-layout-flex wp-block-buttons-is-layout-flex\">\n<div class=\"wp-block-button modal-trigger mdl-contact-us\"><a class=\"wp-block-button__link has-brightfish-green-70-background-color has-background wp-element-button\">Demander une d\u00e9mo<\/a><\/div>\n<\/div>\n<\/div>\n\n\n\n<div class=\"wp-block-column is-vertically-aligned-center is-layout-flow wp-block-column-is-layout-flow\" style=\"flex-basis:50%\">\n<figure class=\"wp-block-image alignfull size-large is-style-curved\"><img loading=\"lazy\" decoding=\"async\" width=\"1024\" height=\"576\" src=\"https:\/\/brightfish.com\/fr\/wp-content\/uploads\/sites\/8\/2022\/03\/11A800B5-2E8F-4FA6-B982-E7603D6394AE-1024x576.jpg\" alt=\"\" class=\"wp-image-658\" srcset=\"https:\/\/brightfish.com\/fr\/wp-content\/uploads\/sites\/8\/2022\/03\/11A800B5-2E8F-4FA6-B982-E7603D6394AE-1024x576.jpg 1024w, https:\/\/brightfish.com\/fr\/wp-content\/uploads\/sites\/8\/2022\/03\/11A800B5-2E8F-4FA6-B982-E7603D6394AE-300x169.jpg 300w, https:\/\/brightfish.com\/fr\/wp-content\/uploads\/sites\/8\/2022\/03\/11A800B5-2E8F-4FA6-B982-E7603D6394AE-768x432.jpg 768w, https:\/\/brightfish.com\/fr\/wp-content\/uploads\/sites\/8\/2022\/03\/11A800B5-2E8F-4FA6-B982-E7603D6394AE-1536x864.jpg 1536w, https:\/\/brightfish.com\/fr\/wp-content\/uploads\/sites\/8\/2022\/03\/11A800B5-2E8F-4FA6-B982-E7603D6394AE.jpg 1920w\" sizes=\"auto, (max-width: 1024px) 100vw, 1024px\" \/><\/figure>\n<\/div>\n<\/div>\n\n\n\n  <div class=\"acf-block-modal\">\n\n    <div class=\"modal\" id=\"mdl-contact-us\">\n\n      <div class=\"container normal form\">\n\n        <div class=\"close\">\n          <span><\/span>\n          <span><\/span>\n          <span><\/span>\n        <\/div>\n\n        <div class=\"content\">\n          <div class=\"inner\">\n            <div class=\"close-spacer\"><\/div>\n            \n\n<h2 class=\"wp-block-heading has-x-3-large-font-size\">Contact us<\/h2>\n\n\n\n<p>Please fill in the form below, and one of our employees will contact you as soon as possible.<\/p>\n\n\n\n<div class=\"wpcf7 no-js\" id=\"wpcf7-f17-o1\" lang=\"en-US\" dir=\"ltr\" data-wpcf7-id=\"17\">\n<div class=\"screen-reader-response\"><p role=\"status\" aria-live=\"polite\" aria-atomic=\"true\"><\/p> <ul><\/ul><\/div>\n<form action=\"\/fr\/wp-json\/wp\/v2\/pages\/65#wpcf7-f17-o1\" method=\"post\" class=\"wpcf7-form init\" aria-label=\"Contact form\" novalidate=\"novalidate\" data-status=\"init\">\n<fieldset class=\"hidden-fields-container\"><input type=\"hidden\" name=\"_wpcf7\" value=\"17\" \/><input type=\"hidden\" name=\"_wpcf7_version\" value=\"6.1.2\" \/><input type=\"hidden\" name=\"_wpcf7_locale\" value=\"en_US\" \/><input type=\"hidden\" name=\"_wpcf7_unit_tag\" value=\"wpcf7-f17-o1\" \/><input type=\"hidden\" name=\"_wpcf7_container_post\" value=\"0\" \/><input type=\"hidden\" name=\"_wpcf7_posted_data_hash\" value=\"\" \/>\n<\/fieldset>\n<label class=\"label-transform\">\n<span class=\"wpcf7-form-control-wrap\" data-name=\"name-sender\"><input size=\"40\" maxlength=\"400\" class=\"wpcf7-form-control wpcf7-text wpcf7-validates-as-required\" aria-required=\"true\" aria-invalid=\"false\" value=\"\" type=\"text\" name=\"name-sender\" \/><\/span>\n<span class=\"placeholder\">Your name<\/span>\n<\/label>\n\n<label class=\"label-transform\">\n<span class=\"wpcf7-form-control-wrap\" data-name=\"company-sender\"><input size=\"40\" maxlength=\"400\" class=\"wpcf7-form-control wpcf7-text\" aria-invalid=\"false\" value=\"\" type=\"text\" name=\"company-sender\" \/><\/span>\n<span class=\"placeholder\">Company name<\/span>\n<\/label>\n\n<label class=\"label-transform\">\n<span class=\"wpcf7-form-control-wrap\" data-name=\"mail-sender\"><input size=\"40\" maxlength=\"400\" class=\"wpcf7-form-control wpcf7-email wpcf7-validates-as-required wpcf7-text wpcf7-validates-as-email\" aria-required=\"true\" aria-invalid=\"false\" value=\"\" type=\"email\" name=\"mail-sender\" \/><\/span>\n<span class=\"placeholder\">Your email address<\/span>\n<\/label>\n\n\n<label class=\"label-transform\">\n<span class=\"wpcf7-form-control-wrap\" data-name=\"phone-sender\"><input size=\"40\" maxlength=\"400\" class=\"wpcf7-form-control wpcf7-tel wpcf7-text wpcf7-validates-as-tel\" aria-invalid=\"false\" value=\"\" type=\"tel\" name=\"phone-sender\" \/><\/span>\n<span class=\"placeholder\">Phone number<\/span>\n<\/label>\n\n<label class=\"label-transform autosize\">\n<span class=\"wpcf7-form-control-wrap\" data-name=\"message\"><textarea cols=\"40\" rows=\"10\" maxlength=\"2000\" class=\"wpcf7-form-control wpcf7-textarea wpcf7-validates-as-required\" aria-required=\"true\" aria-invalid=\"false\" name=\"message\"><\/textarea><\/span>\n<span class=\"placeholder\">I'm interested in...<\/span>\n<\/label>\n\n\n<span class=\"wpcf7-form-control-wrap\" data-name=\"hcap-cf7\">\t\t<input\n\t\t\t\ttype=\"hidden\"\n\t\t\t\tclass=\"hcaptcha-widget-id\"\n\t\t\t\tname=\"hcaptcha-widget-id\"\n\t\t\t\tvalue=\"eyJzb3VyY2UiOlsiY29udGFjdC1mb3JtLTdcL3dwLWNvbnRhY3QtZm9ybS03LnBocCJdLCJmb3JtX2lkIjoxN30=-648e685ef34e059d96caeb7ca17fd312\">\n\t\t\t\t<span id=\"hcap_cf7-69d5a9025e07d2.01042245\" class=\"wpcf7-form-control h-captcha \"\n\t\t\tdata-sitekey=\"10000000-ffff-ffff-ffff-000000000001\"\n\t\t\tdata-theme=\"light\"\n\t\t\tdata-size=\"normal\"\n\t\t\tdata-auto=\"false\"\n\t\t\tdata-ajax=\"false\"\n\t\t\tdata-force=\"false\">\n\t\t<\/span>\n\t\t<input type=\"hidden\" id=\"_wpnonce\" name=\"_wpnonce\" value=\"b4b5ee40dd\" \/><input type=\"hidden\" name=\"_wp_http_referer\" value=\"\/fr\/wp-json\/wp\/v2\/pages\/65\" \/><\/span><input class=\"wpcf7-form-control wpcf7-submit has-spinner\" type=\"submit\" value=\"Send\" \/><div class=\"wpcf7-response-output\" aria-hidden=\"true\"><\/div>\n<\/form>\n<\/div>\n\n\n\n          <\/div>\n        <\/div>\n\n      <\/div>\n\n      <div class=\"overlay\"><\/div>\n\n    <\/div>\n\n  <\/div>\n\n\n\n\n<div class=\"acf-block-spacer\">\n  <div class=\"spacer has-height-96\"><\/div>\n<\/div>\n\n\n\n<div class=\"wp-block-group alignfull has-brightfish-green-10-background-color has-background\"><div class=\"wp-block-group__inner-container is-layout-flow wp-block-group-is-layout-flow\">\n<h2 class=\"wp-block-heading has-text-align-center\">Notre application <mark class=\"has-inline-color has-brightfish-green-70-color\">Bedside<\/mark> vous permet de :<\/h2>\n\n\n\n<div class=\"acf-block-spacer\">\n  <div class=\"spacer has-height-36\"><\/div>\n<\/div>\n\n\n\n<div class=\"wp-block-columns is-layout-flex wp-container-core-columns-is-layout-9d6595d7 wp-block-columns-is-layout-flex\">\n<div class=\"wp-block-column has-white-background-color has-background is-layout-flow wp-block-column-is-layout-flow\" style=\"padding-top:20px;padding-right:20px;padding-bottom:20px;padding-left:20px\">\n<figure class=\"wp-block-image size-full is-resized has-margin-bottom-10\"><img loading=\"lazy\" decoding=\"async\" width=\"84\" height=\"84\" src=\"https:\/\/brightfish.com\/fr\/wp-content\/uploads\/sites\/8\/2022\/03\/waving_hand_black_24dp-1.png\" alt=\"\" class=\"wp-image-1154\" style=\"width:36px;height:36px\" \/><\/figure>\n\n\n\n<p><strong><mark class=\"has-inline-color has-brightfish-green-70-color\">Faire participer vos patients<\/mark><\/strong> avec un aper\u00e7u personnalis\u00e9 de leur emploi du temps, des services de commande de repas faciles \u00e0 utiliser, des donn\u00e9es de DME pertinentes et des enqu\u00eates m\u00e9dicales int\u00e9ressantes.<\/p>\n<\/div>\n\n\n\n<div class=\"wp-block-column has-white-background-color has-background is-layout-flow wp-block-column-is-layout-flow\" style=\"padding-top:20px;padding-right:20px;padding-bottom:20px;padding-left:20px\">\n<figure class=\"wp-block-image size-full is-resized has-margin-bottom-10\"><img loading=\"lazy\" decoding=\"async\" width=\"84\" height=\"84\" src=\"https:\/\/brightfish.com\/fr\/wp-content\/uploads\/sites\/8\/2022\/03\/school_24px.png\" alt=\"\" class=\"wp-image-1155\" style=\"width:36px;height:36px\" \/><\/figure>\n\n\n\n<p><strong><mark class=\"has-inline-color has-brightfish-green-70-color\">Informer votre patient<\/mark><\/strong> avec des documentations approuv\u00e9es et informatives sur leur \u00e9tat pour les aider \u00e0 mieux comprendre leur traitement.<\/p>\n<\/div>\n\n\n\n<div class=\"wp-block-column has-white-background-color has-background is-layout-flow wp-block-column-is-layout-flow\" style=\"padding-top:20px;padding-right:20px;padding-bottom:20px;padding-left:20px\">\n<figure class=\"wp-block-image size-full is-resized has-margin-bottom-10\"><img loading=\"lazy\" decoding=\"async\" width=\"84\" height=\"84\" src=\"https:\/\/brightfish.com\/fr\/wp-content\/uploads\/sites\/8\/2022\/03\/local_movies_24px.png\" alt=\"\" class=\"wp-image-1156\" style=\"width:36px;height:36px\" \/><\/figure>\n\n\n\n<p class=\"has-marign-bottom-0\"><strong><mark class=\"has-inline-color has-brightfish-green-70-color\">Divertir vos patients<\/mark><\/strong> avec des services s\u00e9lectionn\u00e9s tels que la t\u00e9l\u00e9vision, les jeux et les magazines. Pendant le projet de mise en \u0153uvre, notre \u00e9quipe travaille avec votre personnel pour s\u00e9lectionner les meilleurs moyens de communication possibles pour vos patients.<\/p>\n<\/div>\n<\/div>\n<\/div><\/div>\n\n\n\n<div class=\"acf-block-spacer\">\n  <div class=\"spacer has-height-48\"><\/div>\n<\/div>\n\n\n\n<h2 class=\"wp-block-heading has-text-align-center\">Comment <mark class=\"has-inline-color has-brightfish-green-70-color\">Bedside<\/mark> fonctionne-t-il concr\u00e8tement ?<\/h2>\n\n\n\n<p class=\"has-text-align-center has-max-width-600 has-medium-font-size\">Nous mettons en \u0153uvre notre application Bedside en \u00e9troite collaboration avec votre (ou vos) \u00e9quipe(s) sur le terrain, en l\u2019adaptant avec soin \u00e0 vos besoins locaux.<\/p>\n\n\n<div class=\"acf-block-separator alignfull spacing\">\n  <div class=\"spacer has-height-60\"><\/div>\n  <hr>\n  <div class=\"spacer has-height-96\"><\/div>\n<\/div>\n\n\n\n<div class=\"wp-block-columns is-style-large-gap is-layout-flex wp-container-core-columns-is-layout-9d6595d7 wp-block-columns-is-layout-flex\">\n<div class=\"wp-block-column is-vertically-aligned-center is-layout-flow wp-block-column-is-layout-flow\">\n<figure class=\"wp-block-image size-large is-style-rounded\"><img loading=\"lazy\" decoding=\"async\" width=\"1400\" height=\"1400\" src=\"https:\/\/brightfish.com\/fr\/wp-content\/uploads\/sites\/8\/2022\/03\/BeagleBoxx-bedside-1400x1400.jpg\" alt=\"\" class=\"wp-image-1296\" srcset=\"https:\/\/brightfish.com\/fr\/wp-content\/uploads\/sites\/8\/2022\/03\/BeagleBoxx-bedside-1400x1400.jpg 1400w, https:\/\/brightfish.com\/fr\/wp-content\/uploads\/sites\/8\/2022\/03\/BeagleBoxx-bedside-600x600.jpg 600w, https:\/\/brightfish.com\/fr\/wp-content\/uploads\/sites\/8\/2022\/03\/BeagleBoxx-bedside-150x150.jpg 150w, https:\/\/brightfish.com\/fr\/wp-content\/uploads\/sites\/8\/2022\/03\/BeagleBoxx-bedside-768x768.jpg 768w, https:\/\/brightfish.com\/fr\/wp-content\/uploads\/sites\/8\/2022\/03\/BeagleBoxx-bedside-1536x1536.jpg 1536w, https:\/\/brightfish.com\/fr\/wp-content\/uploads\/sites\/8\/2022\/03\/BeagleBoxx-bedside.jpg 1920w\" sizes=\"auto, (max-width: 1400px) 100vw, 1400px\" \/><\/figure>\n<\/div>\n\n\n\n<div class=\"wp-block-column is-vertically-aligned-center is-layout-flow wp-block-column-is-layout-flow\">\n<p>Notre solution BeagleBoxx \u00e9volue autour de l&#8217;application Bedside, une application iOS native qui fournit diverses fonctions autour d\u2019une connexion s\u00e9curis\u00e9e pour les patients admis.<br><br>Pendant la mise en \u0153uvre, cette application est configur\u00e9e pour s\u2019adapter \u00e0 l\u2019image de marque et au contenu de votre organisation locale. Le d\u00e9ploiement est g\u00e9r\u00e9 avec des iPad contr\u00f4l\u00e9s via les outils de gestion des appareils mobiles.<br><br>En fonction des besoins des clients, nous proposons \u00e9galement des accessoires suppl\u00e9mentaires tels que des coques pour iPad, des supports muraux, des verrouillages, des supports pour iPad en carbone et bien plus encore.<\/p>\n<\/div>\n<\/div>\n\n\n<div class=\"acf-block-separator alignfull spacing\">\n  <div class=\"spacer has-height-60\"><\/div>\n  <hr>\n  <div class=\"spacer has-height-96\"><\/div>\n<\/div>\n\n\n\n<div class=\"wp-block-columns is-style-large-gap is-layout-flex wp-container-core-columns-is-layout-9d6595d7 wp-block-columns-is-layout-flex\">\n<div class=\"wp-block-column is-vertically-aligned-center is-layout-flow wp-block-column-is-layout-flow\">\n<h3 class=\"wp-block-heading\">Fonctionnalit\u00e9s de notre application Bedside<\/h3>\n\n\n\n<ul class=\"wp-block-list\">\n<li>Connexion s\u00e9curis\u00e9e \/ connexion par code QR<\/li>\n\n\n\n<li>Biblioth\u00e8que de divertissement pour les magazines, la radio, la musique, les jeux vid\u00e9o, etc. G\u00e9r\u00e9e via MDM.<\/li>\n\n\n\n<li>Int\u00e9gration avec les flux de t\u00e9l\u00e9vision locaux, notamment la navigation des cha\u00eenes de t\u00e9l\u00e9vision (que nous pouvons \u00e9galement fournir)<\/li>\n\n\n\n<li>Int\u00e9gration avec les syst\u00e8mes de commande de nourriture.<\/li>\n\n\n\n<li>Int\u00e9gration avec les syst\u00e8mes domotiques \/ le syst\u00e8me de gestion du b\u00e2timent<\/li>\n\n\n\n<li>Afficher les donn\u00e9es du DME local qui sont pertinentes pour le patient.<\/li>\n\n\n\n<li>Contenu \u00e9ducatif sp\u00e9cifique au patient.<\/li>\n\n\n\n<li><strong>Et plus encore !<\/strong><\/li>\n<\/ul>\n<\/div>\n\n\n\n<div class=\"wp-block-column is-vertically-aligned-center is-layout-flow wp-block-column-is-layout-flow\" style=\"flex-basis:50%\"><div class=\"wp-block-image is-style-rounded\">\n<figure class=\"alignleft size-large\"><img loading=\"lazy\" decoding=\"async\" width=\"1400\" height=\"1140\" src=\"https:\/\/brightfish.com\/fr\/wp-content\/uploads\/sites\/8\/2022\/03\/Full-service_other-option_3-e1648200526215-1400x1140.jpg\" alt=\"\" class=\"wp-image-657\" srcset=\"https:\/\/brightfish.com\/fr\/wp-content\/uploads\/sites\/8\/2022\/03\/Full-service_other-option_3-e1648200526215-1400x1140.jpg 1400w, https:\/\/brightfish.com\/fr\/wp-content\/uploads\/sites\/8\/2022\/03\/Full-service_other-option_3-e1648200526215-600x489.jpg 600w, https:\/\/brightfish.com\/fr\/wp-content\/uploads\/sites\/8\/2022\/03\/Full-service_other-option_3-e1648200526215-768x626.jpg 768w, https:\/\/brightfish.com\/fr\/wp-content\/uploads\/sites\/8\/2022\/03\/Full-service_other-option_3-e1648200526215-1536x1251.jpg 1536w, https:\/\/brightfish.com\/fr\/wp-content\/uploads\/sites\/8\/2022\/03\/Full-service_other-option_3-e1648200526215.jpg 1629w\" sizes=\"auto, (max-width: 1400px) 100vw, 1400px\" \/><\/figure>\n<\/div><\/div>\n<\/div>\n\n\n\n<div class=\"acf-block-spacer\">\n  <div class=\"spacer has-height-72\"><\/div>\n<\/div>\n\n\n\n<div class=\"wp-block-group alignfull has-brightfish-green-10-background-color has-background\"><div class=\"wp-block-group__inner-container is-layout-flow wp-block-group-is-layout-flow\">\n<div class=\"acf-block-spacer\">\n  <div class=\"spacer has-height-36\"><\/div>\n<\/div>\n\n\n\n<div class=\"wp-block-columns are-vertically-aligned-center mobile-reverse-order is-style-large-gap is-layout-flex wp-container-core-columns-is-layout-9d6595d7 wp-block-columns-is-layout-flex\">\n<div class=\"wp-block-column is-vertically-aligned-center is-layout-flow wp-block-column-is-layout-flow\" style=\"padding-top:0px;padding-right:0px;padding-bottom:0px;padding-left:0px\">\n<h2 class=\"wp-block-heading has-x-3-large-font-size\">\u00cates-vous pr\u00eat \u00e0 am\u00e9liorer l&#8217;exp\u00e9rience de vos patients avec <mark class=\"has-inline-color has-brightfish-green-70-color\">Bedside<\/mark>&nbsp;?<\/h2>\n\n\n\n<div class=\"acf-block-spacer\">\n  <div class=\"spacer has-height-36\"><\/div>\n<\/div>\n\n\n\n<div class=\"wp-block-buttons is-layout-flex wp-block-buttons-is-layout-flex\">\n<div class=\"wp-block-button modal-trigger mdl-contact-us\"><a class=\"wp-block-button__link has-brightfish-green-70-background-color has-background wp-element-button\" href=\"https:\/\/brightfish.com\/fr\/technology\/\">Demander une d\u00e9mo<\/a><\/div>\n<\/div>\n<\/div>\n\n\n\n<div class=\"wp-block-column is-vertically-aligned-center is-layout-flow wp-block-column-is-layout-flow\" style=\"flex-basis:50%\"><\/div>\n<\/div>\n<\/div><\/div>\n","protected":false},"excerpt":{"rendered":"<p>Offrez \u00e0 vos patients ind\u00e9pendance et confort pendant leur s\u00e9jour avec notre application Bedside Faites participer vos patients avec des informations personnalis\u00e9es et pertinentes,&#8230;<\/p>\n","protected":false},"author":1,"featured_media":0,"parent":45,"menu_order":0,"comment_status":"closed","ping_status":"closed","template":"","meta":{"_acf_changed":false,"footnotes":""},"class_list":["post-65","page","type-page","status-publish","hentry"],"acf":[],"yoast_head":"<!-- This site is optimized with the Yoast SEO plugin v27.3 - https:\/\/yoast.com\/product\/yoast-seo-wordpress\/ -->\n<title>Bedside - Brightfish<\/title>\n<meta name=\"robots\" content=\"index, follow, max-snippet:-1, max-image-preview:large, max-video-preview:-1\" \/>\n<link rel=\"canonical\" href=\"https:\/\/brightfish.com\/fr\/technology\/bedside\/\" \/>\n<meta property=\"og:locale\" content=\"fr_FR\" \/>\n<meta property=\"og:type\" content=\"article\" \/>\n<meta property=\"og:title\" content=\"Bedside - Brightfish\" \/>\n<meta property=\"og:description\" content=\"Offrez \u00e0 vos patients ind\u00e9pendance et confort pendant leur s\u00e9jour avec notre application Bedside Faites participer vos patients avec des informations personnalis\u00e9es et pertinentes,...\" \/>\n<meta property=\"og:url\" content=\"https:\/\/brightfish.com\/fr\/technology\/bedside\/\" \/>\n<meta property=\"og:site_name\" content=\"BRIGHTFISH\" \/>\n<meta property=\"article:modified_time\" content=\"2024-01-22T14:24:53+00:00\" \/>\n<meta property=\"og:image\" content=\"https:\/\/brightfish.com\/fr\/wp-content\/uploads\/sites\/8\/2022\/03\/beagleboxx-illustration-sticker-512-transparent.png\" \/>\n<meta name=\"twitter:card\" content=\"summary_large_image\" \/>\n<meta name=\"twitter:label1\" content=\"Est. reading time\" \/>\n\t<meta name=\"twitter:data1\" content=\"4 minutes\" \/>\n<script type=\"application\/ld+json\" class=\"yoast-schema-graph\">{\"@context\":\"https:\\\/\\\/schema.org\",\"@graph\":[{\"@type\":\"WebPage\",\"@id\":\"https:\\\/\\\/brightfish.com\\\/fr\\\/technology\\\/bedside\\\/\",\"url\":\"https:\\\/\\\/brightfish.com\\\/fr\\\/technology\\\/bedside\\\/\",\"name\":\"BRIGHTFISH\",\"isPartOf\":{\"@id\":\"https:\\\/\\\/brightfish.com\\\/fr\\\/#website\"},\"primaryImageOfPage\":{\"@id\":\"https:\\\/\\\/brightfish.com\\\/fr\\\/technology\\\/bedside\\\/#primaryimage\"},\"image\":{\"@id\":\"https:\\\/\\\/brightfish.com\\\/fr\\\/technology\\\/bedside\\\/#primaryimage\"},\"thumbnailUrl\":\"https:\\\/\\\/brightfish.com\\\/fr\\\/wp-content\\\/uploads\\\/sites\\\/8\\\/2022\\\/03\\\/beagleboxx-illustration-sticker-512-transparent.png\",\"datePublished\":\"2022-02-28T15:32:22+00:00\",\"dateModified\":\"2024-01-22T14:24:53+00:00\",\"breadcrumb\":{\"@id\":\"https:\\\/\\\/brightfish.com\\\/fr\\\/technology\\\/bedside\\\/#breadcrumb\"},\"inLanguage\":\"en-US\",\"potentialAction\":[{\"@type\":\"ReadAction\",\"target\":[\"https:\\\/\\\/brightfish.com\\\/fr\\\/technology\\\/bedside\\\/\"]}]},{\"@type\":\"ImageObject\",\"inLanguage\":\"en-US\",\"@id\":\"https:\\\/\\\/brightfish.com\\\/fr\\\/technology\\\/bedside\\\/#primaryimage\",\"url\":\"https:\\\/\\\/brightfish.com\\\/fr\\\/wp-content\\\/uploads\\\/sites\\\/8\\\/2022\\\/03\\\/beagleboxx-illustration-sticker-512-transparent.png\",\"contentUrl\":\"https:\\\/\\\/brightfish.com\\\/fr\\\/wp-content\\\/uploads\\\/sites\\\/8\\\/2022\\\/03\\\/beagleboxx-illustration-sticker-512-transparent.png\",\"width\":512,\"height\":512},{\"@type\":\"BreadcrumbList\",\"@id\":\"https:\\\/\\\/brightfish.com\\\/fr\\\/technology\\\/bedside\\\/#breadcrumb\",\"itemListElement\":[{\"@type\":\"ListItem\",\"position\":1,\"name\":\"Home\",\"item\":\"https:\\\/\\\/brightfish.com\\\/fr\\\/\"},{\"@type\":\"ListItem\",\"position\":2,\"name\":\"Technologie\",\"item\":\"https:\\\/\\\/brightfish.com\\\/fr\\\/technology\\\/\"},{\"@type\":\"ListItem\",\"position\":3,\"name\":\"Bedside\"}]},{\"@type\":\"WebSite\",\"@id\":\"https:\\\/\\\/brightfish.com\\\/fr\\\/#website\",\"url\":\"https:\\\/\\\/brightfish.com\\\/fr\\\/\",\"name\":\"BRIGHTFISH\",\"description\":\"Bright technology\",\"potentialAction\":[{\"@type\":\"SearchAction\",\"target\":{\"@type\":\"EntryPoint\",\"urlTemplate\":\"https:\\\/\\\/brightfish.com\\\/fr\\\/?s={search_term_string}\"},\"query-input\":{\"@type\":\"PropertyValueSpecification\",\"valueRequired\":true,\"valueName\":\"search_term_string\"}}],\"inLanguage\":\"en-US\"}]}<\/script>\n<!-- \/ Yoast SEO plugin. -->","yoast_head_json":{"title":"Bedside - Brightfish","robots":{"index":"index","follow":"follow","max-snippet":"max-snippet:-1","max-image-preview":"max-image-preview:large","max-video-preview":"max-video-preview:-1"},"canonical":"https:\/\/brightfish.com\/fr\/technology\/bedside\/","og_locale":"fr_FR","og_type":"article","og_title":"Bedside - Brightfish","og_description":"Offrez \u00e0 vos patients ind\u00e9pendance et confort pendant leur s\u00e9jour avec notre application Bedside Faites participer vos patients avec des informations personnalis\u00e9es et pertinentes,...","og_url":"https:\/\/brightfish.com\/fr\/technology\/bedside\/","og_site_name":"BRIGHTFISH","article_modified_time":"2024-01-22T14:24:53+00:00","og_image":[{"url":"https:\/\/brightfish.com\/fr\/wp-content\/uploads\/sites\/8\/2022\/03\/beagleboxx-illustration-sticker-512-transparent.png","type":"","width":"","height":""}],"twitter_card":"summary_large_image","twitter_misc":{"Est. reading time":"4 minutes"},"schema":{"@context":"https:\/\/schema.org","@graph":[{"@type":"WebPage","@id":"https:\/\/brightfish.com\/fr\/technology\/bedside\/","url":"https:\/\/brightfish.com\/fr\/technology\/bedside\/","name":"BRIGHTFISH","isPartOf":{"@id":"https:\/\/brightfish.com\/fr\/#website"},"primaryImageOfPage":{"@id":"https:\/\/brightfish.com\/fr\/technology\/bedside\/#primaryimage"},"image":{"@id":"https:\/\/brightfish.com\/fr\/technology\/bedside\/#primaryimage"},"thumbnailUrl":"https:\/\/brightfish.com\/fr\/wp-content\/uploads\/sites\/8\/2022\/03\/beagleboxx-illustration-sticker-512-transparent.png","datePublished":"2022-02-28T15:32:22+00:00","dateModified":"2024-01-22T14:24:53+00:00","breadcrumb":{"@id":"https:\/\/brightfish.com\/fr\/technology\/bedside\/#breadcrumb"},"inLanguage":"en-US","potentialAction":[{"@type":"ReadAction","target":["https:\/\/brightfish.com\/fr\/technology\/bedside\/"]}]},{"@type":"ImageObject","inLanguage":"en-US","@id":"https:\/\/brightfish.com\/fr\/technology\/bedside\/#primaryimage","url":"https:\/\/brightfish.com\/fr\/wp-content\/uploads\/sites\/8\/2022\/03\/beagleboxx-illustration-sticker-512-transparent.png","contentUrl":"https:\/\/brightfish.com\/fr\/wp-content\/uploads\/sites\/8\/2022\/03\/beagleboxx-illustration-sticker-512-transparent.png","width":512,"height":512},{"@type":"BreadcrumbList","@id":"https:\/\/brightfish.com\/fr\/technology\/bedside\/#breadcrumb","itemListElement":[{"@type":"ListItem","position":1,"name":"Home","item":"https:\/\/brightfish.com\/fr\/"},{"@type":"ListItem","position":2,"name":"Technologie","item":"https:\/\/brightfish.com\/fr\/technology\/"},{"@type":"ListItem","position":3,"name":"Bedside"}]},{"@type":"WebSite","@id":"https:\/\/brightfish.com\/fr\/#website","url":"https:\/\/brightfish.com\/fr\/","name":"BRIGHTFISH","description":"Bright technology","potentialAction":[{"@type":"SearchAction","target":{"@type":"EntryPoint","urlTemplate":"https:\/\/brightfish.com\/fr\/?s={search_term_string}"},"query-input":{"@type":"PropertyValueSpecification","valueRequired":true,"valueName":"search_term_string"}}],"inLanguage":"en-US"}]}},"_links":{"self":[{"href":"https:\/\/brightfish.com\/fr\/wp-json\/wp\/v2\/pages\/65","targetHints":{"allow":["GET"]}}],"collection":[{"href":"https:\/\/brightfish.com\/fr\/wp-json\/wp\/v2\/pages"}],"about":[{"href":"https:\/\/brightfish.com\/fr\/wp-json\/wp\/v2\/types\/page"}],"author":[{"embeddable":true,"href":"https:\/\/brightfish.com\/fr\/wp-json\/wp\/v2\/users\/1"}],"replies":[{"embeddable":true,"href":"https:\/\/brightfish.com\/fr\/wp-json\/wp\/v2\/comments?post=65"}],"version-history":[{"count":57,"href":"https:\/\/brightfish.com\/fr\/wp-json\/wp\/v2\/pages\/65\/revisions"}],"predecessor-version":[{"id":1880,"href":"https:\/\/brightfish.com\/fr\/wp-json\/wp\/v2\/pages\/65\/revisions\/1880"}],"up":[{"embeddable":true,"href":"https:\/\/brightfish.com\/fr\/wp-json\/wp\/v2\/pages\/45"}],"wp:attachment":[{"href":"https:\/\/brightfish.com\/fr\/wp-json\/wp\/v2\/media?parent=65"}],"curies":[{"name":"wp","href":"https:\/\/api.w.org\/{rel}","templated":true}]}}