{"id":63,"date":"2022-02-28T16:30:38","date_gmt":"2022-02-28T15:30:38","guid":{"rendered":"https:\/\/brightfish.com\/fr\/?page_id=63"},"modified":"2024-01-22T16:03:44","modified_gmt":"2024-01-22T15:03:44","slug":"insight","status":"publish","type":"page","link":"https:\/\/brightfish.com\/fr\/technology\/insight\/","title":{"rendered":"Insight"},"content":{"rendered":"\n<div class=\"brightfish-arrows\">\n  <div class=\"arrows variation-b right\" style=\"transform: translate(-60px, 0px)\">\n      <svg class=\"arrow\" pos=\"0\" viewBox=\"0 0 113 188\" fill=\"none\" xmlns=\"http:\/\/www.w3.org\/2000\/svg\"><path d=\"M0 0C20.6551 25.7457 33.032 58.3891 33.032 94C33.032 129.531 20.6551 162.254 0 188L113 94L0 0Z\" fill=\"#FF8C0C\"\/><\/svg>\n    <svg class=\"arrow\" viewBox=\"0 0 113 188\" fill=\"none\" xmlns=\"http:\/\/www.w3.org\/2000\/svg\"><path d=\"M0 0C20.6551 25.7457 33.032 58.3891 33.032 94C33.032 129.531 20.6551 162.254 0 188L113 94L0 0Z\" fill=\"#FF8C0C\"\/><\/svg>\n      <\/div>\n<\/div>\n\n\n\n<div class=\"acf-block-spacer\">\n  <div class=\"spacer has-height-96\"><\/div>\n<\/div>\n\n\n\n<div class=\"wp-block-columns alignwide are-vertically-aligned-center is-layout-flex wp-container-core-columns-is-layout-9d6595d7 wp-block-columns-is-layout-flex\">\n<div class=\"wp-block-column is-vertically-aligned-center is-layout-flow wp-block-column-is-layout-flow\" style=\"padding-top:0px;padding-right:0px;padding-bottom:0px;padding-left:0px\">\n<figure class=\"wp-block-image size-full is-resized has-margin-bottom-30\"><img loading=\"lazy\" decoding=\"async\" width=\"512\" height=\"512\" src=\"https:\/\/brightfish.com\/fr\/wp-content\/uploads\/sites\/8\/2022\/03\/insight-illustration-sticker-512-transparent.png\" alt=\"\" class=\"wp-image-551\" style=\"width:132px;height:132px\" srcset=\"https:\/\/brightfish.com\/fr\/wp-content\/uploads\/sites\/8\/2022\/03\/insight-illustration-sticker-512-transparent.png 512w, https:\/\/brightfish.com\/fr\/wp-content\/uploads\/sites\/8\/2022\/03\/insight-illustration-sticker-512-transparent-300x300.png 300w, https:\/\/brightfish.com\/fr\/wp-content\/uploads\/sites\/8\/2022\/03\/insight-illustration-sticker-512-transparent-150x150.png 150w\" sizes=\"auto, (max-width: 512px) 100vw, 512px\" \/><\/figure>\n\n\n\n<h1 class=\"wp-block-heading\">Rendez vos donn\u00e9es patient exploitables et r\u00e9utilisables avec <mark class=\"has-inline-color has-brightfish-orange-70-color\">Insight<\/mark><\/h1>\n\n\n\n<p>Rendez les donn\u00e9es captur\u00e9es par nos solutions <strong>CarePath<\/strong> et <strong>Bedside<\/strong> pertinentes pour vos m\u00e9decins lors de leur interaction avec les patients.<\/p>\n\n\n\n<div class=\"wp-block-buttons is-layout-flex wp-block-buttons-is-layout-flex\">\n<div class=\"wp-block-button modal-trigger mdl-contact-us\"><a class=\"wp-block-button__link has-brightfish-orange-70-background-color has-background wp-element-button\">Demander une d\u00e9mo<\/a><\/div>\n<\/div>\n<\/div>\n\n\n\n<div class=\"wp-block-column is-vertically-aligned-center is-layout-flow wp-block-column-is-layout-flow\" style=\"flex-basis:50%\">\n<figure class=\"wp-block-image size-large is-style-default\"><img loading=\"lazy\" decoding=\"async\" width=\"1400\" height=\"1292\" src=\"https:\/\/brightfish.com\/fr\/wp-content\/uploads\/sites\/8\/2022\/03\/imac-ndt-01-left_small-1-e1649485674839-1400x1292.jpg\" alt=\"\" class=\"wp-image-941\" srcset=\"https:\/\/brightfish.com\/fr\/wp-content\/uploads\/sites\/8\/2022\/03\/imac-ndt-01-left_small-1-e1649485674839-1400x1292.jpg 1400w, https:\/\/brightfish.com\/fr\/wp-content\/uploads\/sites\/8\/2022\/03\/imac-ndt-01-left_small-1-e1649485674839-600x554.jpg 600w, https:\/\/brightfish.com\/fr\/wp-content\/uploads\/sites\/8\/2022\/03\/imac-ndt-01-left_small-1-e1649485674839-768x709.jpg 768w, https:\/\/brightfish.com\/fr\/wp-content\/uploads\/sites\/8\/2022\/03\/imac-ndt-01-left_small-1-e1649485674839-1536x1417.jpg 1536w, https:\/\/brightfish.com\/fr\/wp-content\/uploads\/sites\/8\/2022\/03\/imac-ndt-01-left_small-1-e1649485674839.jpg 1685w\" sizes=\"auto, (max-width: 1400px) 100vw, 1400px\" \/><\/figure>\n<\/div>\n<\/div>\n\n\n\n  <div class=\"acf-block-modal\">\n\n    <div class=\"modal\" id=\"mdl-contact-us\">\n\n      <div class=\"container normal form\">\n\n        <div class=\"close\">\n          <span><\/span>\n          <span><\/span>\n          <span><\/span>\n        <\/div>\n\n        <div class=\"content\">\n          <div class=\"inner\">\n            <div class=\"close-spacer\"><\/div>\n            \n\n<h2 class=\"wp-block-heading has-x-3-large-font-size\">Contact us<\/h2>\n\n\n\n<p>Please fill in the form below, and one of our employees will contact you as soon as possible.<\/p>\n\n\n\n<div class=\"wpcf7 no-js\" id=\"wpcf7-f17-o1\" lang=\"en-US\" dir=\"ltr\" data-wpcf7-id=\"17\">\n<div class=\"screen-reader-response\"><p role=\"status\" aria-live=\"polite\" aria-atomic=\"true\"><\/p> <ul><\/ul><\/div>\n<form action=\"\/fr\/wp-json\/wp\/v2\/pages\/63#wpcf7-f17-o1\" method=\"post\" class=\"wpcf7-form init\" aria-label=\"Contact form\" novalidate=\"novalidate\" data-status=\"init\">\n<fieldset class=\"hidden-fields-container\"><input type=\"hidden\" name=\"_wpcf7\" value=\"17\" \/><input type=\"hidden\" name=\"_wpcf7_version\" value=\"6.1.5\" \/><input type=\"hidden\" name=\"_wpcf7_locale\" value=\"en_US\" \/><input type=\"hidden\" name=\"_wpcf7_unit_tag\" value=\"wpcf7-f17-o1\" \/><input type=\"hidden\" name=\"_wpcf7_container_post\" value=\"0\" \/><input type=\"hidden\" name=\"_wpcf7_posted_data_hash\" value=\"\" \/>\n<\/fieldset>\n<label class=\"label-transform\">\n<span class=\"wpcf7-form-control-wrap\" data-name=\"name-sender\"><input size=\"40\" maxlength=\"400\" class=\"wpcf7-form-control wpcf7-text wpcf7-validates-as-required\" aria-required=\"true\" aria-invalid=\"false\" value=\"\" type=\"text\" name=\"name-sender\" \/><\/span>\n<span class=\"placeholder\">Your name<\/span>\n<\/label>\n\n<label class=\"label-transform\">\n<span class=\"wpcf7-form-control-wrap\" data-name=\"company-sender\"><input size=\"40\" maxlength=\"400\" class=\"wpcf7-form-control wpcf7-text\" aria-invalid=\"false\" value=\"\" type=\"text\" name=\"company-sender\" \/><\/span>\n<span class=\"placeholder\">Company name<\/span>\n<\/label>\n\n<label class=\"label-transform\">\n<span class=\"wpcf7-form-control-wrap\" data-name=\"mail-sender\"><input size=\"40\" maxlength=\"400\" class=\"wpcf7-form-control wpcf7-email wpcf7-validates-as-required wpcf7-text wpcf7-validates-as-email\" aria-required=\"true\" aria-invalid=\"false\" value=\"\" type=\"email\" name=\"mail-sender\" \/><\/span>\n<span class=\"placeholder\">Your email address<\/span>\n<\/label>\n\n\n<label class=\"label-transform\">\n<span class=\"wpcf7-form-control-wrap\" data-name=\"phone-sender\"><input size=\"40\" maxlength=\"400\" class=\"wpcf7-form-control wpcf7-tel wpcf7-text wpcf7-validates-as-tel\" aria-invalid=\"false\" value=\"\" type=\"tel\" name=\"phone-sender\" \/><\/span>\n<span class=\"placeholder\">Phone number<\/span>\n<\/label>\n\n<label class=\"label-transform autosize\">\n<span class=\"wpcf7-form-control-wrap\" data-name=\"message\"><textarea cols=\"40\" rows=\"10\" maxlength=\"2000\" class=\"wpcf7-form-control wpcf7-textarea wpcf7-validates-as-required\" aria-required=\"true\" aria-invalid=\"false\" name=\"message\"><\/textarea><\/span>\n<span class=\"placeholder\">I'm interested in...<\/span>\n<\/label>\n\n\n<span class=\"wpcf7-form-control-wrap\" data-name=\"hcap-cf7\">\t\t<input\n\t\t\t\ttype=\"hidden\"\n\t\t\t\tclass=\"hcaptcha-widget-id\"\n\t\t\t\tname=\"hcaptcha-widget-id\"\n\t\t\t\tvalue=\"eyJzb3VyY2UiOlsiY29udGFjdC1mb3JtLTdcL3dwLWNvbnRhY3QtZm9ybS03LnBocCJdLCJmb3JtX2lkIjoxN30=-648e685ef34e059d96caeb7ca17fd312\">\n\t\t\t\t<span id=\"hcap_cf7-69f0b5b344acc5.06551402\" class=\"wpcf7-form-control h-captcha \"\n\t\t\tdata-sitekey=\"10000000-ffff-ffff-ffff-000000000001\"\n\t\t\tdata-theme=\"light\"\n\t\t\tdata-size=\"normal\"\n\t\t\tdata-auto=\"false\"\n\t\t\tdata-ajax=\"false\"\n\t\t\tdata-force=\"false\">\n\t\t<\/span>\n\t\t<input type=\"hidden\" id=\"_wpnonce\" name=\"_wpnonce\" value=\"6c6767b1ba\" \/><input type=\"hidden\" name=\"_wp_http_referer\" value=\"\/fr\/wp-json\/wp\/v2\/pages\/63\" \/><\/span><input class=\"wpcf7-form-control wpcf7-submit has-spinner\" type=\"submit\" value=\"Send\" \/><div class=\"wpcf7-response-output\" aria-hidden=\"true\"><\/div>\n<\/form>\n<\/div>\n\n\n\n          <\/div>\n        <\/div>\n\n      <\/div>\n\n      <div class=\"overlay\"><\/div>\n\n    <\/div>\n\n  <\/div>\n\n\n\n\n<div class=\"acf-block-spacer\">\n  <div class=\"spacer has-height-96\"><\/div>\n<\/div>\n\n\n\n<div class=\"wp-block-group alignfull has-brightfish-orange-10-background-color has-background\"><div class=\"wp-block-group__inner-container is-layout-flow wp-block-group-is-layout-flow\">\n<h2 class=\"wp-block-heading has-text-align-center\">Notre solution <mark class=\"has-inline-color has-brightfish-orange-70-color\">Insight<\/mark> vous permet de :<\/h2>\n\n\n\n<div class=\"acf-block-spacer\">\n  <div class=\"spacer has-height-36\"><\/div>\n<\/div>\n\n\n\n<div class=\"wp-block-columns is-layout-flex wp-container-core-columns-is-layout-9d6595d7 wp-block-columns-is-layout-flex\">\n<div class=\"wp-block-column has-white-background-color has-background is-layout-flow wp-block-column-is-layout-flow\" style=\"padding-top:20px;padding-right:20px;padding-bottom:20px;padding-left:20px\">\n<figure class=\"wp-block-image size-full is-resized has-margin-bottom-10\"><img loading=\"lazy\" decoding=\"async\" width=\"86\" height=\"77\" src=\"https:\/\/brightfish.com\/fr\/wp-content\/uploads\/sites\/8\/2022\/03\/computer.png\" alt=\"\" class=\"wp-image-191\" style=\"width:43px;height:39px\" \/><\/figure>\n\n\n\n<p><strong><mark class=\"has-inline-color has-brightfish-orange-70-color\">\u00c9tablir des tableaux de bord percutants<\/mark><\/strong>, ouverts depuis votre syst\u00e8me DME, qui contribuent \u00e0 comprendre ce qui est pertinent pour un patient sp\u00e9cifique.<\/p>\n<\/div>\n\n\n\n<div class=\"wp-block-column has-white-background-color has-background is-layout-flow wp-block-column-is-layout-flow\" style=\"padding-top:20px;padding-right:20px;padding-bottom:20px;padding-left:20px\">\n<figure class=\"wp-block-image size-full is-resized has-margin-bottom-10\"><img loading=\"lazy\" decoding=\"async\" width=\"72\" height=\"73\" src=\"https:\/\/brightfish.com\/fr\/wp-content\/uploads\/sites\/8\/2022\/03\/medical_services.png\" alt=\"\" class=\"wp-image-193\" style=\"width:36px;height:37px\" \/><\/figure>\n\n\n\n<p><strong><mark class=\"has-inline-color has-brightfish-orange-70-color\">Cr\u00e9er une vue d&#8217;ensemble plus exploitable sur le patient<\/mark><\/strong> en combinant les donn\u00e9es d\u00e9clar\u00e9es par les patients et les donn\u00e9es suppl\u00e9mentaires provenant d&#8217;autres syst\u00e8mes de votre h\u00f4pital.<\/p>\n<\/div>\n\n\n\n<div class=\"wp-block-column has-white-background-color has-background is-layout-flow wp-block-column-is-layout-flow\" style=\"padding-top:20px;padding-right:20px;padding-bottom:20px;padding-left:20px\">\n<figure class=\"wp-block-image size-full is-resized has-margin-bottom-10\"><img loading=\"lazy\" decoding=\"async\" width=\"86\" height=\"77\" src=\"https:\/\/brightfish.com\/fr\/wp-content\/uploads\/sites\/8\/2022\/03\/computer.png\" alt=\"\" class=\"wp-image-191\" style=\"width:43px;height:39px\" \/><\/figure>\n\n\n\n<p class=\"has-marign-bottom-0\"><strong><mark class=\"has-inline-color has-brightfish-orange-70-color\">Structurer, organiser et extraire vos donn\u00e9es<\/mark><\/strong>, pr\u00eates \u00e0 \u00eatre utilis\u00e9es dans votre travail avec des tiers \u2013 de l&#8217;analyse plus approfondie aux contributions de donn\u00e9es de r\u00e9f\u00e9rence automatis\u00e9es nationales et internationales.<\/p>\n<\/div>\n<\/div>\n<\/div><\/div>\n\n\n\n<div class=\"acf-block-spacer\">\n  <div class=\"spacer has-height-48\"><\/div>\n<\/div>\n\n\n\n<h2 class=\"wp-block-heading has-text-align-center\">Comment <mark class=\"has-inline-color has-brightfish-orange-70-color\">Insight<\/mark> fonctionne-t-il concr\u00e8tement ?<\/h2>\n\n\n\n<p class=\"has-text-align-center has-medium-font-size\">Le tableau de bord Insight est configur\u00e9 \u00e0 trois niveaux diff\u00e9rents<\/p>\n\n\n\n<div class=\"wp-block-columns is-layout-flex wp-container-core-columns-is-layout-9d6595d7 wp-block-columns-is-layout-flex\">\n<div class=\"wp-block-column is-layout-flow wp-block-column-is-layout-flow\">\n<p><strong><mark class=\"has-inline-color has-brightfish-orange-80-color\">Tableaux de bord des salles de traitement<\/mark><\/strong><\/p>\n\n\n\n<p>Ce niveau principal d\u2019analyse est le cas patient unique, destin\u00e9 \u00e0 \u00e9tayer les discussions en salle de soins. Une page d\u2019aper\u00e7u centr\u00e9e sur le patient fournit une indication des param\u00e8tres de qualit\u00e9 de vie. Les commentaires des patients sont document\u00e9s dans des pages d\u00e9taill\u00e9es qui traitent les scores par enqu\u00eate ou domaine. Cela permet \u00e0 vos professionnels de sant\u00e9 de mieux comprendre leurs patients et d\u2019am\u00e9liorer les soins et le traitement des patients.&nbsp;<\/p>\n<\/div>\n\n\n\n<div class=\"wp-block-column is-layout-flow wp-block-column-is-layout-flow\">\n<p><strong><mark class=\"has-inline-color has-brightfish-orange-80-color\">Tableaux de bord du responsable qualit\u00e9<\/mark><\/strong><\/p>\n\n\n\n<p>Au niveau du service, de la sp\u00e9cialit\u00e9 ou du groupe de maladies, notre tableau de bord Quality Manager (gestionnaire de la qualit\u00e9) fournit des informations sur les groupes de patients et leurs r\u00e9sultats dans le temps (moyennes, \u00e9carts-types et tendances). L&#8217;objectif de ces tableaux de bord est d\u2019inspirer des discussions sur la prestation efficace de soins de sant\u00e9.<\/p>\n<\/div>\n\n\n\n<div class=\"wp-block-column is-layout-flow wp-block-column-is-layout-flow\">\n<p><strong><mark class=\"has-inline-color has-brightfish-orange-80-color\">Tableaux de bord gestionnaires de registre<\/mark><\/strong><\/p>\n\n\n\n<p>Le gestionnaire de registre g\u00e8re les invitations, les taux de r\u00e9ponse et d&#8217;autres sujets li\u00e9s \u00e0 la collecte de donn\u00e9es et \u00e0 sa gestion. Ce tableau de bord vous aide \u00e0 optimiser les taux de conformit\u00e9.<\/p>\n<\/div>\n<\/div>\n\n\n\n<div class=\"acf-block-spacer\">\n  <div class=\"spacer has-height-48\"><\/div>\n<\/div>\n\n\n\n<div class=\"wp-block-group alignfull has-brightfish-orange-10-background-color has-background\"><div class=\"wp-block-group__inner-container is-layout-flow wp-block-group-is-layout-flow\">\n<div class=\"acf-block-spacer\">\n  <div class=\"spacer has-height-36\"><\/div>\n<\/div>\n\n\n\n<div class=\"wp-block-columns are-vertically-aligned-center mobile-reverse-order is-style-large-gap is-layout-flex wp-container-core-columns-is-layout-9d6595d7 wp-block-columns-is-layout-flex\">\n<div class=\"wp-block-column is-vertically-aligned-center is-layout-flow wp-block-column-is-layout-flow\" style=\"padding-top:0px;padding-right:0px;padding-bottom:0px;padding-left:0px\">\n<h2 class=\"wp-block-heading has-x-3-large-font-size\">\u00cates-vous pr\u00eat \u00e0 am\u00e9liorer l&#8217;exp\u00e9rience de vos patients avec <mark class=\"has-inline-color has-brightfish-orange-70-color\">Insight<\/mark>&nbsp;?<br><\/h2>\n\n\n\n<div class=\"acf-block-spacer\">\n  <div class=\"spacer has-height-36\"><\/div>\n<\/div>\n\n\n\n<div class=\"wp-block-buttons is-layout-flex wp-block-buttons-is-layout-flex\">\n<div class=\"wp-block-button modal-trigger mdl-contact-us\"><a class=\"wp-block-button__link has-brightfish-orange-70-background-color has-background wp-element-button\" href=\"https:\/\/brightfish.com\/fr\/technology\/\">Demander une d\u00e9mo<\/a><\/div>\n<\/div>\n<\/div>\n\n\n\n<div class=\"wp-block-column is-vertically-aligned-center is-layout-flow wp-block-column-is-layout-flow\" style=\"flex-basis:50%\"><\/div>\n<\/div>\n<\/div><\/div>\n","protected":false},"excerpt":{"rendered":"<p>Rendez vos donn\u00e9es patient exploitables et r\u00e9utilisables avec Insight Rendez les donn\u00e9es captur\u00e9es par nos solutions CarePath et Bedside pertinentes pour vos m\u00e9decins lors&#8230;<\/p>\n","protected":false},"author":1,"featured_media":0,"parent":45,"menu_order":0,"comment_status":"closed","ping_status":"closed","template":"","meta":{"_acf_changed":false,"footnotes":""},"class_list":["post-63","page","type-page","status-publish","hentry"],"acf":[],"yoast_head":"<!-- This site is optimized with the Yoast SEO plugin v27.4 - https:\/\/yoast.com\/product\/yoast-seo-wordpress\/ -->\n<title>Insight - Brightfish<\/title>\n<meta name=\"robots\" content=\"index, follow, max-snippet:-1, max-image-preview:large, max-video-preview:-1\" \/>\n<link rel=\"canonical\" href=\"https:\/\/brightfish.com\/fr\/technology\/insight\/\" \/>\n<meta property=\"og:locale\" content=\"fr_FR\" \/>\n<meta property=\"og:type\" content=\"article\" \/>\n<meta property=\"og:title\" content=\"Insight - Brightfish\" \/>\n<meta property=\"og:description\" content=\"Rendez vos donn\u00e9es patient exploitables et r\u00e9utilisables avec Insight Rendez les donn\u00e9es captur\u00e9es par nos solutions CarePath et Bedside pertinentes pour vos m\u00e9decins lors...\" \/>\n<meta property=\"og:url\" content=\"https:\/\/brightfish.com\/fr\/technology\/insight\/\" \/>\n<meta property=\"og:site_name\" content=\"BRIGHTFISH\" \/>\n<meta property=\"article:modified_time\" content=\"2024-01-22T15:03:44+00:00\" \/>\n<meta property=\"og:image\" content=\"https:\/\/brightfish.com\/fr\/wp-content\/uploads\/sites\/8\/2022\/03\/insight-illustration-sticker-512-transparent.png\" \/>\n<meta name=\"twitter:card\" content=\"summary_large_image\" \/>\n<meta name=\"twitter:label1\" content=\"Est. reading time\" \/>\n\t<meta name=\"twitter:data1\" content=\"3 minutes\" \/>\n<script type=\"application\/ld+json\" class=\"yoast-schema-graph\">{\"@context\":\"https:\\\/\\\/schema.org\",\"@graph\":[{\"@type\":\"WebPage\",\"@id\":\"https:\\\/\\\/brightfish.com\\\/fr\\\/technology\\\/insight\\\/\",\"url\":\"https:\\\/\\\/brightfish.com\\\/fr\\\/technology\\\/insight\\\/\",\"name\":\"BRIGHTFISH\",\"isPartOf\":{\"@id\":\"https:\\\/\\\/brightfish.com\\\/fr\\\/#website\"},\"primaryImageOfPage\":{\"@id\":\"https:\\\/\\\/brightfish.com\\\/fr\\\/technology\\\/insight\\\/#primaryimage\"},\"image\":{\"@id\":\"https:\\\/\\\/brightfish.com\\\/fr\\\/technology\\\/insight\\\/#primaryimage\"},\"thumbnailUrl\":\"https:\\\/\\\/brightfish.com\\\/fr\\\/wp-content\\\/uploads\\\/sites\\\/8\\\/2022\\\/03\\\/insight-illustration-sticker-512-transparent.png\",\"datePublished\":\"2022-02-28T15:30:38+00:00\",\"dateModified\":\"2024-01-22T15:03:44+00:00\",\"breadcrumb\":{\"@id\":\"https:\\\/\\\/brightfish.com\\\/fr\\\/technology\\\/insight\\\/#breadcrumb\"},\"inLanguage\":\"en-US\",\"potentialAction\":[{\"@type\":\"ReadAction\",\"target\":[\"https:\\\/\\\/brightfish.com\\\/fr\\\/technology\\\/insight\\\/\"]}]},{\"@type\":\"ImageObject\",\"inLanguage\":\"en-US\",\"@id\":\"https:\\\/\\\/brightfish.com\\\/fr\\\/technology\\\/insight\\\/#primaryimage\",\"url\":\"https:\\\/\\\/brightfish.com\\\/fr\\\/wp-content\\\/uploads\\\/sites\\\/8\\\/2022\\\/03\\\/insight-illustration-sticker-512-transparent.png\",\"contentUrl\":\"https:\\\/\\\/brightfish.com\\\/fr\\\/wp-content\\\/uploads\\\/sites\\\/8\\\/2022\\\/03\\\/insight-illustration-sticker-512-transparent.png\",\"width\":512,\"height\":512},{\"@type\":\"BreadcrumbList\",\"@id\":\"https:\\\/\\\/brightfish.com\\\/fr\\\/technology\\\/insight\\\/#breadcrumb\",\"itemListElement\":[{\"@type\":\"ListItem\",\"position\":1,\"name\":\"Home\",\"item\":\"https:\\\/\\\/brightfish.com\\\/fr\\\/\"},{\"@type\":\"ListItem\",\"position\":2,\"name\":\"Technologie\",\"item\":\"https:\\\/\\\/brightfish.com\\\/fr\\\/technology\\\/\"},{\"@type\":\"ListItem\",\"position\":3,\"name\":\"Insight\"}]},{\"@type\":\"WebSite\",\"@id\":\"https:\\\/\\\/brightfish.com\\\/fr\\\/#website\",\"url\":\"https:\\\/\\\/brightfish.com\\\/fr\\\/\",\"name\":\"BRIGHTFISH\",\"description\":\"Bright technology\",\"potentialAction\":[{\"@type\":\"SearchAction\",\"target\":{\"@type\":\"EntryPoint\",\"urlTemplate\":\"https:\\\/\\\/brightfish.com\\\/fr\\\/?s={search_term_string}\"},\"query-input\":{\"@type\":\"PropertyValueSpecification\",\"valueRequired\":true,\"valueName\":\"search_term_string\"}}],\"inLanguage\":\"en-US\"}]}<\/script>\n<!-- \/ Yoast SEO plugin. -->","yoast_head_json":{"title":"Insight - Brightfish","robots":{"index":"index","follow":"follow","max-snippet":"max-snippet:-1","max-image-preview":"max-image-preview:large","max-video-preview":"max-video-preview:-1"},"canonical":"https:\/\/brightfish.com\/fr\/technology\/insight\/","og_locale":"fr_FR","og_type":"article","og_title":"Insight - Brightfish","og_description":"Rendez vos donn\u00e9es patient exploitables et r\u00e9utilisables avec Insight Rendez les donn\u00e9es captur\u00e9es par nos solutions CarePath et Bedside pertinentes pour vos m\u00e9decins lors...","og_url":"https:\/\/brightfish.com\/fr\/technology\/insight\/","og_site_name":"BRIGHTFISH","article_modified_time":"2024-01-22T15:03:44+00:00","og_image":[{"url":"https:\/\/brightfish.com\/fr\/wp-content\/uploads\/sites\/8\/2022\/03\/insight-illustration-sticker-512-transparent.png","type":"","width":"","height":""}],"twitter_card":"summary_large_image","twitter_misc":{"Est. reading time":"3 minutes"},"schema":{"@context":"https:\/\/schema.org","@graph":[{"@type":"WebPage","@id":"https:\/\/brightfish.com\/fr\/technology\/insight\/","url":"https:\/\/brightfish.com\/fr\/technology\/insight\/","name":"BRIGHTFISH","isPartOf":{"@id":"https:\/\/brightfish.com\/fr\/#website"},"primaryImageOfPage":{"@id":"https:\/\/brightfish.com\/fr\/technology\/insight\/#primaryimage"},"image":{"@id":"https:\/\/brightfish.com\/fr\/technology\/insight\/#primaryimage"},"thumbnailUrl":"https:\/\/brightfish.com\/fr\/wp-content\/uploads\/sites\/8\/2022\/03\/insight-illustration-sticker-512-transparent.png","datePublished":"2022-02-28T15:30:38+00:00","dateModified":"2024-01-22T15:03:44+00:00","breadcrumb":{"@id":"https:\/\/brightfish.com\/fr\/technology\/insight\/#breadcrumb"},"inLanguage":"en-US","potentialAction":[{"@type":"ReadAction","target":["https:\/\/brightfish.com\/fr\/technology\/insight\/"]}]},{"@type":"ImageObject","inLanguage":"en-US","@id":"https:\/\/brightfish.com\/fr\/technology\/insight\/#primaryimage","url":"https:\/\/brightfish.com\/fr\/wp-content\/uploads\/sites\/8\/2022\/03\/insight-illustration-sticker-512-transparent.png","contentUrl":"https:\/\/brightfish.com\/fr\/wp-content\/uploads\/sites\/8\/2022\/03\/insight-illustration-sticker-512-transparent.png","width":512,"height":512},{"@type":"BreadcrumbList","@id":"https:\/\/brightfish.com\/fr\/technology\/insight\/#breadcrumb","itemListElement":[{"@type":"ListItem","position":1,"name":"Home","item":"https:\/\/brightfish.com\/fr\/"},{"@type":"ListItem","position":2,"name":"Technologie","item":"https:\/\/brightfish.com\/fr\/technology\/"},{"@type":"ListItem","position":3,"name":"Insight"}]},{"@type":"WebSite","@id":"https:\/\/brightfish.com\/fr\/#website","url":"https:\/\/brightfish.com\/fr\/","name":"BRIGHTFISH","description":"Bright technology","potentialAction":[{"@type":"SearchAction","target":{"@type":"EntryPoint","urlTemplate":"https:\/\/brightfish.com\/fr\/?s={search_term_string}"},"query-input":{"@type":"PropertyValueSpecification","valueRequired":true,"valueName":"search_term_string"}}],"inLanguage":"en-US"}]}},"_links":{"self":[{"href":"https:\/\/brightfish.com\/fr\/wp-json\/wp\/v2\/pages\/63","targetHints":{"allow":["GET"]}}],"collection":[{"href":"https:\/\/brightfish.com\/fr\/wp-json\/wp\/v2\/pages"}],"about":[{"href":"https:\/\/brightfish.com\/fr\/wp-json\/wp\/v2\/types\/page"}],"author":[{"embeddable":true,"href":"https:\/\/brightfish.com\/fr\/wp-json\/wp\/v2\/users\/1"}],"replies":[{"embeddable":true,"href":"https:\/\/brightfish.com\/fr\/wp-json\/wp\/v2\/comments?post=63"}],"version-history":[{"count":40,"href":"https:\/\/brightfish.com\/fr\/wp-json\/wp\/v2\/pages\/63\/revisions"}],"predecessor-version":[{"id":1881,"href":"https:\/\/brightfish.com\/fr\/wp-json\/wp\/v2\/pages\/63\/revisions\/1881"}],"up":[{"embeddable":true,"href":"https:\/\/brightfish.com\/fr\/wp-json\/wp\/v2\/pages\/45"}],"wp:attachment":[{"href":"https:\/\/brightfish.com\/fr\/wp-json\/wp\/v2\/media?parent=63"}],"curies":[{"name":"wp","href":"https:\/\/api.w.org\/{rel}","templated":true}]}}