{"id":47,"date":"2022-02-28T15:28:00","date_gmt":"2022-02-28T14:28:00","guid":{"rendered":"https:\/\/brightfish.com\/fr\/?page_id=47"},"modified":"2022-07-05T13:46:58","modified_gmt":"2022-07-05T12:46:58","slug":"proms","status":"publish","type":"page","link":"https:\/\/brightfish.com\/fr\/solutions\/proms\/","title":{"rendered":"PROMs"},"content":{"rendered":"\n<div class=\"acf-block-spacer\">\n  <div class=\"spacer has-height-96\"><\/div>\n<\/div>\n\n\n\n<div class=\"wp-block-columns alignwide are-vertically-aligned-center mobile-reverse-order is-style-large-gap is-layout-flex wp-container-core-columns-is-layout-9d6595d7 wp-block-columns-is-layout-flex\">\n<div class=\"wp-block-column is-vertically-aligned-center is-layout-flow wp-block-column-is-layout-flow\" style=\"padding-top:0px;padding-right:0px;padding-bottom:0px;padding-left:0px\">\n<h1 class=\"wp-block-heading\">Comment faire participer les patients \u00e0 la collecte de donn\u00e9es d\u00e9clar\u00e9es par les patients (<mark class=\"has-inline-color has-brightfish-orange-70-color\">PROM et PREM<\/mark>) ou d\u2019autres donn\u00e9es de registres m\u00e9dicaux \u00a0?<\/h1>\n\n\n\n<div class=\"acf-block-spacer\">\n  <div class=\"spacer has-height-36\"><\/div>\n<\/div>\n\n\n\n<p>Faites participer les patients \u00e0 distance avec nos solutions PROM et PREM visant \u00e0 int\u00e9grer des enqu\u00eates dans votre pratique clinique quotidienne, en garantissant le bon \u00e9quilibre entre la validit\u00e9 scientifique et les exigences pratiques et op\u00e9rationnelles de votre personnel.<\/p>\n\n\n\n<div class=\"wp-block-buttons is-content-justification-left is-layout-flex wp-container-core-buttons-is-layout-fdcfc74e wp-block-buttons-is-layout-flex\">\n<div class=\"wp-block-button modal-trigger mdl-request-a-demo\"><a class=\"wp-block-button__link\">Demander une d\u00e9mo<\/a><\/div>\n<\/div>\n<\/div>\n\n\n\n<div class=\"wp-block-column is-vertically-aligned-center is-layout-flow wp-block-column-is-layout-flow\" style=\"flex-basis:50%\">\n<figure class=\"wp-block-image size-large is-style-curved\"><img loading=\"lazy\" decoding=\"async\" width=\"1024\" height=\"578\" src=\"https:\/\/brightfish.com\/fr\/wp-content\/uploads\/sites\/8\/2022\/03\/solution-page-proms-main-1024x578.jpg\" alt=\"\" class=\"wp-image-539\" srcset=\"https:\/\/brightfish.com\/fr\/wp-content\/uploads\/sites\/8\/2022\/03\/solution-page-proms-main-1024x578.jpg 1024w, https:\/\/brightfish.com\/fr\/wp-content\/uploads\/sites\/8\/2022\/03\/solution-page-proms-main-300x169.jpg 300w, https:\/\/brightfish.com\/fr\/wp-content\/uploads\/sites\/8\/2022\/03\/solution-page-proms-main-768x434.jpg 768w, https:\/\/brightfish.com\/fr\/wp-content\/uploads\/sites\/8\/2022\/03\/solution-page-proms-main-1536x867.jpg 1536w, https:\/\/brightfish.com\/fr\/wp-content\/uploads\/sites\/8\/2022\/03\/solution-page-proms-main.jpg 1920w\" sizes=\"auto, (max-width: 1024px) 100vw, 1024px\" \/><\/figure>\n<\/div>\n<\/div>\n\n\n\n<div class=\"acf-block-spacer\">\n  <div class=\"spacer has-height-96\"><\/div>\n<\/div>\n\n\n\n<div class=\"wp-block-group alignfull has-brightfish-orange-10-background-color has-background\" style=\"padding-bottom:0px\"><div class=\"wp-block-group__inner-container is-layout-flow wp-block-group-is-layout-flow\">\n<div class=\"acf-block-spacer\">\n  <div class=\"spacer has-height-12\"><\/div>\n<\/div>\n\n\n\n<div class=\"wp-block-columns is-style-large-gap is-layout-flex wp-container-core-columns-is-layout-9d6595d7 wp-block-columns-is-layout-flex\">\n<div class=\"wp-block-column is-vertically-aligned-center is-layout-flow wp-block-column-is-layout-flow\">\n<figure class=\"wp-block-image size-full is-style-rounded has-shadow\"><img loading=\"lazy\" decoding=\"async\" width=\"783\" height=\"670\" src=\"https:\/\/brightfish.com\/fr\/wp-content\/uploads\/sites\/8\/2022\/03\/image-49.png\" alt=\"\" class=\"wp-image-1040\" srcset=\"https:\/\/brightfish.com\/fr\/wp-content\/uploads\/sites\/8\/2022\/03\/image-49.png 783w, https:\/\/brightfish.com\/fr\/wp-content\/uploads\/sites\/8\/2022\/03\/image-49-300x257.png 300w, https:\/\/brightfish.com\/fr\/wp-content\/uploads\/sites\/8\/2022\/03\/image-49-768x657.png 768w\" sizes=\"auto, (max-width: 783px) 100vw, 783px\" \/><\/figure>\n<\/div>\n\n\n\n<div class=\"wp-block-column is-vertically-aligned-center is-layout-flow wp-block-column-is-layout-flow\">\n<div class=\"acf-block-spacer\">\n  <div class=\"spacer has-height-24\"><\/div>\n<\/div>\n\n\n\n<h2 class=\"wp-block-heading\">D\u00e9couvrez notre module flexible multilingue et multiplateforme d\u2019enqu\u00eates sur les donn\u00e9es d\u00e9clar\u00e9es par les patients.<\/h2>\n\n\n\n<p>Notre plateforme vous permet de d\u00e9ployer syst\u00e9matiquement des questionnaires valid\u00e9s dans plusieurs domaines m\u00e9dicaux sous votre propre marque et domaine. Une application Web ou native en plusieurs langues et dans les limites des directives scientifiques ainsi que des r\u00e9alit\u00e9s pratiques de vos op\u00e9rations quotidiennes.<br><br><strong>Notre promesse :<\/strong> nous adaptons la collecte de donn\u00e9es \u00e0 votre situation particuli\u00e8re.<br><br><\/p>\n\n\n\n<div class=\"acf-block-spacer\">\n  <div class=\"spacer has-height-36\"><\/div>\n<\/div>\n<\/div>\n<\/div>\n\n\n\n<div class=\"acf-block-spacer\">\n  <div class=\"spacer has-height-36\"><\/div>\n<\/div>\n<\/div><\/div>\n\n\n\n<div class=\"acf-block-spacer\">\n  <div class=\"spacer has-height-96\"><\/div>\n<\/div>\n\n\n\n<div class=\"wp-block-columns is-layout-flex wp-container-core-columns-is-layout-9d6595d7 wp-block-columns-is-layout-flex\">\n<div class=\"wp-block-column is-vertically-aligned-center is-layout-flow wp-block-column-is-layout-flow\">\n<h2 class=\"wp-block-heading\">Utilisez les <mark class=\"has-inline-color has-brightfish-orange-80-color\">donn\u00e9es d\u00e9clar\u00e9es par les patients<\/mark> lors de rendez-vous ou de traitements<\/h2>\n\n\n\n<p>L&#8217;utilisation des donn\u00e9es d\u00e9clar\u00e9es par les patients dans l&#8217;interaction avec les patients favorise la conformit\u00e9 \u00e0 la collecte de donn\u00e9es et augmente l&#8217;engagement des patients &#8211; Nos outils sont con\u00e7us et calibr\u00e9s dans ce but.\u00a0<\/p>\n\n\n\n<p>Notre solution destin\u00e9e aux patients collecte non seulement les donn\u00e9es d\u00e9clar\u00e9es par les patients, mais les renvoie \u00e9galement \u00e0 l&#8217;utilisateur via des tableaux de bord intuitifs. Le cas \u00e9ch\u00e9ant, accompagn\u00e9 de comparaisons entre groupes de pairs.<\/p>\n<\/div>\n\n\n\n<div class=\"wp-block-column is-vertically-aligned-center is-layout-flow wp-block-column-is-layout-flow\"><div class=\"wp-block-image\">\n<figure class=\"aligncenter size-large is-resized\"><img loading=\"lazy\" decoding=\"async\" src=\"https:\/\/brightfish.com\/fr\/wp-content\/uploads\/sites\/8\/2022\/03\/imac-ndt-01-left_small-1-924x1024.jpg\" alt=\"\" class=\"wp-image-941\" width=\"384\" height=\"424\" \/><\/figure>\n<\/div><\/div>\n<\/div>\n\n\n<div class=\"acf-block-separator alignfull spacing\">\n  <div class=\"spacer has-height-72\"><\/div>\n  <hr>\n  <div class=\"spacer has-height-72\"><\/div>\n<\/div>\n\n\n\n<div class=\"wp-block-columns is-layout-flex wp-container-core-columns-is-layout-9d6595d7 wp-block-columns-is-layout-flex\">\n<div class=\"wp-block-column is-vertically-aligned-center is-layout-flow wp-block-column-is-layout-flow\"><div class=\"wp-block-image is-style-rounded\">\n<figure class=\"aligncenter size-large is-resized\"><img loading=\"lazy\" decoding=\"async\" src=\"https:\/\/brightfish.com\/fr\/wp-content\/uploads\/sites\/8\/2022\/03\/image81-516x1024.png\" alt=\"\" class=\"wp-image-937\" width=\"239\" height=\"473\" srcset=\"https:\/\/brightfish.com\/fr\/wp-content\/uploads\/sites\/8\/2022\/03\/image81-516x1024.png 516w, https:\/\/brightfish.com\/fr\/wp-content\/uploads\/sites\/8\/2022\/03\/image81-151x300.png 151w, https:\/\/brightfish.com\/fr\/wp-content\/uploads\/sites\/8\/2022\/03\/image81-768x1524.png 768w, https:\/\/brightfish.com\/fr\/wp-content\/uploads\/sites\/8\/2022\/03\/image81-774x1536.png 774w, https:\/\/brightfish.com\/fr\/wp-content\/uploads\/sites\/8\/2022\/03\/image81.png 985w\" sizes=\"auto, (max-width: 239px) 100vw, 239px\" \/><\/figure>\n<\/div><\/div>\n\n\n\n<div class=\"wp-block-column is-vertically-aligned-center is-layout-flow wp-block-column-is-layout-flow\">\n<h2 class=\"wp-block-heading\">Fournissez une r\u00e9troaction en temps r\u00e9el au patient<\/h2>\n\n\n\n<p>Nous impl\u00e9mentons nos tableaux de bord Brightfish Insight dans vos flux de travail cliniques, DME ou autres syst\u00e8mes administratifs. Cela veut dire que nos tableaux de bord ne sdemandent qu&#8217;un seul &#8220;clic&#8221; pour votre personnel m\u00e9dical &#8211; pr\u00eats \u00e0 \u00eatre r\u00e9vis\u00e9s et mis \u00e0 jour lors de l\u2019interaction avec les patients.<\/p>\n<\/div>\n<\/div>\n\n\n<div class=\"acf-block-separator alignfull spacing\">\n  <div class=\"spacer has-height-72\"><\/div>\n  <hr>\n  <div class=\"spacer has-height-72\"><\/div>\n<\/div>\n\n\n\n<h2 class=\"has-text-align-center has-max-width-700 wp-block-heading\">Comparez vos r\u00e9sultats avec les \u00ab\u00a0<mark class=\"has-inline-color has-brightfish-orange-70-color\">National Outcome Monitors<\/mark>\u00a0\u00bb ou rejoignez<br>l\u2019un des registres internationaux<\/h2>\n\n\n\n<div class=\"acf-block-spacer\">\n  <div class=\"spacer has-height-24\"><\/div>\n<\/div>\n\n\n\n<div class=\"wp-block-columns is-layout-flex wp-container-core-columns-is-layout-9d6595d7 wp-block-columns-is-layout-flex\">\n<div class=\"wp-block-column is-vertically-aligned-top is-layout-flow wp-block-column-is-layout-flow\">\n<p>Brightfish vous permet de rejoindre des comparaisons de r\u00e9sultats entre divers prestataires de soins de sant\u00e9. Si vous cherchez \u00e0 comparer les services de votre organisation ou votre prestation de soins avec d&#8217;autres organisations, nous pouvons vous y aider de mani\u00e8re rapide et efficace.<br><br>Nos solutions peuvent se connecter entre elles afin d\u2019\u00e9changer des donn\u00e9es statistiques non personnelles en parfaite conformit\u00e9 avec le RGPD.<\/p>\n<\/div>\n\n\n\n<div class=\"wp-block-column is-vertically-aligned-top is-layout-flow wp-block-column-is-layout-flow\">\n<p>Nos solutions PROM et PREM prennent \u00e9galement en charge et administrent l\u2019extraction, la collecte et la communication de donn\u00e9es locales aux registres de r\u00e9sultats nationaux et internationaux (DICA, LROI, NVA, ICHOM et bien d\u2019autres).<br><br> Souhaitez-vous que les donn\u00e9es de nos syst\u00e8mes servent d&#8217;autres domaines\u00a0? Pas de probl\u00e8me! Nos API d\u2019entrep\u00f4t de donn\u00e9es disposent de diverses options pour extraire et\/ou exporter nos donn\u00e9es vers d\u2019autres outils de votre environnement.<\/p>\n<\/div>\n<\/div>\n\n\n\n  <div class=\"slick-logos\">\n\n    \n      <div class=\"logo\"> <div class=\"inner\"> <img loading=\"lazy\" decoding=\"async\" width=\"300\" height=\"85\" src=\"https:\/\/brightfish.com\/fr\/wp-content\/uploads\/sites\/8\/2022\/03\/ICHOM_Logo_green_RGB_200px-300x85.png\" class=\"attachment-medium size-medium\" alt=\"\" srcset=\"https:\/\/brightfish.com\/fr\/wp-content\/uploads\/sites\/8\/2022\/03\/ICHOM_Logo_green_RGB_200px-300x85.png 300w, https:\/\/brightfish.com\/fr\/wp-content\/uploads\/sites\/8\/2022\/03\/ICHOM_Logo_green_RGB_200px.png 705w\" sizes=\"auto, (max-width: 300px) 100vw, 300px\" \/> <\/div> <\/div>\n\n    \n      <div class=\"logo\"> <div class=\"inner\"> <img loading=\"lazy\" decoding=\"async\" width=\"300\" height=\"173\" src=\"https:\/\/brightfish.com\/fr\/wp-content\/uploads\/sites\/8\/2022\/03\/dica_logo-300x173.jpeg\" class=\"attachment-medium size-medium\" alt=\"\" srcset=\"https:\/\/brightfish.com\/fr\/wp-content\/uploads\/sites\/8\/2022\/03\/dica_logo-300x173.jpeg 300w, https:\/\/brightfish.com\/fr\/wp-content\/uploads\/sites\/8\/2022\/03\/dica_logo.jpeg 320w\" sizes=\"auto, (max-width: 300px) 100vw, 300px\" \/> <\/div> <\/div>\n\n    \n      <div class=\"logo\"> <div class=\"inner\"> <img loading=\"lazy\" decoding=\"async\" width=\"300\" height=\"112\" src=\"https:\/\/brightfish.com\/fr\/wp-content\/uploads\/sites\/8\/2022\/03\/LROI-logo-300x112.png\" class=\"attachment-medium size-medium\" alt=\"\" srcset=\"https:\/\/brightfish.com\/fr\/wp-content\/uploads\/sites\/8\/2022\/03\/LROI-logo-300x112.png 300w, https:\/\/brightfish.com\/fr\/wp-content\/uploads\/sites\/8\/2022\/03\/LROI-logo.png 370w\" sizes=\"auto, (max-width: 300px) 100vw, 300px\" \/> <\/div> <\/div>\n\n    \n      <div class=\"logo\"> <div class=\"inner\"> <img loading=\"lazy\" decoding=\"async\" width=\"100\" height=\"125\" src=\"https:\/\/brightfish.com\/fr\/wp-content\/uploads\/sites\/8\/2022\/03\/zorgladder.png\" class=\"attachment-medium size-medium\" alt=\"\" \/> <\/div> <\/div>\n\n    \n      <div class=\"logo\"> <div class=\"inner\"> <img loading=\"lazy\" decoding=\"async\" width=\"300\" height=\"300\" src=\"https:\/\/brightfish.com\/fr\/wp-content\/uploads\/sites\/8\/2022\/03\/nva-logo2-300x300.png\" class=\"attachment-medium size-medium\" alt=\"\" srcset=\"https:\/\/brightfish.com\/fr\/wp-content\/uploads\/sites\/8\/2022\/03\/nva-logo2-300x300.png 300w, https:\/\/brightfish.com\/fr\/wp-content\/uploads\/sites\/8\/2022\/03\/nva-logo2-150x150.png 150w, https:\/\/brightfish.com\/fr\/wp-content\/uploads\/sites\/8\/2022\/03\/nva-logo2.png 500w\" sizes=\"auto, (max-width: 300px) 100vw, 300px\" \/> <\/div> <\/div>\n\n    <\/div>\n\n\n<div class=\"acf-block-separator alignfull spacing\">\n  <div class=\"spacer has-height-60\"><\/div>\n  <hr>\n  <div class=\"spacer has-height-96\"><\/div>\n<\/div>\n\n\n\n<h2 class=\"has-text-align-center has-max-width-700 has-x-2-large-font-size wp-block-heading\">Contactez-nous pour savoir comment les solutions Brightfish peuvent vous \u00eatre utiles \u2013 parlons de vos objectifs \u00e0 l\u2019aide d\u2019une d\u00e9monstration en direct.\u00a0<\/h2>\n\n\n\n<p><\/p>\n\n\n\n  <div class=\"acf-block-modal\">\n\n    <div class=\"modal\" id=\"mdl-request-a-demo\">\n\n      <div class=\"container normal form\">\n\n        <div class=\"close\">\n          <span><\/span>\n          <span><\/span>\n          <span><\/span>\n        <\/div>\n\n        <div class=\"content\">\n          <div class=\"inner\">\n            <div class=\"close-spacer\"><\/div>\n            \n\n<h2 class=\"has-x-3-large-font-size wp-block-heading\">Request a demo<\/h2>\n\n\n\n<p>Please fill in the form below, and one of our employees will contact you as soon as possible.<\/p>\n\n\n\n<div class=\"wpcf7 no-js\" id=\"wpcf7-f17-o1\" lang=\"en-US\" dir=\"ltr\" data-wpcf7-id=\"17\">\n<div class=\"screen-reader-response\"><p role=\"status\" aria-live=\"polite\" aria-atomic=\"true\"><\/p> <ul><\/ul><\/div>\n<form action=\"\/fr\/wp-json\/wp\/v2\/pages\/47#wpcf7-f17-o1\" method=\"post\" class=\"wpcf7-form init\" aria-label=\"Contact form\" novalidate=\"novalidate\" data-status=\"init\">\n<fieldset class=\"hidden-fields-container\"><input type=\"hidden\" name=\"_wpcf7\" value=\"17\" \/><input type=\"hidden\" name=\"_wpcf7_version\" value=\"6.1.2\" \/><input type=\"hidden\" name=\"_wpcf7_locale\" value=\"en_US\" \/><input type=\"hidden\" name=\"_wpcf7_unit_tag\" value=\"wpcf7-f17-o1\" \/><input type=\"hidden\" name=\"_wpcf7_container_post\" value=\"0\" \/><input type=\"hidden\" name=\"_wpcf7_posted_data_hash\" value=\"\" \/>\n<\/fieldset>\n<label class=\"label-transform\">\n<span class=\"wpcf7-form-control-wrap\" data-name=\"name-sender\"><input size=\"40\" maxlength=\"400\" class=\"wpcf7-form-control wpcf7-text wpcf7-validates-as-required\" aria-required=\"true\" aria-invalid=\"false\" value=\"\" type=\"text\" name=\"name-sender\" \/><\/span>\n<span class=\"placeholder\">Your name<\/span>\n<\/label>\n\n<label class=\"label-transform\">\n<span class=\"wpcf7-form-control-wrap\" data-name=\"company-sender\"><input size=\"40\" maxlength=\"400\" class=\"wpcf7-form-control wpcf7-text\" aria-invalid=\"false\" value=\"\" type=\"text\" name=\"company-sender\" \/><\/span>\n<span class=\"placeholder\">Company name<\/span>\n<\/label>\n\n<label class=\"label-transform\">\n<span class=\"wpcf7-form-control-wrap\" data-name=\"mail-sender\"><input size=\"40\" maxlength=\"400\" class=\"wpcf7-form-control wpcf7-email wpcf7-validates-as-required wpcf7-text wpcf7-validates-as-email\" aria-required=\"true\" aria-invalid=\"false\" value=\"\" type=\"email\" name=\"mail-sender\" \/><\/span>\n<span class=\"placeholder\">Your email address<\/span>\n<\/label>\n\n\n<label class=\"label-transform\">\n<span class=\"wpcf7-form-control-wrap\" data-name=\"phone-sender\"><input size=\"40\" maxlength=\"400\" class=\"wpcf7-form-control wpcf7-tel wpcf7-text wpcf7-validates-as-tel\" aria-invalid=\"false\" value=\"\" type=\"tel\" name=\"phone-sender\" \/><\/span>\n<span class=\"placeholder\">Phone number<\/span>\n<\/label>\n\n<label class=\"label-transform autosize\">\n<span class=\"wpcf7-form-control-wrap\" data-name=\"message\"><textarea cols=\"40\" rows=\"10\" maxlength=\"2000\" class=\"wpcf7-form-control wpcf7-textarea wpcf7-validates-as-required\" aria-required=\"true\" aria-invalid=\"false\" name=\"message\"><\/textarea><\/span>\n<span class=\"placeholder\">I'm interested in...<\/span>\n<\/label>\n\n\n<span class=\"wpcf7-form-control-wrap\" data-name=\"hcap-cf7\">\t\t<input\n\t\t\t\ttype=\"hidden\"\n\t\t\t\tclass=\"hcaptcha-widget-id\"\n\t\t\t\tname=\"hcaptcha-widget-id\"\n\t\t\t\tvalue=\"eyJzb3VyY2UiOlsiY29udGFjdC1mb3JtLTdcL3dwLWNvbnRhY3QtZm9ybS03LnBocCJdLCJmb3JtX2lkIjoxN30=-648e685ef34e059d96caeb7ca17fd312\">\n\t\t\t\t<span id=\"hcap_cf7-69e1e00005d191.36532832\" class=\"wpcf7-form-control h-captcha \"\n\t\t\tdata-sitekey=\"10000000-ffff-ffff-ffff-000000000001\"\n\t\t\tdata-theme=\"light\"\n\t\t\tdata-size=\"normal\"\n\t\t\tdata-auto=\"false\"\n\t\t\tdata-ajax=\"false\"\n\t\t\tdata-force=\"false\">\n\t\t<\/span>\n\t\t<input type=\"hidden\" id=\"_wpnonce\" name=\"_wpnonce\" value=\"1f6800137a\" \/><input type=\"hidden\" name=\"_wp_http_referer\" value=\"\/fr\/wp-json\/wp\/v2\/pages\/47\" \/><\/span><input class=\"wpcf7-form-control wpcf7-submit has-spinner\" type=\"submit\" value=\"Send\" \/><div class=\"wpcf7-response-output\" aria-hidden=\"true\"><\/div>\n<\/form>\n<\/div>\n\n\n\n          <\/div>\n        <\/div>\n\n      <\/div>\n\n      <div class=\"overlay\"><\/div>\n\n    <\/div>\n\n  <\/div>\n\n\n\n\n<div class=\"wp-block-buttons is-content-justification-center is-layout-flex wp-container-core-buttons-is-layout-16018d1d wp-block-buttons-is-layout-flex\">\n<div class=\"wp-block-button modal-trigger mdl-request-a-demo\"><a class=\"wp-block-button__link has-brightfish-orange-70-background-color has-background\">Demander une d\u00e9mo<\/a><\/div>\n<\/div>\n\n\n\n<div class=\"acf-block-spacer\">\n  <div class=\"spacer has-height-60\"><\/div>\n<\/div>\n","protected":false},"excerpt":{"rendered":"<p>Comment faire participer les patients \u00e0 la collecte de donn\u00e9es d\u00e9clar\u00e9es par les patients (PROM et PREM) ou d\u2019autres donn\u00e9es de registres m\u00e9dicaux \u00a0?&#8230;<\/p>\n","protected":false},"author":1,"featured_media":0,"parent":20,"menu_order":0,"comment_status":"closed","ping_status":"closed","template":"","meta":{"_acf_changed":false,"footnotes":""},"class_list":["post-47","page","type-page","status-publish","hentry"],"acf":[],"yoast_head":"<!-- This site is optimized with the Yoast SEO plugin v27.4 - https:\/\/yoast.com\/product\/yoast-seo-wordpress\/ -->\n<title>PROMs - Brightfish<\/title>\n<meta name=\"robots\" content=\"index, follow, max-snippet:-1, max-image-preview:large, max-video-preview:-1\" \/>\n<link rel=\"canonical\" href=\"https:\/\/brightfish.com\/fr\/solutions\/proms\/\" \/>\n<meta property=\"og:locale\" content=\"fr_FR\" \/>\n<meta property=\"og:type\" content=\"article\" \/>\n<meta property=\"og:title\" content=\"PROMs - Brightfish\" \/>\n<meta property=\"og:description\" content=\"Comment faire participer les patients \u00e0 la collecte de donn\u00e9es d\u00e9clar\u00e9es par les patients (PROM et PREM) ou d\u2019autres donn\u00e9es de registres m\u00e9dicaux \u00a0?...\" \/>\n<meta property=\"og:url\" content=\"https:\/\/brightfish.com\/fr\/solutions\/proms\/\" \/>\n<meta property=\"og:site_name\" content=\"BRIGHTFISH\" \/>\n<meta property=\"article:modified_time\" content=\"2022-07-05T12:46:58+00:00\" \/>\n<meta property=\"og:image\" content=\"https:\/\/brightfish.com\/fr\/wp-content\/uploads\/sites\/8\/2022\/03\/solution-page-proms-main-1024x578.jpg\" \/>\n<meta name=\"twitter:card\" content=\"summary_large_image\" \/>\n<meta name=\"twitter:label1\" content=\"Est. reading time\" \/>\n\t<meta name=\"twitter:data1\" content=\"2 minutes\" \/>\n<script type=\"application\/ld+json\" class=\"yoast-schema-graph\">{\"@context\":\"https:\\\/\\\/schema.org\",\"@graph\":[{\"@type\":\"WebPage\",\"@id\":\"https:\\\/\\\/brightfish.com\\\/fr\\\/solutions\\\/proms\\\/\",\"url\":\"https:\\\/\\\/brightfish.com\\\/fr\\\/solutions\\\/proms\\\/\",\"name\":\"BRIGHTFISH\",\"isPartOf\":{\"@id\":\"https:\\\/\\\/brightfish.com\\\/fr\\\/#website\"},\"primaryImageOfPage\":{\"@id\":\"https:\\\/\\\/brightfish.com\\\/fr\\\/solutions\\\/proms\\\/#primaryimage\"},\"image\":{\"@id\":\"https:\\\/\\\/brightfish.com\\\/fr\\\/solutions\\\/proms\\\/#primaryimage\"},\"thumbnailUrl\":\"https:\\\/\\\/brightfish.com\\\/fr\\\/wp-content\\\/uploads\\\/sites\\\/8\\\/2022\\\/03\\\/solution-page-proms-main-1024x578.jpg\",\"datePublished\":\"2022-02-28T14:28:00+00:00\",\"dateModified\":\"2022-07-05T12:46:58+00:00\",\"breadcrumb\":{\"@id\":\"https:\\\/\\\/brightfish.com\\\/fr\\\/solutions\\\/proms\\\/#breadcrumb\"},\"inLanguage\":\"en-US\",\"potentialAction\":[{\"@type\":\"ReadAction\",\"target\":[\"https:\\\/\\\/brightfish.com\\\/fr\\\/solutions\\\/proms\\\/\"]}]},{\"@type\":\"ImageObject\",\"inLanguage\":\"en-US\",\"@id\":\"https:\\\/\\\/brightfish.com\\\/fr\\\/solutions\\\/proms\\\/#primaryimage\",\"url\":\"https:\\\/\\\/brightfish.com\\\/fr\\\/wp-content\\\/uploads\\\/sites\\\/8\\\/2022\\\/03\\\/solution-page-proms-main.jpg\",\"contentUrl\":\"https:\\\/\\\/brightfish.com\\\/fr\\\/wp-content\\\/uploads\\\/sites\\\/8\\\/2022\\\/03\\\/solution-page-proms-main.jpg\",\"width\":1920,\"height\":1084},{\"@type\":\"BreadcrumbList\",\"@id\":\"https:\\\/\\\/brightfish.com\\\/fr\\\/solutions\\\/proms\\\/#breadcrumb\",\"itemListElement\":[{\"@type\":\"ListItem\",\"position\":1,\"name\":\"Home\",\"item\":\"https:\\\/\\\/brightfish.com\\\/fr\\\/\"},{\"@type\":\"ListItem\",\"position\":2,\"name\":\"Solutions\",\"item\":\"https:\\\/\\\/brightfish.com\\\/fr\\\/solutions\\\/\"},{\"@type\":\"ListItem\",\"position\":3,\"name\":\"PROMs\"}]},{\"@type\":\"WebSite\",\"@id\":\"https:\\\/\\\/brightfish.com\\\/fr\\\/#website\",\"url\":\"https:\\\/\\\/brightfish.com\\\/fr\\\/\",\"name\":\"BRIGHTFISH\",\"description\":\"Bright technology\",\"potentialAction\":[{\"@type\":\"SearchAction\",\"target\":{\"@type\":\"EntryPoint\",\"urlTemplate\":\"https:\\\/\\\/brightfish.com\\\/fr\\\/?s={search_term_string}\"},\"query-input\":{\"@type\":\"PropertyValueSpecification\",\"valueRequired\":true,\"valueName\":\"search_term_string\"}}],\"inLanguage\":\"en-US\"}]}<\/script>\n<!-- \/ Yoast SEO plugin. -->","yoast_head_json":{"title":"PROMs - Brightfish","robots":{"index":"index","follow":"follow","max-snippet":"max-snippet:-1","max-image-preview":"max-image-preview:large","max-video-preview":"max-video-preview:-1"},"canonical":"https:\/\/brightfish.com\/fr\/solutions\/proms\/","og_locale":"fr_FR","og_type":"article","og_title":"PROMs - Brightfish","og_description":"Comment faire participer les patients \u00e0 la collecte de donn\u00e9es d\u00e9clar\u00e9es par les patients (PROM et PREM) ou d\u2019autres donn\u00e9es de registres m\u00e9dicaux \u00a0?...","og_url":"https:\/\/brightfish.com\/fr\/solutions\/proms\/","og_site_name":"BRIGHTFISH","article_modified_time":"2022-07-05T12:46:58+00:00","og_image":[{"url":"https:\/\/brightfish.com\/fr\/wp-content\/uploads\/sites\/8\/2022\/03\/solution-page-proms-main-1024x578.jpg","type":"","width":"","height":""}],"twitter_card":"summary_large_image","twitter_misc":{"Est. reading time":"2 minutes"},"schema":{"@context":"https:\/\/schema.org","@graph":[{"@type":"WebPage","@id":"https:\/\/brightfish.com\/fr\/solutions\/proms\/","url":"https:\/\/brightfish.com\/fr\/solutions\/proms\/","name":"BRIGHTFISH","isPartOf":{"@id":"https:\/\/brightfish.com\/fr\/#website"},"primaryImageOfPage":{"@id":"https:\/\/brightfish.com\/fr\/solutions\/proms\/#primaryimage"},"image":{"@id":"https:\/\/brightfish.com\/fr\/solutions\/proms\/#primaryimage"},"thumbnailUrl":"https:\/\/brightfish.com\/fr\/wp-content\/uploads\/sites\/8\/2022\/03\/solution-page-proms-main-1024x578.jpg","datePublished":"2022-02-28T14:28:00+00:00","dateModified":"2022-07-05T12:46:58+00:00","breadcrumb":{"@id":"https:\/\/brightfish.com\/fr\/solutions\/proms\/#breadcrumb"},"inLanguage":"en-US","potentialAction":[{"@type":"ReadAction","target":["https:\/\/brightfish.com\/fr\/solutions\/proms\/"]}]},{"@type":"ImageObject","inLanguage":"en-US","@id":"https:\/\/brightfish.com\/fr\/solutions\/proms\/#primaryimage","url":"https:\/\/brightfish.com\/fr\/wp-content\/uploads\/sites\/8\/2022\/03\/solution-page-proms-main.jpg","contentUrl":"https:\/\/brightfish.com\/fr\/wp-content\/uploads\/sites\/8\/2022\/03\/solution-page-proms-main.jpg","width":1920,"height":1084},{"@type":"BreadcrumbList","@id":"https:\/\/brightfish.com\/fr\/solutions\/proms\/#breadcrumb","itemListElement":[{"@type":"ListItem","position":1,"name":"Home","item":"https:\/\/brightfish.com\/fr\/"},{"@type":"ListItem","position":2,"name":"Solutions","item":"https:\/\/brightfish.com\/fr\/solutions\/"},{"@type":"ListItem","position":3,"name":"PROMs"}]},{"@type":"WebSite","@id":"https:\/\/brightfish.com\/fr\/#website","url":"https:\/\/brightfish.com\/fr\/","name":"BRIGHTFISH","description":"Bright technology","potentialAction":[{"@type":"SearchAction","target":{"@type":"EntryPoint","urlTemplate":"https:\/\/brightfish.com\/fr\/?s={search_term_string}"},"query-input":{"@type":"PropertyValueSpecification","valueRequired":true,"valueName":"search_term_string"}}],"inLanguage":"en-US"}]}},"_links":{"self":[{"href":"https:\/\/brightfish.com\/fr\/wp-json\/wp\/v2\/pages\/47","targetHints":{"allow":["GET"]}}],"collection":[{"href":"https:\/\/brightfish.com\/fr\/wp-json\/wp\/v2\/pages"}],"about":[{"href":"https:\/\/brightfish.com\/fr\/wp-json\/wp\/v2\/types\/page"}],"author":[{"embeddable":true,"href":"https:\/\/brightfish.com\/fr\/wp-json\/wp\/v2\/users\/1"}],"replies":[{"embeddable":true,"href":"https:\/\/brightfish.com\/fr\/wp-json\/wp\/v2\/comments?post=47"}],"version-history":[{"count":71,"href":"https:\/\/brightfish.com\/fr\/wp-json\/wp\/v2\/pages\/47\/revisions"}],"predecessor-version":[{"id":1846,"href":"https:\/\/brightfish.com\/fr\/wp-json\/wp\/v2\/pages\/47\/revisions\/1846"}],"up":[{"embeddable":true,"href":"https:\/\/brightfish.com\/fr\/wp-json\/wp\/v2\/pages\/20"}],"wp:attachment":[{"href":"https:\/\/brightfish.com\/fr\/wp-json\/wp\/v2\/media?parent=47"}],"curies":[{"name":"wp","href":"https:\/\/api.w.org\/{rel}","templated":true}]}}