{"id":287,"date":"2022-03-07T08:49:18","date_gmt":"2022-03-07T07:49:18","guid":{"rendered":"https:\/\/brightfish.com\/fr\/?page_id=287"},"modified":"2024-11-06T15:07:12","modified_gmt":"2024-11-06T14:07:12","slug":"jobs","status":"publish","type":"page","link":"https:\/\/brightfish.com\/fr\/jobs\/","title":{"rendered":"Emplois"},"content":{"rendered":"\n<div class=\"acf-block-spacer\">\n  <div class=\"spacer has-height-96\"><\/div>\n<\/div>\n\n\n\n<div class=\"wp-block-columns alignwide are-vertically-aligned-center mobile-reverse-order is-style-large-gap is-layout-flex wp-container-core-columns-is-layout-9d6595d7 wp-block-columns-is-layout-flex\">\n<div class=\"wp-block-column is-vertically-aligned-center is-layout-flow wp-block-column-is-layout-flow\" style=\"padding-top:0px;padding-right:0px;padding-bottom:0px;padding-left:0px\">\n<div class=\"wp-block-columns is-layout-flex wp-container-core-columns-is-layout-9d6595d7 wp-block-columns-is-layout-flex\">\n<div class=\"wp-block-column is-layout-flow wp-block-column-is-layout-flow\" style=\"flex-basis:520px\">\n<h1 class=\"wp-block-heading\">\u00cates-vous \u00e0 la recherche d&#8217;un emploi stimulant dans le march\u00e9 en mutation rapide des <mark class=\"has-inline-color has-brightfish-red-70-color\">technologies de la sant\u00e9<\/mark>&nbsp;?<\/h1>\n<\/div>\n<\/div>\n\n\n\n<p>Aimez-vous travailler sur divers projets dans le domaine des soins de sant\u00e9, o\u00f9 vous pouvez proposer aux m\u00e9decins et aux patients des produits innovants s\u2019int\u00e9grant aux syst\u00e8mes existants plut\u00f4t qu\u2019une simple solution ponctuelle&nbsp;? <\/p>\n\n\n\n<p>Alors, votre profil int\u00e9resse Brightfish !<\/p>\n<\/div>\n\n\n\n<div class=\"wp-block-column is-vertically-aligned-center is-layout-flow wp-block-column-is-layout-flow\" style=\"flex-basis:50%\">\n<figure class=\"wp-block-image size-large is-style-curved\"><img loading=\"lazy\" decoding=\"async\" width=\"1024\" height=\"768\" src=\"https:\/\/brightfish.com\/fr\/wp-content\/uploads\/sites\/8\/2022\/03\/IMG_1707-1024x768.jpeg\" alt=\"\" class=\"wp-image-1233\" srcset=\"https:\/\/brightfish.com\/fr\/wp-content\/uploads\/sites\/8\/2022\/03\/IMG_1707-1024x768.jpeg 1024w, https:\/\/brightfish.com\/fr\/wp-content\/uploads\/sites\/8\/2022\/03\/IMG_1707-300x225.jpeg 300w, https:\/\/brightfish.com\/fr\/wp-content\/uploads\/sites\/8\/2022\/03\/IMG_1707-768x576.jpeg 768w, https:\/\/brightfish.com\/fr\/wp-content\/uploads\/sites\/8\/2022\/03\/IMG_1707.jpeg 1417w\" sizes=\"auto, (max-width: 1024px) 100vw, 1024px\" \/><\/figure>\n<\/div>\n<\/div>\n\n\n\n<div class=\"acf-block-spacer\">\n  <div class=\"spacer has-height-60\"><\/div>\n<\/div>\n\n\n\n<h2 class=\"wp-block-heading alignwide\">Brightfish fait partie de LOGEX<\/h2>\n\n\n\n<div class=\"wp-block-columns alignwide is-layout-flex wp-container-core-columns-is-layout-9d6595d7 wp-block-columns-is-layout-flex\">\n<div class=\"wp-block-column is-layout-flow wp-block-column-is-layout-flow\" style=\"flex-basis:800px\">\n<p>Comptant plus de 450 collaborateurs d\u00e9vou\u00e9s, <a href=\"https:\/\/logex.com\/\">LOGEX<\/a> permet \u00e0 plus de 700 h\u00f4pitaux et des milliers de professionnels de sant\u00e9 \u00e0 travers l&#8217;Europe de transformer leurs donn\u00e9es financi\u00e8res, op\u00e9rationnelles et de r\u00e9sultats (donn\u00e9es cliniques et donn\u00e9es d\u00e9clar\u00e9es par les patients) en vue de fournir de meilleurs soins.<\/p>\n<\/div>\n<\/div>\n\n\n\n<div class=\"wp-block-buttons alignwide is-layout-flex wp-block-buttons-is-layout-flex\">\n<div class=\"wp-block-button\"><a class=\"wp-block-button__link wp-element-button\" href=\"https:\/\/logex.com\/join-us\/\">Careers at LOGEX.com<\/a><\/div>\n<\/div>\n","protected":false},"excerpt":{"rendered":"<p>\u00cates-vous \u00e0 la recherche d&#8217;un emploi stimulant dans le march\u00e9 en mutation rapide des technologies de la sant\u00e9&nbsp;? Aimez-vous travailler sur divers projets dans&#8230;<\/p>\n","protected":false},"author":1,"featured_media":0,"parent":0,"menu_order":0,"comment_status":"closed","ping_status":"closed","template":"","meta":{"_acf_changed":false,"footnotes":""},"class_list":["post-287","page","type-page","status-publish","hentry"],"acf":[],"yoast_head":"<!-- This site is optimized with the Yoast SEO plugin v27.5 - https:\/\/yoast.com\/product\/yoast-seo-wordpress\/ -->\n<title>Emplois - Brightfish<\/title>\n<meta name=\"robots\" content=\"index, follow, max-snippet:-1, max-image-preview:large, max-video-preview:-1\" \/>\n<link rel=\"canonical\" href=\"https:\/\/brightfish.com\/fr\/jobs\/\" \/>\n<meta property=\"og:locale\" content=\"fr_FR\" \/>\n<meta property=\"og:type\" content=\"article\" \/>\n<meta property=\"og:title\" content=\"Emplois - Brightfish\" \/>\n<meta property=\"og:description\" content=\"\u00cates-vous \u00e0 la recherche d&#8217;un emploi stimulant dans le march\u00e9 en mutation rapide des technologies de la sant\u00e9&nbsp;? Aimez-vous travailler sur divers projets dans...\" \/>\n<meta property=\"og:url\" content=\"https:\/\/brightfish.com\/fr\/jobs\/\" \/>\n<meta property=\"og:site_name\" content=\"BRIGHTFISH\" \/>\n<meta property=\"article:modified_time\" content=\"2024-11-06T14:07:12+00:00\" \/>\n<meta property=\"og:image\" content=\"https:\/\/brightfish.com\/fr\/wp-content\/uploads\/sites\/8\/2022\/03\/IMG_1707.jpeg\" \/>\n\t<meta property=\"og:image:width\" content=\"1417\" \/>\n\t<meta property=\"og:image:height\" content=\"1063\" \/>\n\t<meta property=\"og:image:type\" content=\"image\/jpeg\" \/>\n<meta name=\"twitter:card\" content=\"summary_large_image\" \/>\n<script type=\"application\/ld+json\" class=\"yoast-schema-graph\">{\"@context\":\"https:\\\/\\\/schema.org\",\"@graph\":[{\"@type\":\"WebPage\",\"@id\":\"https:\\\/\\\/brightfish.com\\\/fr\\\/jobs\\\/\",\"url\":\"https:\\\/\\\/brightfish.com\\\/fr\\\/jobs\\\/\",\"name\":\"BRIGHTFISH\",\"isPartOf\":{\"@id\":\"https:\\\/\\\/brightfish.com\\\/fr\\\/#website\"},\"primaryImageOfPage\":{\"@id\":\"https:\\\/\\\/brightfish.com\\\/fr\\\/jobs\\\/#primaryimage\"},\"image\":{\"@id\":\"https:\\\/\\\/brightfish.com\\\/fr\\\/jobs\\\/#primaryimage\"},\"thumbnailUrl\":\"https:\\\/\\\/brightfish.com\\\/fr\\\/wp-content\\\/uploads\\\/sites\\\/8\\\/2022\\\/03\\\/IMG_1707-1024x768.jpeg\",\"datePublished\":\"2022-03-07T07:49:18+00:00\",\"dateModified\":\"2024-11-06T14:07:12+00:00\",\"breadcrumb\":{\"@id\":\"https:\\\/\\\/brightfish.com\\\/fr\\\/jobs\\\/#breadcrumb\"},\"inLanguage\":\"en-US\",\"potentialAction\":[{\"@type\":\"ReadAction\",\"target\":[\"https:\\\/\\\/brightfish.com\\\/fr\\\/jobs\\\/\"]}]},{\"@type\":\"ImageObject\",\"inLanguage\":\"en-US\",\"@id\":\"https:\\\/\\\/brightfish.com\\\/fr\\\/jobs\\\/#primaryimage\",\"url\":\"https:\\\/\\\/brightfish.com\\\/fr\\\/wp-content\\\/uploads\\\/sites\\\/8\\\/2022\\\/03\\\/IMG_1707.jpeg\",\"contentUrl\":\"https:\\\/\\\/brightfish.com\\\/fr\\\/wp-content\\\/uploads\\\/sites\\\/8\\\/2022\\\/03\\\/IMG_1707.jpeg\",\"width\":1417,\"height\":1063},{\"@type\":\"BreadcrumbList\",\"@id\":\"https:\\\/\\\/brightfish.com\\\/fr\\\/jobs\\\/#breadcrumb\",\"itemListElement\":[{\"@type\":\"ListItem\",\"position\":1,\"name\":\"Home\",\"item\":\"https:\\\/\\\/brightfish.com\\\/fr\\\/\"},{\"@type\":\"ListItem\",\"position\":2,\"name\":\"Emplois\"}]},{\"@type\":\"WebSite\",\"@id\":\"https:\\\/\\\/brightfish.com\\\/fr\\\/#website\",\"url\":\"https:\\\/\\\/brightfish.com\\\/fr\\\/\",\"name\":\"BRIGHTFISH\",\"description\":\"Bright technology\",\"potentialAction\":[{\"@type\":\"SearchAction\",\"target\":{\"@type\":\"EntryPoint\",\"urlTemplate\":\"https:\\\/\\\/brightfish.com\\\/fr\\\/?s={search_term_string}\"},\"query-input\":{\"@type\":\"PropertyValueSpecification\",\"valueRequired\":true,\"valueName\":\"search_term_string\"}}],\"inLanguage\":\"en-US\"}]}<\/script>\n<!-- \/ Yoast SEO plugin. -->","yoast_head_json":{"title":"Emplois - Brightfish","robots":{"index":"index","follow":"follow","max-snippet":"max-snippet:-1","max-image-preview":"max-image-preview:large","max-video-preview":"max-video-preview:-1"},"canonical":"https:\/\/brightfish.com\/fr\/jobs\/","og_locale":"fr_FR","og_type":"article","og_title":"Emplois - Brightfish","og_description":"\u00cates-vous \u00e0 la recherche d&#8217;un emploi stimulant dans le march\u00e9 en mutation rapide des technologies de la sant\u00e9&nbsp;? Aimez-vous travailler sur divers projets dans...","og_url":"https:\/\/brightfish.com\/fr\/jobs\/","og_site_name":"BRIGHTFISH","article_modified_time":"2024-11-06T14:07:12+00:00","og_image":[{"width":1417,"height":1063,"url":"https:\/\/brightfish.com\/fr\/wp-content\/uploads\/sites\/8\/2022\/03\/IMG_1707.jpeg","type":"image\/jpeg"}],"twitter_card":"summary_large_image","schema":{"@context":"https:\/\/schema.org","@graph":[{"@type":"WebPage","@id":"https:\/\/brightfish.com\/fr\/jobs\/","url":"https:\/\/brightfish.com\/fr\/jobs\/","name":"BRIGHTFISH","isPartOf":{"@id":"https:\/\/brightfish.com\/fr\/#website"},"primaryImageOfPage":{"@id":"https:\/\/brightfish.com\/fr\/jobs\/#primaryimage"},"image":{"@id":"https:\/\/brightfish.com\/fr\/jobs\/#primaryimage"},"thumbnailUrl":"https:\/\/brightfish.com\/fr\/wp-content\/uploads\/sites\/8\/2022\/03\/IMG_1707-1024x768.jpeg","datePublished":"2022-03-07T07:49:18+00:00","dateModified":"2024-11-06T14:07:12+00:00","breadcrumb":{"@id":"https:\/\/brightfish.com\/fr\/jobs\/#breadcrumb"},"inLanguage":"en-US","potentialAction":[{"@type":"ReadAction","target":["https:\/\/brightfish.com\/fr\/jobs\/"]}]},{"@type":"ImageObject","inLanguage":"en-US","@id":"https:\/\/brightfish.com\/fr\/jobs\/#primaryimage","url":"https:\/\/brightfish.com\/fr\/wp-content\/uploads\/sites\/8\/2022\/03\/IMG_1707.jpeg","contentUrl":"https:\/\/brightfish.com\/fr\/wp-content\/uploads\/sites\/8\/2022\/03\/IMG_1707.jpeg","width":1417,"height":1063},{"@type":"BreadcrumbList","@id":"https:\/\/brightfish.com\/fr\/jobs\/#breadcrumb","itemListElement":[{"@type":"ListItem","position":1,"name":"Home","item":"https:\/\/brightfish.com\/fr\/"},{"@type":"ListItem","position":2,"name":"Emplois"}]},{"@type":"WebSite","@id":"https:\/\/brightfish.com\/fr\/#website","url":"https:\/\/brightfish.com\/fr\/","name":"BRIGHTFISH","description":"Bright technology","potentialAction":[{"@type":"SearchAction","target":{"@type":"EntryPoint","urlTemplate":"https:\/\/brightfish.com\/fr\/?s={search_term_string}"},"query-input":{"@type":"PropertyValueSpecification","valueRequired":true,"valueName":"search_term_string"}}],"inLanguage":"en-US"}]}},"_links":{"self":[{"href":"https:\/\/brightfish.com\/fr\/wp-json\/wp\/v2\/pages\/287","targetHints":{"allow":["GET"]}}],"collection":[{"href":"https:\/\/brightfish.com\/fr\/wp-json\/wp\/v2\/pages"}],"about":[{"href":"https:\/\/brightfish.com\/fr\/wp-json\/wp\/v2\/types\/page"}],"author":[{"embeddable":true,"href":"https:\/\/brightfish.com\/fr\/wp-json\/wp\/v2\/users\/1"}],"replies":[{"embeddable":true,"href":"https:\/\/brightfish.com\/fr\/wp-json\/wp\/v2\/comments?post=287"}],"version-history":[{"count":42,"href":"https:\/\/brightfish.com\/fr\/wp-json\/wp\/v2\/pages\/287\/revisions"}],"predecessor-version":[{"id":1886,"href":"https:\/\/brightfish.com\/fr\/wp-json\/wp\/v2\/pages\/287\/revisions\/1886"}],"wp:attachment":[{"href":"https:\/\/brightfish.com\/fr\/wp-json\/wp\/v2\/media?parent=287"}],"curies":[{"name":"wp","href":"https:\/\/api.w.org\/{rel}","templated":true}]}}