{"id":67,"date":"2022-02-28T16:32:45","date_gmt":"2022-02-28T15:32:45","guid":{"rendered":"https:\/\/brightfish.com\/de\/?page_id=67"},"modified":"2024-01-22T16:04:59","modified_gmt":"2024-01-22T15:04:59","slug":"touch","status":"publish","type":"page","link":"https:\/\/brightfish.com\/de\/technologie\/touch\/","title":{"rendered":"Touch"},"content":{"rendered":"\n<div class=\"brightfish-arrows\">\n  <div class=\"arrows variation-b right\" style=\"transform: translate(-60px, 0px)\">\n      <svg class=\"arrow\" pos=\"0\" viewBox=\"0 0 113 188\" fill=\"none\" xmlns=\"http:\/\/www.w3.org\/2000\/svg\"><path d=\"M0 0C20.6551 25.7457 33.032 58.3891 33.032 94C33.032 129.531 20.6551 162.254 0 188L113 94L0 0Z\" fill=\"#12A8F8\"\/><\/svg>\n    <svg class=\"arrow\" viewBox=\"0 0 113 188\" fill=\"none\" xmlns=\"http:\/\/www.w3.org\/2000\/svg\"><path d=\"M0 0C20.6551 25.7457 33.032 58.3891 33.032 94C33.032 129.531 20.6551 162.254 0 188L113 94L0 0Z\" fill=\"#12A8F8\"\/><\/svg>\n      <\/div>\n<\/div>\n\n\n\n<div class=\"acf-block-spacer\">\n  <div class=\"spacer has-height-96\"><\/div>\n<\/div>\n\n\n\n<div class=\"wp-block-columns alignwide are-vertically-aligned-center is-layout-flex wp-container-core-columns-is-layout-9d6595d7 wp-block-columns-is-layout-flex\">\n<div class=\"wp-block-column is-vertically-aligned-center is-layout-flow wp-block-column-is-layout-flow\" style=\"padding-top:0px;padding-right:0px;padding-bottom:0px;padding-left:0px\">\n<figure class=\"wp-block-image size-full is-resized has-margin-bottom-12\"><img loading=\"lazy\" decoding=\"async\" width=\"512\" height=\"512\" src=\"https:\/\/brightfish.com\/de\/wp-content\/uploads\/sites\/7\/2022\/03\/touch-illustration-sticker-512-transparent.png\" alt=\"\" class=\"wp-image-552\" style=\"width:131px;height:131px\" srcset=\"https:\/\/brightfish.com\/de\/wp-content\/uploads\/sites\/7\/2022\/03\/touch-illustration-sticker-512-transparent.png 512w, https:\/\/brightfish.com\/de\/wp-content\/uploads\/sites\/7\/2022\/03\/touch-illustration-sticker-512-transparent-300x300.png 300w, https:\/\/brightfish.com\/de\/wp-content\/uploads\/sites\/7\/2022\/03\/touch-illustration-sticker-512-transparent-150x150.png 150w\" sizes=\"auto, (max-width: 512px) 100vw, 512px\" \/><\/figure>\n\n\n\n<h1 class=\"wp-block-heading\">Optimieren Sie klinische Arbeitsabl\u00e4ufe mit unserer <mark class=\"has-inline-color has-brightfish-blue-80-color\">Touch-App<\/mark><\/h1>\n\n\n\n<p>Nutzen Sie mobile Technologie zur sicheren Datenerfassung am g\u00fcnstigsten Ort und zur g\u00fcnstigsten Zeit zu erfassen, was sich positiv auf die Patientenerfahrung und Ihre Pflege auswirkt.<\/p>\n\n\n\n<div class=\"wp-block-buttons is-layout-flex wp-block-buttons-is-layout-flex\">\n<div class=\"wp-block-button modal-trigger mdl-contact-us\"><a class=\"wp-block-button__link has-brightfish-blue-70-background-color has-background wp-element-button\">Demo anfordern<\/a><\/div>\n<\/div>\n<\/div>\n\n\n\n<div class=\"wp-block-column is-vertically-aligned-center is-layout-flow wp-block-column-is-layout-flow\">\n<figure class=\"wp-block-image size-large is-style-curved\"><img loading=\"lazy\" decoding=\"async\" width=\"1400\" height=\"788\" src=\"https:\/\/brightfish.com\/de\/wp-content\/uploads\/sites\/7\/2022\/03\/brightfish-touch-2-1400x788.jpg\" alt=\"\" class=\"wp-image-1305\" srcset=\"https:\/\/brightfish.com\/de\/wp-content\/uploads\/sites\/7\/2022\/03\/brightfish-touch-2-1400x788.jpg 1400w, https:\/\/brightfish.com\/de\/wp-content\/uploads\/sites\/7\/2022\/03\/brightfish-touch-2-600x338.jpg 600w, https:\/\/brightfish.com\/de\/wp-content\/uploads\/sites\/7\/2022\/03\/brightfish-touch-2-768x432.jpg 768w, https:\/\/brightfish.com\/de\/wp-content\/uploads\/sites\/7\/2022\/03\/brightfish-touch-2-1536x864.jpg 1536w, https:\/\/brightfish.com\/de\/wp-content\/uploads\/sites\/7\/2022\/03\/brightfish-touch-2.jpg 1920w\" sizes=\"auto, (max-width: 1400px) 100vw, 1400px\" \/><\/figure>\n<\/div>\n<\/div>\n\n\n\n  <div class=\"acf-block-modal\">\n\n    <div class=\"modal\" id=\"mdl-contact-us\">\n\n      <div class=\"container normal form\">\n\n        <div class=\"close\">\n          <span><\/span>\n          <span><\/span>\n          <span><\/span>\n        <\/div>\n\n        <div class=\"content\">\n          <div class=\"inner\">\n            <div class=\"close-spacer\"><\/div>\n            \n\n<h2 class=\"wp-block-heading has-x-3-large-font-size\">Contact us<\/h2>\n\n\n\n<p>Please fill in the form below, and one of our employees will contact you as soon as possible.<\/p>\n\n\n\n<div class=\"wpcf7 no-js\" id=\"wpcf7-f17-o1\" lang=\"en-US\" dir=\"ltr\" data-wpcf7-id=\"17\">\n<div class=\"screen-reader-response\"><p role=\"status\" aria-live=\"polite\" aria-atomic=\"true\"><\/p> <ul><\/ul><\/div>\n<form action=\"\/de\/wp-json\/wp\/v2\/pages\/67#wpcf7-f17-o1\" method=\"post\" class=\"wpcf7-form init\" aria-label=\"Contact form\" novalidate=\"novalidate\" data-status=\"init\">\n<fieldset class=\"hidden-fields-container\"><input type=\"hidden\" name=\"_wpcf7\" value=\"17\" \/><input type=\"hidden\" name=\"_wpcf7_version\" value=\"6.1.2\" \/><input type=\"hidden\" name=\"_wpcf7_locale\" value=\"en_US\" \/><input type=\"hidden\" name=\"_wpcf7_unit_tag\" value=\"wpcf7-f17-o1\" \/><input type=\"hidden\" name=\"_wpcf7_container_post\" value=\"0\" \/><input type=\"hidden\" name=\"_wpcf7_posted_data_hash\" value=\"\" \/>\n<\/fieldset>\n<label class=\"label-transform\">\n<span class=\"wpcf7-form-control-wrap\" data-name=\"name-sender\"><input size=\"40\" maxlength=\"400\" class=\"wpcf7-form-control wpcf7-text wpcf7-validates-as-required\" aria-required=\"true\" aria-invalid=\"false\" value=\"\" type=\"text\" name=\"name-sender\" \/><\/span>\n<span class=\"placeholder\">Your name<\/span>\n<\/label>\n\n<label class=\"label-transform\">\n<span class=\"wpcf7-form-control-wrap\" data-name=\"company-sender\"><input size=\"40\" maxlength=\"400\" class=\"wpcf7-form-control wpcf7-text\" aria-invalid=\"false\" value=\"\" type=\"text\" name=\"company-sender\" \/><\/span>\n<span class=\"placeholder\">Company name<\/span>\n<\/label>\n\n<label class=\"label-transform\">\n<span class=\"wpcf7-form-control-wrap\" data-name=\"mail-sender\"><input size=\"40\" maxlength=\"400\" class=\"wpcf7-form-control wpcf7-email wpcf7-validates-as-required wpcf7-text wpcf7-validates-as-email\" aria-required=\"true\" aria-invalid=\"false\" value=\"\" type=\"email\" name=\"mail-sender\" \/><\/span>\n<span class=\"placeholder\">Your email address<\/span>\n<\/label>\n\n\n<label class=\"label-transform\">\n<span class=\"wpcf7-form-control-wrap\" data-name=\"phone-sender\"><input size=\"40\" maxlength=\"400\" class=\"wpcf7-form-control wpcf7-tel wpcf7-text wpcf7-validates-as-tel\" aria-invalid=\"false\" value=\"\" type=\"tel\" name=\"phone-sender\" \/><\/span>\n<span class=\"placeholder\">Phone number<\/span>\n<\/label>\n\n<label class=\"label-transform autosize\">\n<span class=\"wpcf7-form-control-wrap\" data-name=\"message\"><textarea cols=\"40\" rows=\"10\" maxlength=\"2000\" class=\"wpcf7-form-control wpcf7-textarea wpcf7-validates-as-required\" aria-required=\"true\" aria-invalid=\"false\" name=\"message\"><\/textarea><\/span>\n<span class=\"placeholder\">I'm interested in...<\/span>\n<\/label>\n\n\n<span class=\"wpcf7-form-control-wrap\" data-name=\"hcap-cf7\">\t\t<input\n\t\t\t\ttype=\"hidden\"\n\t\t\t\tclass=\"hcaptcha-widget-id\"\n\t\t\t\tname=\"hcaptcha-widget-id\"\n\t\t\t\tvalue=\"eyJzb3VyY2UiOlsiY29udGFjdC1mb3JtLTdcL3dwLWNvbnRhY3QtZm9ybS03LnBocCJdLCJmb3JtX2lkIjoxN30=-648e685ef34e059d96caeb7ca17fd312\">\n\t\t\t\t<span id=\"hcap_cf7-69dee0c4ef1e64.25830127\" class=\"wpcf7-form-control h-captcha \"\n\t\t\tdata-sitekey=\"10000000-ffff-ffff-ffff-000000000001\"\n\t\t\tdata-theme=\"light\"\n\t\t\tdata-size=\"normal\"\n\t\t\tdata-auto=\"false\"\n\t\t\tdata-ajax=\"false\"\n\t\t\tdata-force=\"false\">\n\t\t<\/span>\n\t\t<input type=\"hidden\" id=\"_wpnonce\" name=\"_wpnonce\" value=\"2e6b7f3644\" \/><input type=\"hidden\" name=\"_wp_http_referer\" value=\"\/de\/wp-json\/wp\/v2\/pages\/67\" \/><\/span><input class=\"wpcf7-form-control wpcf7-submit has-spinner\" type=\"submit\" value=\"Send\" \/><div class=\"wpcf7-response-output\" aria-hidden=\"true\"><\/div>\n<\/form>\n<\/div>\n\n\n\n          <\/div>\n        <\/div>\n\n      <\/div>\n\n      <div class=\"overlay\"><\/div>\n\n    <\/div>\n\n  <\/div>\n\n\n\n\n<div class=\"acf-block-spacer\">\n  <div class=\"spacer has-height-96\"><\/div>\n<\/div>\n\n\n\n<div class=\"wp-block-group alignfull has-brightfish-blue-10-background-color has-background\"><div class=\"wp-block-group__inner-container is-layout-flow wp-block-group-is-layout-flow\">\n<h2 class=\"wp-block-heading has-text-align-center\">Unsere <mark class=\"has-inline-color has-brightfish-blue-70-color\">Touch<\/mark>-L\u00f6sung hilft Ihnen dabei:<\/h2>\n\n\n\n<div class=\"acf-block-spacer\">\n  <div class=\"spacer has-height-36\"><\/div>\n<\/div>\n\n\n\n<div class=\"wp-block-columns is-layout-flex wp-container-core-columns-is-layout-9d6595d7 wp-block-columns-is-layout-flex\">\n<div class=\"wp-block-column has-white-background-color has-background is-layout-flow wp-block-column-is-layout-flow\" style=\"padding-top:20px;padding-right:20px;padding-bottom:20px;padding-left:20px\">\n<figure class=\"wp-block-image size-full is-resized has-margin-bottom-10\"><img loading=\"lazy\" decoding=\"async\" width=\"84\" height=\"84\" src=\"https:\/\/brightfish.com\/de\/wp-content\/uploads\/sites\/7\/2022\/03\/tablet_mac_24px.png\" alt=\"\" class=\"wp-image-1147\" style=\"width:36px;height:36px\" \/><\/figure>\n\n\n\n<p><strong><mark class=\"has-inline-color has-brightfish-blue-70-color\">Setzen Sie iPad-L\u00f6sungen in Wartezimmern ein<\/mark><\/strong>, um Daten von Patienten zu erfassen, die Sie im ambulanten Bereich nicht aufsuchen.<\/p>\n<\/div>\n\n\n\n<div class=\"wp-block-column has-white-background-color has-background is-layout-flow wp-block-column-is-layout-flow\" style=\"padding-top:20px;padding-right:20px;padding-bottom:20px;padding-left:20px\">\n<figure class=\"wp-block-image size-full is-resized has-margin-bottom-10\"><img loading=\"lazy\" decoding=\"async\" width=\"84\" height=\"84\" src=\"https:\/\/brightfish.com\/de\/wp-content\/uploads\/sites\/7\/2022\/03\/medical_services_black_24dp-1-1-1.png\" alt=\"\" class=\"wp-image-1150\" style=\"width:36px;height:36px\" \/><\/figure>\n\n\n\n<p><strong><mark class=\"has-inline-color has-brightfish-blue-70-color\">Optimieren Sie medizinische Arbeitsabl\u00e4ufe<\/mark><\/strong> durch Verbesserung der EMR-Dateneingabe f\u00fcr Ihr medizinisches Fachpersonal.<\/p>\n<\/div>\n\n\n\n<div class=\"wp-block-column has-white-background-color has-background is-layout-flow wp-block-column-is-layout-flow\" style=\"padding-top:20px;padding-right:20px;padding-bottom:20px;padding-left:20px\">\n<figure class=\"wp-block-image size-full is-resized has-margin-bottom-10\"><img loading=\"lazy\" decoding=\"async\" width=\"84\" height=\"84\" src=\"https:\/\/brightfish.com\/de\/wp-content\/uploads\/sites\/7\/2022\/03\/search_24px.png\" alt=\"\" class=\"wp-image-1148\" style=\"width:36px;height:36px\" \/><\/figure>\n\n\n\n<p class=\"has-marign-bottom-0\"><strong><mark class=\"has-inline-color has-brightfish-blue-70-color\">Den Mitarbeitern im Gesundheitswesen<\/mark><\/strong> einen direkten Einblick in unsere BEDSIDE-L\u00f6sungen und tragen so zu einer besseren Patientenerfahrung bei.<\/p>\n<\/div>\n<\/div>\n<\/div><\/div>\n\n\n\n<div class=\"acf-block-spacer\">\n  <div class=\"spacer has-height-48\"><\/div>\n<\/div>\n\n\n\n<h2 class=\"wp-block-heading has-text-align-center\">Wie funktioniert <mark class=\"has-inline-color has-brightfish-blue-70-color\">Touch<\/mark> in der Praxis?<\/h2>\n\n\n\n<p class=\"has-text-align-center has-medium-font-size\">Die Touch-App wird zur Unterst\u00fctzung der mobilen Arbeitsabl\u00e4ufe in Ihrer Klinik.<\/p>\n\n\n\n<div class=\"wp-block-columns is-layout-flex wp-container-core-columns-is-layout-9d6595d7 wp-block-columns-is-layout-flex\">\n<div class=\"wp-block-column is-layout-flow wp-block-column-is-layout-flow\">\n<p>Die Brightfish Touch App l\u00e4uft auf krankenhauseigenen und verwalteten iPads und ist nur f\u00fcr iOS verf\u00fcgbar.<\/p>\n\n\n\n<p>Der App-Zugang kann in bestehende, vom Kunden verwaltete Benutzerverzeichnisse integriert werden.<\/p>\n\n\n\n<p>Die Daten werden \u00fcber APIs mit anderen EMR-Systemen in der Umgebung abgerufen.<\/p>\n<\/div>\n\n\n\n<div class=\"wp-block-column is-layout-flow wp-block-column-is-layout-flow\">\n<p>Unser Brightfish-Team arbeitet eng mit Ihren Abteilungen zusammen, um die f\u00fcr Sie wichtigen Datenleseformate einzurichten: von Quellsystemen, Quelldaten und strukturierten \u00dcbersichten bis hin zu Zugriffsrechten.<\/p>\n\n\n\n<p>Die Berichtsfunktion wird mit unserem Umfragemodul so konfiguriert, dass sie die Dateneingabeanforderungen Ihrer Organisation widerspiegelt.<\/p>\n<\/div>\n\n\n\n<div class=\"wp-block-column is-layout-flow wp-block-column-is-layout-flow\">\n<p>Moderne Dateneingabeoptionen sind auch auf unserer iPad-L\u00f6sung verf\u00fcgbar. <\/p>\n\n\n\n<ul class=\"wp-block-list\">\n<li>Nutzen Sie iPads im Single-App-Modus, um Patienten im Wartezimmer zu unterst\u00fctzen.<\/li>\n\n\n\n<li>Verwenden Sie die iPad-Kamera, um Fotos zu machen und sie f\u00fcr sp\u00e4tere Referenzzwecke zu annotieren. <\/li>\n\n\n\n<li>Scannen Sie Dokumente und laden Sie sie in Ihre medizinischen Archivierungssysteme herunter.<br><br>Alles ist modular und kann auf Ihre Bed\u00fcrfnisse zugeschnitten werden.<\/li>\n<\/ul>\n<\/div>\n<\/div>\n\n\n\n<div class=\"acf-block-spacer\">\n  <div class=\"spacer has-height-48\"><\/div>\n<\/div>\n\n\n\n<div class=\"wp-block-group alignfull has-brightfish-blue-10-background-color has-background\"><div class=\"wp-block-group__inner-container is-layout-flow wp-block-group-is-layout-flow\">\n<div class=\"acf-block-spacer\">\n  <div class=\"spacer has-height-36\"><\/div>\n<\/div>\n\n\n\n<div class=\"wp-block-columns are-vertically-aligned-center mobile-reverse-order is-layout-flex wp-container-core-columns-is-layout-9d6595d7 wp-block-columns-is-layout-flex\">\n<div class=\"wp-block-column is-vertically-aligned-center is-layout-flow wp-block-column-is-layout-flow\" style=\"padding-top:0px;padding-right:0px;padding-bottom:0px;padding-left:0px\">\n<h2 class=\"wp-block-heading has-x-3-large-font-size\">Sind Sie bereit, Ihre Mobilit\u00e4t zu verbessern Erlebnis f\u00fcr Angeh\u00f6rige der Gesundheitsberufe mit <mark class=\"has-inline-color has-brightfish-blue-70-color\">Touch<\/mark> zu verbessern?<\/h2>\n\n\n\n<div class=\"acf-block-spacer\">\n  <div class=\"spacer has-height-36\"><\/div>\n<\/div>\n\n\n\n<div class=\"wp-block-buttons is-layout-flex wp-block-buttons-is-layout-flex\">\n<div class=\"wp-block-button modal-trigger mdl-contact-us\"><a class=\"wp-block-button__link has-brightfish-blue-70-background-color has-background wp-element-button\" href=\"https:\/\/brightfish.com\/de\/technology\/\">Demo anfordern<\/a><\/div>\n<\/div>\n<\/div>\n\n\n\n<div class=\"wp-block-column is-vertically-aligned-center is-layout-flow wp-block-column-is-layout-flow\"><\/div>\n<\/div>\n<\/div><\/div>\n","protected":false},"excerpt":{"rendered":"<p>Optimieren Sie klinische Arbeitsabl\u00e4ufe mit unserer Touch-App Nutzen Sie mobile Technologie zur sicheren Datenerfassung am g\u00fcnstigsten Ort und zur g\u00fcnstigsten Zeit zu erfassen, was&#8230;<\/p>\n","protected":false},"author":1,"featured_media":0,"parent":45,"menu_order":0,"comment_status":"closed","ping_status":"closed","template":"","meta":{"_acf_changed":false,"footnotes":""},"class_list":["post-67","page","type-page","status-publish","hentry"],"acf":[],"yoast_head":"<!-- This site is optimized with the Yoast SEO plugin v27.3 - https:\/\/yoast.com\/product\/yoast-seo-wordpress\/ -->\n<title>Touch - Brightfish<\/title>\n<meta name=\"robots\" content=\"index, follow, max-snippet:-1, max-image-preview:large, max-video-preview:-1\" \/>\n<link rel=\"canonical\" href=\"https:\/\/brightfish.com\/de\/technologie\/touch\/\" \/>\n<meta property=\"og:locale\" content=\"de_DE\" \/>\n<meta property=\"og:type\" content=\"article\" \/>\n<meta property=\"og:title\" content=\"Touch - Brightfish\" \/>\n<meta property=\"og:description\" content=\"Optimieren Sie klinische Arbeitsabl\u00e4ufe mit unserer Touch-App Nutzen Sie mobile Technologie zur sicheren Datenerfassung am g\u00fcnstigsten Ort und zur g\u00fcnstigsten Zeit zu erfassen, was...\" \/>\n<meta property=\"og:url\" content=\"https:\/\/brightfish.com\/de\/technologie\/touch\/\" \/>\n<meta property=\"og:site_name\" content=\"BRIGHTFISH\" \/>\n<meta property=\"article:modified_time\" content=\"2024-01-22T15:04:59+00:00\" \/>\n<meta property=\"og:image\" content=\"https:\/\/brightfish.com\/de\/wp-content\/uploads\/sites\/7\/2022\/03\/touch-illustration-sticker-512-transparent.png\" \/>\n<meta name=\"twitter:card\" content=\"summary_large_image\" \/>\n<meta name=\"twitter:label1\" content=\"Est. reading time\" \/>\n\t<meta name=\"twitter:data1\" content=\"3 minutes\" \/>\n<script type=\"application\/ld+json\" class=\"yoast-schema-graph\">{\"@context\":\"https:\\\/\\\/schema.org\",\"@graph\":[{\"@type\":\"WebPage\",\"@id\":\"https:\\\/\\\/brightfish.com\\\/de\\\/technologie\\\/touch\\\/\",\"url\":\"https:\\\/\\\/brightfish.com\\\/de\\\/technologie\\\/touch\\\/\",\"name\":\"BRIGHTFISH\",\"isPartOf\":{\"@id\":\"https:\\\/\\\/brightfish.com\\\/de\\\/#website\"},\"primaryImageOfPage\":{\"@id\":\"https:\\\/\\\/brightfish.com\\\/de\\\/technologie\\\/touch\\\/#primaryimage\"},\"image\":{\"@id\":\"https:\\\/\\\/brightfish.com\\\/de\\\/technologie\\\/touch\\\/#primaryimage\"},\"thumbnailUrl\":\"https:\\\/\\\/brightfish.com\\\/de\\\/wp-content\\\/uploads\\\/sites\\\/7\\\/2022\\\/03\\\/touch-illustration-sticker-512-transparent.png\",\"datePublished\":\"2022-02-28T15:32:45+00:00\",\"dateModified\":\"2024-01-22T15:04:59+00:00\",\"breadcrumb\":{\"@id\":\"https:\\\/\\\/brightfish.com\\\/de\\\/technologie\\\/touch\\\/#breadcrumb\"},\"inLanguage\":\"en-US\",\"potentialAction\":[{\"@type\":\"ReadAction\",\"target\":[\"https:\\\/\\\/brightfish.com\\\/de\\\/technologie\\\/touch\\\/\"]}]},{\"@type\":\"ImageObject\",\"inLanguage\":\"en-US\",\"@id\":\"https:\\\/\\\/brightfish.com\\\/de\\\/technologie\\\/touch\\\/#primaryimage\",\"url\":\"https:\\\/\\\/brightfish.com\\\/de\\\/wp-content\\\/uploads\\\/sites\\\/7\\\/2022\\\/03\\\/touch-illustration-sticker-512-transparent.png\",\"contentUrl\":\"https:\\\/\\\/brightfish.com\\\/de\\\/wp-content\\\/uploads\\\/sites\\\/7\\\/2022\\\/03\\\/touch-illustration-sticker-512-transparent.png\",\"width\":512,\"height\":512},{\"@type\":\"BreadcrumbList\",\"@id\":\"https:\\\/\\\/brightfish.com\\\/de\\\/technologie\\\/touch\\\/#breadcrumb\",\"itemListElement\":[{\"@type\":\"ListItem\",\"position\":1,\"name\":\"Home\",\"item\":\"https:\\\/\\\/brightfish.com\\\/de\\\/\"},{\"@type\":\"ListItem\",\"position\":2,\"name\":\"Technologie\",\"item\":\"https:\\\/\\\/brightfish.com\\\/de\\\/technologie\\\/\"},{\"@type\":\"ListItem\",\"position\":3,\"name\":\"Touch\"}]},{\"@type\":\"WebSite\",\"@id\":\"https:\\\/\\\/brightfish.com\\\/de\\\/#website\",\"url\":\"https:\\\/\\\/brightfish.com\\\/de\\\/\",\"name\":\"BRIGHTFISH\",\"description\":\"Bright technology\",\"potentialAction\":[{\"@type\":\"SearchAction\",\"target\":{\"@type\":\"EntryPoint\",\"urlTemplate\":\"https:\\\/\\\/brightfish.com\\\/de\\\/?s={search_term_string}\"},\"query-input\":{\"@type\":\"PropertyValueSpecification\",\"valueRequired\":true,\"valueName\":\"search_term_string\"}}],\"inLanguage\":\"en-US\"}]}<\/script>\n<!-- \/ Yoast SEO plugin. -->","yoast_head_json":{"title":"Touch - Brightfish","robots":{"index":"index","follow":"follow","max-snippet":"max-snippet:-1","max-image-preview":"max-image-preview:large","max-video-preview":"max-video-preview:-1"},"canonical":"https:\/\/brightfish.com\/de\/technologie\/touch\/","og_locale":"de_DE","og_type":"article","og_title":"Touch - Brightfish","og_description":"Optimieren Sie klinische Arbeitsabl\u00e4ufe mit unserer Touch-App Nutzen Sie mobile Technologie zur sicheren Datenerfassung am g\u00fcnstigsten Ort und zur g\u00fcnstigsten Zeit zu erfassen, was...","og_url":"https:\/\/brightfish.com\/de\/technologie\/touch\/","og_site_name":"BRIGHTFISH","article_modified_time":"2024-01-22T15:04:59+00:00","og_image":[{"url":"https:\/\/brightfish.com\/de\/wp-content\/uploads\/sites\/7\/2022\/03\/touch-illustration-sticker-512-transparent.png","type":"","width":"","height":""}],"twitter_card":"summary_large_image","twitter_misc":{"Est. reading time":"3 minutes"},"schema":{"@context":"https:\/\/schema.org","@graph":[{"@type":"WebPage","@id":"https:\/\/brightfish.com\/de\/technologie\/touch\/","url":"https:\/\/brightfish.com\/de\/technologie\/touch\/","name":"BRIGHTFISH","isPartOf":{"@id":"https:\/\/brightfish.com\/de\/#website"},"primaryImageOfPage":{"@id":"https:\/\/brightfish.com\/de\/technologie\/touch\/#primaryimage"},"image":{"@id":"https:\/\/brightfish.com\/de\/technologie\/touch\/#primaryimage"},"thumbnailUrl":"https:\/\/brightfish.com\/de\/wp-content\/uploads\/sites\/7\/2022\/03\/touch-illustration-sticker-512-transparent.png","datePublished":"2022-02-28T15:32:45+00:00","dateModified":"2024-01-22T15:04:59+00:00","breadcrumb":{"@id":"https:\/\/brightfish.com\/de\/technologie\/touch\/#breadcrumb"},"inLanguage":"en-US","potentialAction":[{"@type":"ReadAction","target":["https:\/\/brightfish.com\/de\/technologie\/touch\/"]}]},{"@type":"ImageObject","inLanguage":"en-US","@id":"https:\/\/brightfish.com\/de\/technologie\/touch\/#primaryimage","url":"https:\/\/brightfish.com\/de\/wp-content\/uploads\/sites\/7\/2022\/03\/touch-illustration-sticker-512-transparent.png","contentUrl":"https:\/\/brightfish.com\/de\/wp-content\/uploads\/sites\/7\/2022\/03\/touch-illustration-sticker-512-transparent.png","width":512,"height":512},{"@type":"BreadcrumbList","@id":"https:\/\/brightfish.com\/de\/technologie\/touch\/#breadcrumb","itemListElement":[{"@type":"ListItem","position":1,"name":"Home","item":"https:\/\/brightfish.com\/de\/"},{"@type":"ListItem","position":2,"name":"Technologie","item":"https:\/\/brightfish.com\/de\/technologie\/"},{"@type":"ListItem","position":3,"name":"Touch"}]},{"@type":"WebSite","@id":"https:\/\/brightfish.com\/de\/#website","url":"https:\/\/brightfish.com\/de\/","name":"BRIGHTFISH","description":"Bright technology","potentialAction":[{"@type":"SearchAction","target":{"@type":"EntryPoint","urlTemplate":"https:\/\/brightfish.com\/de\/?s={search_term_string}"},"query-input":{"@type":"PropertyValueSpecification","valueRequired":true,"valueName":"search_term_string"}}],"inLanguage":"en-US"}]}},"_links":{"self":[{"href":"https:\/\/brightfish.com\/de\/wp-json\/wp\/v2\/pages\/67","targetHints":{"allow":["GET"]}}],"collection":[{"href":"https:\/\/brightfish.com\/de\/wp-json\/wp\/v2\/pages"}],"about":[{"href":"https:\/\/brightfish.com\/de\/wp-json\/wp\/v2\/types\/page"}],"author":[{"embeddable":true,"href":"https:\/\/brightfish.com\/de\/wp-json\/wp\/v2\/users\/1"}],"replies":[{"embeddable":true,"href":"https:\/\/brightfish.com\/de\/wp-json\/wp\/v2\/comments?post=67"}],"version-history":[{"count":52,"href":"https:\/\/brightfish.com\/de\/wp-json\/wp\/v2\/pages\/67\/revisions"}],"predecessor-version":[{"id":1879,"href":"https:\/\/brightfish.com\/de\/wp-json\/wp\/v2\/pages\/67\/revisions\/1879"}],"up":[{"embeddable":true,"href":"https:\/\/brightfish.com\/de\/wp-json\/wp\/v2\/pages\/45"}],"wp:attachment":[{"href":"https:\/\/brightfish.com\/de\/wp-json\/wp\/v2\/media?parent=67"}],"curies":[{"name":"wp","href":"https:\/\/api.w.org\/{rel}","templated":true}]}}