{"id":63,"date":"2022-02-28T16:30:38","date_gmt":"2022-02-28T15:30:38","guid":{"rendered":"https:\/\/brightfish.com\/de\/?page_id=63"},"modified":"2024-01-22T16:03:26","modified_gmt":"2024-01-22T15:03:26","slug":"insight","status":"publish","type":"page","link":"https:\/\/brightfish.com\/de\/technologie\/insight\/","title":{"rendered":"Insight"},"content":{"rendered":"\n<div class=\"brightfish-arrows\">\n  <div class=\"arrows variation-b right\" style=\"transform: translate(-60px, 0px)\">\n      <svg class=\"arrow\" pos=\"0\" viewBox=\"0 0 113 188\" fill=\"none\" xmlns=\"http:\/\/www.w3.org\/2000\/svg\"><path d=\"M0 0C20.6551 25.7457 33.032 58.3891 33.032 94C33.032 129.531 20.6551 162.254 0 188L113 94L0 0Z\" fill=\"#FF8C0C\"\/><\/svg>\n    <svg class=\"arrow\" viewBox=\"0 0 113 188\" fill=\"none\" xmlns=\"http:\/\/www.w3.org\/2000\/svg\"><path d=\"M0 0C20.6551 25.7457 33.032 58.3891 33.032 94C33.032 129.531 20.6551 162.254 0 188L113 94L0 0Z\" fill=\"#FF8C0C\"\/><\/svg>\n      <\/div>\n<\/div>\n\n\n\n<div class=\"acf-block-spacer\">\n  <div class=\"spacer has-height-96\"><\/div>\n<\/div>\n\n\n\n<div class=\"wp-block-columns alignwide are-vertically-aligned-center is-layout-flex wp-container-core-columns-is-layout-9d6595d7 wp-block-columns-is-layout-flex\">\n<div class=\"wp-block-column is-vertically-aligned-center is-layout-flow wp-block-column-is-layout-flow\" style=\"padding-top:0px;padding-right:0px;padding-bottom:0px;padding-left:0px\">\n<figure class=\"wp-block-image size-full is-resized has-margin-bottom-30\"><img loading=\"lazy\" decoding=\"async\" width=\"512\" height=\"512\" src=\"https:\/\/brightfish.com\/de\/wp-content\/uploads\/sites\/7\/2022\/03\/insight-illustration-sticker-512-transparent.png\" alt=\"\" class=\"wp-image-551\" style=\"width:132px;height:132px\" srcset=\"https:\/\/brightfish.com\/de\/wp-content\/uploads\/sites\/7\/2022\/03\/insight-illustration-sticker-512-transparent.png 512w, https:\/\/brightfish.com\/de\/wp-content\/uploads\/sites\/7\/2022\/03\/insight-illustration-sticker-512-transparent-300x300.png 300w, https:\/\/brightfish.com\/de\/wp-content\/uploads\/sites\/7\/2022\/03\/insight-illustration-sticker-512-transparent-150x150.png 150w\" sizes=\"auto, (max-width: 512px) 100vw, 512px\" \/><\/figure>\n\n\n\n<h1 class=\"wp-block-heading\">Machen Sie Ihre Patientendaten mit <mark class=\"has-inline-color has-brightfish-orange-70-color\">Insight<\/mark> verwertbar und wiederverwendbar<\/h1>\n\n\n\n<p>Machen Sie die von unseren L\u00f6sungen <strong>CarePath<\/strong> und <strong>Bedside<\/strong> erfassten Daten f\u00fcr Ihre \u00c4rzte relevant, wenn sie mit Patienten interagieren.<\/p>\n\n\n\n<div class=\"wp-block-buttons is-layout-flex wp-block-buttons-is-layout-flex\">\n<div class=\"wp-block-button modal-trigger mdl-contact-us\"><a class=\"wp-block-button__link has-brightfish-orange-70-background-color has-background wp-element-button\">Demo anfordern<\/a><\/div>\n<\/div>\n<\/div>\n\n\n\n<div class=\"wp-block-column is-vertically-aligned-center is-layout-flow wp-block-column-is-layout-flow\" style=\"flex-basis:50%\">\n<figure class=\"wp-block-image size-large is-style-default\"><img loading=\"lazy\" decoding=\"async\" width=\"1400\" height=\"1292\" src=\"https:\/\/brightfish.com\/de\/wp-content\/uploads\/sites\/7\/2022\/03\/imac-ndt-01-left_small-1-e1649485674839-1400x1292.jpg\" alt=\"\" class=\"wp-image-941\" srcset=\"https:\/\/brightfish.com\/de\/wp-content\/uploads\/sites\/7\/2022\/03\/imac-ndt-01-left_small-1-e1649485674839-1400x1292.jpg 1400w, https:\/\/brightfish.com\/de\/wp-content\/uploads\/sites\/7\/2022\/03\/imac-ndt-01-left_small-1-e1649485674839-600x554.jpg 600w, https:\/\/brightfish.com\/de\/wp-content\/uploads\/sites\/7\/2022\/03\/imac-ndt-01-left_small-1-e1649485674839-768x709.jpg 768w, https:\/\/brightfish.com\/de\/wp-content\/uploads\/sites\/7\/2022\/03\/imac-ndt-01-left_small-1-e1649485674839-1536x1417.jpg 1536w, https:\/\/brightfish.com\/de\/wp-content\/uploads\/sites\/7\/2022\/03\/imac-ndt-01-left_small-1-e1649485674839.jpg 1685w\" sizes=\"auto, (max-width: 1400px) 100vw, 1400px\" \/><\/figure>\n<\/div>\n<\/div>\n\n\n\n  <div class=\"acf-block-modal\">\n\n    <div class=\"modal\" id=\"mdl-contact-us\">\n\n      <div class=\"container normal form\">\n\n        <div class=\"close\">\n          <span><\/span>\n          <span><\/span>\n          <span><\/span>\n        <\/div>\n\n        <div class=\"content\">\n          <div class=\"inner\">\n            <div class=\"close-spacer\"><\/div>\n            \n\n<h2 class=\"wp-block-heading has-x-3-large-font-size\">Contact us<\/h2>\n\n\n\n<p>Please fill in the form below, and one of our employees will contact you as soon as possible.<\/p>\n\n\n\n<div class=\"wpcf7 no-js\" id=\"wpcf7-f17-o1\" lang=\"en-US\" dir=\"ltr\" data-wpcf7-id=\"17\">\n<div class=\"screen-reader-response\"><p role=\"status\" aria-live=\"polite\" aria-atomic=\"true\"><\/p> <ul><\/ul><\/div>\n<form action=\"\/de\/wp-json\/wp\/v2\/pages\/63#wpcf7-f17-o1\" method=\"post\" class=\"wpcf7-form init\" aria-label=\"Contact form\" novalidate=\"novalidate\" data-status=\"init\">\n<fieldset class=\"hidden-fields-container\"><input type=\"hidden\" name=\"_wpcf7\" value=\"17\" \/><input type=\"hidden\" name=\"_wpcf7_version\" value=\"6.1.5\" \/><input type=\"hidden\" name=\"_wpcf7_locale\" value=\"en_US\" \/><input type=\"hidden\" name=\"_wpcf7_unit_tag\" value=\"wpcf7-f17-o1\" \/><input type=\"hidden\" name=\"_wpcf7_container_post\" value=\"0\" \/><input type=\"hidden\" name=\"_wpcf7_posted_data_hash\" value=\"\" \/>\n<\/fieldset>\n<label class=\"label-transform\">\n<span class=\"wpcf7-form-control-wrap\" data-name=\"name-sender\"><input size=\"40\" maxlength=\"400\" class=\"wpcf7-form-control wpcf7-text wpcf7-validates-as-required\" aria-required=\"true\" aria-invalid=\"false\" value=\"\" type=\"text\" name=\"name-sender\" \/><\/span>\n<span class=\"placeholder\">Your name<\/span>\n<\/label>\n\n<label class=\"label-transform\">\n<span class=\"wpcf7-form-control-wrap\" data-name=\"company-sender\"><input size=\"40\" maxlength=\"400\" class=\"wpcf7-form-control wpcf7-text\" aria-invalid=\"false\" value=\"\" type=\"text\" name=\"company-sender\" \/><\/span>\n<span class=\"placeholder\">Company name<\/span>\n<\/label>\n\n<label class=\"label-transform\">\n<span class=\"wpcf7-form-control-wrap\" data-name=\"mail-sender\"><input size=\"40\" maxlength=\"400\" class=\"wpcf7-form-control wpcf7-email wpcf7-validates-as-required wpcf7-text wpcf7-validates-as-email\" aria-required=\"true\" aria-invalid=\"false\" value=\"\" type=\"email\" name=\"mail-sender\" \/><\/span>\n<span class=\"placeholder\">Your email address<\/span>\n<\/label>\n\n\n<label class=\"label-transform\">\n<span class=\"wpcf7-form-control-wrap\" data-name=\"phone-sender\"><input size=\"40\" maxlength=\"400\" class=\"wpcf7-form-control wpcf7-tel wpcf7-text wpcf7-validates-as-tel\" aria-invalid=\"false\" value=\"\" type=\"tel\" name=\"phone-sender\" \/><\/span>\n<span class=\"placeholder\">Phone number<\/span>\n<\/label>\n\n<label class=\"label-transform autosize\">\n<span class=\"wpcf7-form-control-wrap\" data-name=\"message\"><textarea cols=\"40\" rows=\"10\" maxlength=\"2000\" class=\"wpcf7-form-control wpcf7-textarea wpcf7-validates-as-required\" aria-required=\"true\" aria-invalid=\"false\" name=\"message\"><\/textarea><\/span>\n<span class=\"placeholder\">I'm interested in...<\/span>\n<\/label>\n\n\n<span class=\"wpcf7-form-control-wrap\" data-name=\"hcap-cf7\">\t\t<input\n\t\t\t\ttype=\"hidden\"\n\t\t\t\tclass=\"hcaptcha-widget-id\"\n\t\t\t\tname=\"hcaptcha-widget-id\"\n\t\t\t\tvalue=\"eyJzb3VyY2UiOlsiY29udGFjdC1mb3JtLTdcL3dwLWNvbnRhY3QtZm9ybS03LnBocCJdLCJmb3JtX2lkIjoxN30=-648e685ef34e059d96caeb7ca17fd312\">\n\t\t\t\t<span id=\"hcap_cf7-69f226d1102266.99410222\" class=\"wpcf7-form-control h-captcha \"\n\t\t\tdata-sitekey=\"10000000-ffff-ffff-ffff-000000000001\"\n\t\t\tdata-theme=\"light\"\n\t\t\tdata-size=\"normal\"\n\t\t\tdata-auto=\"false\"\n\t\t\tdata-ajax=\"false\"\n\t\t\tdata-force=\"false\">\n\t\t<\/span>\n\t\t<input type=\"hidden\" id=\"_wpnonce\" name=\"_wpnonce\" value=\"dd0d79a37e\" \/><input type=\"hidden\" name=\"_wp_http_referer\" value=\"\/de\/wp-json\/wp\/v2\/pages\/63\" \/><\/span><input class=\"wpcf7-form-control wpcf7-submit has-spinner\" type=\"submit\" value=\"Send\" \/><div class=\"wpcf7-response-output\" aria-hidden=\"true\"><\/div>\n<\/form>\n<\/div>\n\n\n\n          <\/div>\n        <\/div>\n\n      <\/div>\n\n      <div class=\"overlay\"><\/div>\n\n    <\/div>\n\n  <\/div>\n\n\n\n\n<div class=\"acf-block-spacer\">\n  <div class=\"spacer has-height-96\"><\/div>\n<\/div>\n\n\n\n<div class=\"wp-block-group alignfull has-brightfish-orange-10-background-color has-background\"><div class=\"wp-block-group__inner-container is-layout-flow wp-block-group-is-layout-flow\">\n<h2 class=\"wp-block-heading has-text-align-center\">Unsere <mark class=\"has-inline-color has-brightfish-orange-70-color\">Insight<\/mark>-L\u00f6sung hilft Ihnen dabei:<\/h2>\n\n\n\n<div class=\"acf-block-spacer\">\n  <div class=\"spacer has-height-36\"><\/div>\n<\/div>\n\n\n\n<div class=\"wp-block-columns is-layout-flex wp-container-core-columns-is-layout-9d6595d7 wp-block-columns-is-layout-flex\">\n<div class=\"wp-block-column has-white-background-color has-background is-layout-flow wp-block-column-is-layout-flow\" style=\"padding-top:20px;padding-right:20px;padding-bottom:20px;padding-left:20px\">\n<figure class=\"wp-block-image size-full is-resized has-margin-bottom-10\"><img loading=\"lazy\" decoding=\"async\" width=\"86\" height=\"77\" src=\"https:\/\/brightfish.com\/de\/wp-content\/uploads\/sites\/7\/2022\/03\/computer.png\" alt=\"\" class=\"wp-image-191\" style=\"width:43px;height:39px\" \/><\/figure>\n\n\n\n<p><mark class=\"has-inline-color has-brightfish-orange-70-color\"><strong>Erstellen Sie aufschlussreiche Dashboards<\/strong><\/mark>, die Sie aus Ihrem EMR System ge\u00f6ffnet werden k\u00f6nnen, die helfen zu verstehen, was f\u00fcr einen bestimmten Patienten relevant ist.<\/p>\n<\/div>\n\n\n\n<div class=\"wp-block-column has-white-background-color has-background is-layout-flow wp-block-column-is-layout-flow\" style=\"padding-top:20px;padding-right:20px;padding-bottom:20px;padding-left:20px\">\n<figure class=\"wp-block-image size-full is-resized has-margin-bottom-10\"><img loading=\"lazy\" decoding=\"async\" width=\"72\" height=\"73\" src=\"https:\/\/brightfish.com\/de\/wp-content\/uploads\/sites\/7\/2022\/03\/medical_services.png\" alt=\"\" class=\"wp-image-193\" style=\"width:36px;height:37px\" \/><\/figure>\n\n\n\n<p><mark class=\"has-inline-color has-brightfish-orange-70-color\"><strong>Erstellen Sie einen aussagekr\u00e4ftigen Patienten\u00fcberblick<\/strong><\/mark> durch die Kombination von Patientendaten und erg\u00e4nzenden Daten aus anderen Systemen in Ihrem Krankenhaus.<\/p>\n<\/div>\n\n\n\n<div class=\"wp-block-column has-white-background-color has-background is-layout-flow wp-block-column-is-layout-flow\" style=\"padding-top:20px;padding-right:20px;padding-bottom:20px;padding-left:20px\">\n<figure class=\"wp-block-image size-full is-resized has-margin-bottom-10\"><img loading=\"lazy\" decoding=\"async\" width=\"86\" height=\"77\" src=\"https:\/\/brightfish.com\/de\/wp-content\/uploads\/sites\/7\/2022\/03\/computer.png\" alt=\"\" class=\"wp-image-191\" style=\"width:43px;height:39px\" \/><\/figure>\n\n\n\n<p class=\"has-marign-bottom-0\"><strong><mark class=\"has-inline-color has-brightfish-orange-70-color\">Strukturieren, organisieren und extrahieren Sie Ihre Daten<\/mark><\/strong>, um sie f\u00fcr die Ihre Arbeit mit Dritten &#8211; von weiteren Analysen bis hin zu automatisierten nationalen und internationalen Benchmarking-Datenbeitr\u00e4gen.<\/p>\n<\/div>\n<\/div>\n<\/div><\/div>\n\n\n\n<div class=\"acf-block-spacer\">\n  <div class=\"spacer has-height-48\"><\/div>\n<\/div>\n\n\n\n<h2 class=\"wp-block-heading has-text-align-center\">Wie funktioniert <mark class=\"has-inline-color has-brightfish-orange-70-color\">Insight<\/mark> in der Praxis?<\/h2>\n\n\n\n<p class=\"has-text-align-center has-medium-font-size\">Das Insight-Dashboard wird auf drei verschiedenen Ebenen konfiguriert<\/p>\n\n\n\n<div class=\"wp-block-columns is-layout-flex wp-container-core-columns-is-layout-9d6595d7 wp-block-columns-is-layout-flex\">\n<div class=\"wp-block-column is-layout-flow wp-block-column-is-layout-flow\">\n<p><strong><mark class=\"has-inline-color has-brightfish-orange-80-color\">Dashboards f\u00fcr den Behandlungsraum<\/mark><\/strong><\/p>\n\n\n\n<p>Diese Hauptebene der Analyse ist der einzelne Patientenfall, der die Diskussionen im Behandlungsraum unterst\u00fctzen soll. Eine patientenzentrierte \u00dcbersichtsseite gibt Aufschluss \u00fcber die Lebensqualit\u00e4tsmetriken. Das Patientenfeedback wird auf detaillierten Seiten dokumentiert, die die Ergebnisse pro Umfrage oder Bereich behandeln. So k\u00f6nnen Ihre medizinischen Fachkr\u00e4fte ihre Patienten besser verstehen und die Patientenversorgung und -behandlung verbessern.<\/p>\n<\/div>\n\n\n\n<div class=\"wp-block-column is-layout-flow wp-block-column-is-layout-flow\">\n<p><mark class=\"has-inline-color has-brightfish-orange-80-color\"><strong>Quality Manager Dashboards<\/strong><\/mark><\/p>\n\n\n\n<p>Auf Abteilungs-, Fachgebiets- oder Krankheitsgruppenebene bietet unser Quality Manager Dashboard Einblicke in Patientengruppen und deren Ergebnisse im Zeitverlauf (Durchschnittswerte, Standardabweichungen und Trends). Das Ziel dieser Dashboards ist es, Diskussionen \u00fcber die Bereitstellung einer effektiven Gesundheitsversorgung anzuregen.<\/p>\n<\/div>\n\n\n\n<div class=\"wp-block-column is-layout-flow wp-block-column-is-layout-flow\">\n<p><mark class=\"has-inline-color has-brightfish-orange-80-color\"><strong>Registry Manager Dashboards<\/strong> <\/mark><\/p>\n\n\n\n<p>Der Registry Manager verwaltet Einladungen, Antwortquoten und andere Themen im Zusammenhang mit der Datenerhebung und deren Verwaltung. Dieses Dashboard hilft Ihnen, die Erf\u00fcllungsquoten zu optimieren.<\/p>\n<\/div>\n<\/div>\n\n\n\n<div class=\"acf-block-spacer\">\n  <div class=\"spacer has-height-48\"><\/div>\n<\/div>\n\n\n\n<div class=\"wp-block-group alignfull has-brightfish-orange-10-background-color has-background\"><div class=\"wp-block-group__inner-container is-layout-flow wp-block-group-is-layout-flow\">\n<div class=\"acf-block-spacer\">\n  <div class=\"spacer has-height-36\"><\/div>\n<\/div>\n\n\n\n<div class=\"wp-block-columns are-vertically-aligned-center mobile-reverse-order is-style-large-gap is-layout-flex wp-container-core-columns-is-layout-9d6595d7 wp-block-columns-is-layout-flex\">\n<div class=\"wp-block-column is-vertically-aligned-center is-layout-flow wp-block-column-is-layout-flow\" style=\"padding-top:0px;padding-right:0px;padding-bottom:0px;padding-left:0px\">\n<h2 class=\"wp-block-heading has-x-3-large-font-size\">Sind Sie bereit, Ihre Patientenerfahrung mit <mark class=\"has-inline-color has-brightfish-orange-70-color\">Insight<\/mark> zu verbessern?<\/h2>\n\n\n\n<div class=\"acf-block-spacer\">\n  <div class=\"spacer has-height-36\"><\/div>\n<\/div>\n\n\n\n<div class=\"wp-block-buttons is-layout-flex wp-block-buttons-is-layout-flex\">\n<div class=\"wp-block-button modal-trigger mdl-contact-us\"><a class=\"wp-block-button__link has-brightfish-orange-70-background-color has-background wp-element-button\" href=\"https:\/\/brightfish.com\/de\/technology\/\">Demo anfordern<\/a><\/div>\n<\/div>\n<\/div>\n\n\n\n<div class=\"wp-block-column is-vertically-aligned-center is-layout-flow wp-block-column-is-layout-flow\" style=\"flex-basis:50%\"><\/div>\n<\/div>\n<\/div><\/div>\n","protected":false},"excerpt":{"rendered":"<p>Machen Sie Ihre Patientendaten mit Insight verwertbar und wiederverwendbar Machen Sie die von unseren L\u00f6sungen CarePath und Bedside erfassten Daten f\u00fcr Ihre \u00c4rzte relevant,&#8230;<\/p>\n","protected":false},"author":1,"featured_media":0,"parent":45,"menu_order":0,"comment_status":"closed","ping_status":"closed","template":"","meta":{"_acf_changed":false,"footnotes":""},"class_list":["post-63","page","type-page","status-publish","hentry"],"acf":[],"yoast_head":"<!-- This site is optimized with the Yoast SEO plugin v27.5 - https:\/\/yoast.com\/product\/yoast-seo-wordpress\/ -->\n<title>Insight - Brightfish<\/title>\n<meta name=\"robots\" content=\"index, follow, max-snippet:-1, max-image-preview:large, max-video-preview:-1\" \/>\n<link rel=\"canonical\" href=\"https:\/\/brightfish.com\/de\/technologie\/insight\/\" \/>\n<meta property=\"og:locale\" content=\"de_DE\" \/>\n<meta property=\"og:type\" content=\"article\" \/>\n<meta property=\"og:title\" content=\"Insight - Brightfish\" \/>\n<meta property=\"og:description\" content=\"Machen Sie Ihre Patientendaten mit Insight verwertbar und wiederverwendbar Machen Sie die von unseren L\u00f6sungen CarePath und Bedside erfassten Daten f\u00fcr Ihre \u00c4rzte relevant,...\" \/>\n<meta property=\"og:url\" content=\"https:\/\/brightfish.com\/de\/technologie\/insight\/\" \/>\n<meta property=\"og:site_name\" content=\"BRIGHTFISH\" \/>\n<meta property=\"article:modified_time\" content=\"2024-01-22T15:03:26+00:00\" \/>\n<meta property=\"og:image\" content=\"https:\/\/brightfish.com\/de\/wp-content\/uploads\/sites\/7\/2022\/03\/insight-illustration-sticker-512-transparent.png\" \/>\n<meta name=\"twitter:card\" content=\"summary_large_image\" \/>\n<script type=\"application\/ld+json\" class=\"yoast-schema-graph\">{\"@context\":\"https:\\\/\\\/schema.org\",\"@graph\":[{\"@type\":\"WebPage\",\"@id\":\"https:\\\/\\\/brightfish.com\\\/de\\\/technologie\\\/insight\\\/\",\"url\":\"https:\\\/\\\/brightfish.com\\\/de\\\/technologie\\\/insight\\\/\",\"name\":\"BRIGHTFISH\",\"isPartOf\":{\"@id\":\"https:\\\/\\\/brightfish.com\\\/de\\\/#website\"},\"primaryImageOfPage\":{\"@id\":\"https:\\\/\\\/brightfish.com\\\/de\\\/technologie\\\/insight\\\/#primaryimage\"},\"image\":{\"@id\":\"https:\\\/\\\/brightfish.com\\\/de\\\/technologie\\\/insight\\\/#primaryimage\"},\"thumbnailUrl\":\"https:\\\/\\\/brightfish.com\\\/de\\\/wp-content\\\/uploads\\\/sites\\\/7\\\/2022\\\/03\\\/insight-illustration-sticker-512-transparent.png\",\"datePublished\":\"2022-02-28T15:30:38+00:00\",\"dateModified\":\"2024-01-22T15:03:26+00:00\",\"breadcrumb\":{\"@id\":\"https:\\\/\\\/brightfish.com\\\/de\\\/technologie\\\/insight\\\/#breadcrumb\"},\"inLanguage\":\"en-US\",\"potentialAction\":[{\"@type\":\"ReadAction\",\"target\":[\"https:\\\/\\\/brightfish.com\\\/de\\\/technologie\\\/insight\\\/\"]}]},{\"@type\":\"ImageObject\",\"inLanguage\":\"en-US\",\"@id\":\"https:\\\/\\\/brightfish.com\\\/de\\\/technologie\\\/insight\\\/#primaryimage\",\"url\":\"https:\\\/\\\/brightfish.com\\\/de\\\/wp-content\\\/uploads\\\/sites\\\/7\\\/2022\\\/03\\\/insight-illustration-sticker-512-transparent.png\",\"contentUrl\":\"https:\\\/\\\/brightfish.com\\\/de\\\/wp-content\\\/uploads\\\/sites\\\/7\\\/2022\\\/03\\\/insight-illustration-sticker-512-transparent.png\",\"width\":512,\"height\":512},{\"@type\":\"BreadcrumbList\",\"@id\":\"https:\\\/\\\/brightfish.com\\\/de\\\/technologie\\\/insight\\\/#breadcrumb\",\"itemListElement\":[{\"@type\":\"ListItem\",\"position\":1,\"name\":\"Home\",\"item\":\"https:\\\/\\\/brightfish.com\\\/de\\\/\"},{\"@type\":\"ListItem\",\"position\":2,\"name\":\"Technologie\",\"item\":\"https:\\\/\\\/brightfish.com\\\/de\\\/technologie\\\/\"},{\"@type\":\"ListItem\",\"position\":3,\"name\":\"Insight\"}]},{\"@type\":\"WebSite\",\"@id\":\"https:\\\/\\\/brightfish.com\\\/de\\\/#website\",\"url\":\"https:\\\/\\\/brightfish.com\\\/de\\\/\",\"name\":\"BRIGHTFISH\",\"description\":\"Bright technology\",\"potentialAction\":[{\"@type\":\"SearchAction\",\"target\":{\"@type\":\"EntryPoint\",\"urlTemplate\":\"https:\\\/\\\/brightfish.com\\\/de\\\/?s={search_term_string}\"},\"query-input\":{\"@type\":\"PropertyValueSpecification\",\"valueRequired\":true,\"valueName\":\"search_term_string\"}}],\"inLanguage\":\"en-US\"}]}<\/script>\n<!-- \/ Yoast SEO plugin. -->","yoast_head_json":{"title":"Insight - Brightfish","robots":{"index":"index","follow":"follow","max-snippet":"max-snippet:-1","max-image-preview":"max-image-preview:large","max-video-preview":"max-video-preview:-1"},"canonical":"https:\/\/brightfish.com\/de\/technologie\/insight\/","og_locale":"de_DE","og_type":"article","og_title":"Insight - Brightfish","og_description":"Machen Sie Ihre Patientendaten mit Insight verwertbar und wiederverwendbar Machen Sie die von unseren L\u00f6sungen CarePath und Bedside erfassten Daten f\u00fcr Ihre \u00c4rzte relevant,...","og_url":"https:\/\/brightfish.com\/de\/technologie\/insight\/","og_site_name":"BRIGHTFISH","article_modified_time":"2024-01-22T15:03:26+00:00","og_image":[{"url":"https:\/\/brightfish.com\/de\/wp-content\/uploads\/sites\/7\/2022\/03\/insight-illustration-sticker-512-transparent.png","type":"","width":"","height":""}],"twitter_card":"summary_large_image","schema":{"@context":"https:\/\/schema.org","@graph":[{"@type":"WebPage","@id":"https:\/\/brightfish.com\/de\/technologie\/insight\/","url":"https:\/\/brightfish.com\/de\/technologie\/insight\/","name":"BRIGHTFISH","isPartOf":{"@id":"https:\/\/brightfish.com\/de\/#website"},"primaryImageOfPage":{"@id":"https:\/\/brightfish.com\/de\/technologie\/insight\/#primaryimage"},"image":{"@id":"https:\/\/brightfish.com\/de\/technologie\/insight\/#primaryimage"},"thumbnailUrl":"https:\/\/brightfish.com\/de\/wp-content\/uploads\/sites\/7\/2022\/03\/insight-illustration-sticker-512-transparent.png","datePublished":"2022-02-28T15:30:38+00:00","dateModified":"2024-01-22T15:03:26+00:00","breadcrumb":{"@id":"https:\/\/brightfish.com\/de\/technologie\/insight\/#breadcrumb"},"inLanguage":"en-US","potentialAction":[{"@type":"ReadAction","target":["https:\/\/brightfish.com\/de\/technologie\/insight\/"]}]},{"@type":"ImageObject","inLanguage":"en-US","@id":"https:\/\/brightfish.com\/de\/technologie\/insight\/#primaryimage","url":"https:\/\/brightfish.com\/de\/wp-content\/uploads\/sites\/7\/2022\/03\/insight-illustration-sticker-512-transparent.png","contentUrl":"https:\/\/brightfish.com\/de\/wp-content\/uploads\/sites\/7\/2022\/03\/insight-illustration-sticker-512-transparent.png","width":512,"height":512},{"@type":"BreadcrumbList","@id":"https:\/\/brightfish.com\/de\/technologie\/insight\/#breadcrumb","itemListElement":[{"@type":"ListItem","position":1,"name":"Home","item":"https:\/\/brightfish.com\/de\/"},{"@type":"ListItem","position":2,"name":"Technologie","item":"https:\/\/brightfish.com\/de\/technologie\/"},{"@type":"ListItem","position":3,"name":"Insight"}]},{"@type":"WebSite","@id":"https:\/\/brightfish.com\/de\/#website","url":"https:\/\/brightfish.com\/de\/","name":"BRIGHTFISH","description":"Bright technology","potentialAction":[{"@type":"SearchAction","target":{"@type":"EntryPoint","urlTemplate":"https:\/\/brightfish.com\/de\/?s={search_term_string}"},"query-input":{"@type":"PropertyValueSpecification","valueRequired":true,"valueName":"search_term_string"}}],"inLanguage":"en-US"}]}},"_links":{"self":[{"href":"https:\/\/brightfish.com\/de\/wp-json\/wp\/v2\/pages\/63","targetHints":{"allow":["GET"]}}],"collection":[{"href":"https:\/\/brightfish.com\/de\/wp-json\/wp\/v2\/pages"}],"about":[{"href":"https:\/\/brightfish.com\/de\/wp-json\/wp\/v2\/types\/page"}],"author":[{"embeddable":true,"href":"https:\/\/brightfish.com\/de\/wp-json\/wp\/v2\/users\/1"}],"replies":[{"embeddable":true,"href":"https:\/\/brightfish.com\/de\/wp-json\/wp\/v2\/comments?post=63"}],"version-history":[{"count":40,"href":"https:\/\/brightfish.com\/de\/wp-json\/wp\/v2\/pages\/63\/revisions"}],"predecessor-version":[{"id":1878,"href":"https:\/\/brightfish.com\/de\/wp-json\/wp\/v2\/pages\/63\/revisions\/1878"}],"up":[{"embeddable":true,"href":"https:\/\/brightfish.com\/de\/wp-json\/wp\/v2\/pages\/45"}],"wp:attachment":[{"href":"https:\/\/brightfish.com\/de\/wp-json\/wp\/v2\/media?parent=63"}],"curies":[{"name":"wp","href":"https:\/\/api.w.org\/{rel}","templated":true}]}}