{"id":51,"date":"2022-02-28T15:28:51","date_gmt":"2022-02-28T14:28:51","guid":{"rendered":"https:\/\/brightfish.com\/de\/?page_id=51"},"modified":"2022-06-14T16:43:45","modified_gmt":"2022-06-14T15:43:45","slug":"emr","status":"publish","type":"page","link":"https:\/\/brightfish.com\/de\/losungen\/emr\/","title":{"rendered":"EMR"},"content":{"rendered":"\n<div class=\"acf-block-spacer\">\n  <div class=\"spacer has-height-96\"><\/div>\n<\/div>\n\n\n\n<div class=\"wp-block-columns alignwide are-vertically-aligned-center mobile-reverse-order is-layout-flex wp-container-core-columns-is-layout-9d6595d7 wp-block-columns-is-layout-flex\">\n<div class=\"wp-block-column is-vertically-aligned-center is-layout-flow wp-block-column-is-layout-flow\" style=\"padding-top:0px;padding-right:0px;padding-bottom:0px;padding-left:0px\">\n<h1 class=\"wp-block-heading\">Wie kann ich meine <mark class=\"has-inline-color has-brightfish-blue-70-color\">klinischen Arbeitsabl\u00e4ufe und<br>Dateneingabe<\/mark> mobiler gestalten?<\/h1>\n\n\n\n<div class=\"acf-block-spacer\">\n  <div class=\"spacer has-height-36\"><\/div>\n<\/div>\n\n\n\n<p>Unsere EMR Mobile L\u00f6sung erm\u00f6glicht es Ihnen Arbeitsabl\u00e4ufe mobil zu gestalten und die Dateneingabe f\u00fcr Ihr Klinikpersonal zu optimieren.<\/p>\n\n\n\n<div class=\"wp-block-buttons is-content-justification-left is-layout-flex wp-container-core-buttons-is-layout-fdcfc74e wp-block-buttons-is-layout-flex\">\n<div class=\"wp-block-button modal-trigger mdl-request-a-demo\"><a class=\"wp-block-button__link has-brightfish-blue-70-background-color has-background\">Demo anfordern<\/a><\/div>\n<\/div>\n<\/div>\n\n\n\n<div class=\"wp-block-column is-vertically-aligned-center is-layout-flow wp-block-column-is-layout-flow\" style=\"flex-basis:50%\">\n<figure class=\"wp-block-image size-large is-style-curved\"><img loading=\"lazy\" decoding=\"async\" width=\"1194\" height=\"1111\" src=\"https:\/\/brightfish.com\/de\/wp-content\/uploads\/sites\/7\/2022\/03\/CO_ADAM-15-1-edited-1.jpg\" alt=\"\" class=\"wp-image-1436\" srcset=\"https:\/\/brightfish.com\/de\/wp-content\/uploads\/sites\/7\/2022\/03\/CO_ADAM-15-1-edited-1.jpg 1194w, https:\/\/brightfish.com\/de\/wp-content\/uploads\/sites\/7\/2022\/03\/CO_ADAM-15-1-edited-1-600x558.jpg 600w, https:\/\/brightfish.com\/de\/wp-content\/uploads\/sites\/7\/2022\/03\/CO_ADAM-15-1-edited-1-768x715.jpg 768w\" sizes=\"auto, (max-width: 1194px) 100vw, 1194px\" \/><\/figure>\n<\/div>\n<\/div>\n\n\n\n<div class=\"acf-block-spacer\">\n  <div class=\"spacer has-height-96\"><\/div>\n<\/div>\n\n\n\n<div class=\"wp-block-group alignfull has-brightfish-blue-10-background-color has-background\"><div class=\"wp-block-group__inner-container is-layout-flow wp-block-group-is-layout-flow\">\n<div class=\"acf-block-spacer\">\n  <div class=\"spacer has-height-12\"><\/div>\n<\/div>\n\n\n\n<div class=\"wp-block-columns is-layout-flex wp-container-core-columns-is-layout-9d6595d7 wp-block-columns-is-layout-flex\">\n<div class=\"wp-block-column is-vertically-aligned-center is-layout-flow wp-block-column-is-layout-flow\"><div class=\"wp-block-image has-margin-bottom-0\">\n<figure class=\"aligncenter size-full\"><img loading=\"lazy\" decoding=\"async\" width=\"1357\" height=\"1627\" src=\"https:\/\/brightfish.com\/de\/wp-content\/uploads\/sites\/7\/2022\/03\/ipad-dasboard-proms-e1647423979443.png\" alt=\"\" class=\"wp-image-974\" srcset=\"https:\/\/brightfish.com\/de\/wp-content\/uploads\/sites\/7\/2022\/03\/ipad-dasboard-proms-e1647423979443.png 1357w, https:\/\/brightfish.com\/de\/wp-content\/uploads\/sites\/7\/2022\/03\/ipad-dasboard-proms-e1647423979443-250x300.png 250w, https:\/\/brightfish.com\/de\/wp-content\/uploads\/sites\/7\/2022\/03\/ipad-dasboard-proms-e1647423979443-854x1024.png 854w, https:\/\/brightfish.com\/de\/wp-content\/uploads\/sites\/7\/2022\/03\/ipad-dasboard-proms-e1647423979443-768x921.png 768w, https:\/\/brightfish.com\/de\/wp-content\/uploads\/sites\/7\/2022\/03\/ipad-dasboard-proms-e1647423979443-1281x1536.png 1281w\" sizes=\"auto, (max-width: 1357px) 100vw, 1357px\" \/><\/figure>\n<\/div><\/div>\n\n\n\n<div class=\"wp-block-column is-vertically-aligned-center is-layout-flow wp-block-column-is-layout-flow\">\n<h2 class=\"wp-block-heading\">Lernen Sie unsere Touch-App kennen, das Herzst\u00fcck unserer EMR L\u00f6sung f\u00fcr mobile Arbeitsabl\u00e4ufe<\/h2>\n\n\n\n<p>Greifen Sie unterwegs auf medizinische Informationen wie Klinikagenden, radiologische Bilder, Laborergebnisse, Verfahrensanmeldungen und vieles mehr zu.<\/p>\n\n\n\n<p>Die Dateneingabe wird durch intuitiv gestaltete Formulare erleichtert und in bestehende Back-End-Systeme des Krankenhauses oder der Klinik zur\u00fcckgeschrieben.<\/p>\n\n\n\n<p>Die t\u00e4glichen Verwaltungsaufgaben werden effizienter und weniger fehleranf\u00e4llig. Nutzererfahrungen zeigen, dass 10-20% der Zeit bei Patientenbesuchen eingespart werden k\u00f6nnen.<\/p>\n<\/div>\n<\/div>\n<\/div><\/div>\n\n\n\n<div class=\"acf-block-spacer\">\n  <div class=\"spacer has-height-96\"><\/div>\n<\/div>\n\n\n\n<div class=\"wp-block-columns is-style-large-gap is-layout-flex wp-container-core-columns-is-layout-9d6595d7 wp-block-columns-is-layout-flex\">\n<div class=\"wp-block-column is-vertically-aligned-center is-layout-flow wp-block-column-is-layout-flow\">\n<h2 class=\"wp-block-heading\">Alle medizinischen Informationen auf Knopfdruck<\/h2>\n\n\n\n<p>Das medizinische Personal kann bequem durch die Das medizinische Personal kann bequem durch die Patientenakten navigieren, indem es den Tagesplan oder den Stationsplan (der mit Apple Indoor Location integriert werden kann) mit Bettenbelegung und Patientennamen nutzt. Patienteninformationen aus allen medizinischen Systemen k\u00f6nnen auf einem Tablet in einer Oberfl\u00e4che gelesen werden und sind chronologisch geordnet, um einen einfachen Durchgang zu erm\u00f6glichen. Die Benutzer k\u00f6nnen Filter auf der Grundlage von Informationskategorien anwenden. Die \u00dcberpr\u00fcfung einer Patientenakte dauert nur zwei Minuten.<\/p>\n<\/div>\n\n\n\n<div class=\"wp-block-column is-vertically-aligned-center is-layout-flow wp-block-column-is-layout-flow\" style=\"flex-basis:50%\"><div class=\"wp-block-image is-style-rounded\">\n<figure class=\"aligncenter size-full\"><img loading=\"lazy\" decoding=\"async\" width=\"2560\" height=\"1994\" src=\"https:\/\/brightfish.com\/de\/wp-content\/uploads\/sites\/7\/2022\/03\/IMG_8357_small-scaled.jpg\" alt=\"\" class=\"wp-image-984\" srcset=\"https:\/\/brightfish.com\/de\/wp-content\/uploads\/sites\/7\/2022\/03\/IMG_8357_small-scaled.jpg 2560w, https:\/\/brightfish.com\/de\/wp-content\/uploads\/sites\/7\/2022\/03\/IMG_8357_small-300x234.jpg 300w, https:\/\/brightfish.com\/de\/wp-content\/uploads\/sites\/7\/2022\/03\/IMG_8357_small-1024x798.jpg 1024w, https:\/\/brightfish.com\/de\/wp-content\/uploads\/sites\/7\/2022\/03\/IMG_8357_small-768x598.jpg 768w, https:\/\/brightfish.com\/de\/wp-content\/uploads\/sites\/7\/2022\/03\/IMG_8357_small-1536x1196.jpg 1536w, https:\/\/brightfish.com\/de\/wp-content\/uploads\/sites\/7\/2022\/03\/IMG_8357_small-2048x1595.jpg 2048w\" sizes=\"auto, (max-width: 2560px) 100vw, 2560px\" \/><\/figure>\n<\/div><\/div>\n<\/div>\n\n\n<div class=\"acf-block-separator alignfull spacing\">\n  <div class=\"spacer has-height-60\"><\/div>\n  <hr>\n  <div class=\"spacer has-height-96\"><\/div>\n<\/div>\n\n\n\n<div class=\"wp-block-columns is-style-large-gap is-layout-flex wp-container-core-columns-is-layout-9d6595d7 wp-block-columns-is-layout-flex\">\n<div class=\"wp-block-column is-vertically-aligned-center is-layout-flow wp-block-column-is-layout-flow\" style=\"flex-basis:50%\"><div class=\"wp-block-image is-style-rounded\">\n<figure class=\"aligncenter size-large\"><img loading=\"lazy\" decoding=\"async\" width=\"1024\" height=\"768\" src=\"https:\/\/brightfish.com\/de\/wp-content\/uploads\/sites\/7\/2022\/03\/IMG_4079-small-1024x768.jpg\" alt=\"\" class=\"wp-image-979\" srcset=\"https:\/\/brightfish.com\/de\/wp-content\/uploads\/sites\/7\/2022\/03\/IMG_4079-small-1024x768.jpg 1024w, https:\/\/brightfish.com\/de\/wp-content\/uploads\/sites\/7\/2022\/03\/IMG_4079-small-300x225.jpg 300w, https:\/\/brightfish.com\/de\/wp-content\/uploads\/sites\/7\/2022\/03\/IMG_4079-small-768x576.jpg 768w, https:\/\/brightfish.com\/de\/wp-content\/uploads\/sites\/7\/2022\/03\/IMG_4079-small-1536x1152.jpg 1536w, https:\/\/brightfish.com\/de\/wp-content\/uploads\/sites\/7\/2022\/03\/IMG_4079-small-2048x1536.jpg 2048w\" sizes=\"auto, (max-width: 1024px) 100vw, 1024px\" \/><\/figure>\n<\/div><\/div>\n\n\n\n<div class=\"wp-block-column is-vertically-aligned-center is-layout-flow wp-block-column-is-layout-flow\">\n<h2 class=\"wp-block-heading\">Anpassbar an jedes medizinische Fachgebiet<\/h2>\n\n\n\n<p>Brightfish EMR erleichtert die bestehenden Arbeitsabl\u00e4ufe mithilfe von Formularen, die speziell f\u00fcr jedes medizinische Fachgebiet erstellt wurden. Unsere formularbasierte Schnittstelle erm\u00f6glicht eine einfache Navigation ohne Tastatur oder Maus: Durch die Verwendung von Kontrollk\u00e4stchen und Feldern zum automatischen Ausf\u00fcllen wird die Eingabe von Informationen standardisiert und die Datenerfassung verbessert.<\/p>\n<\/div>\n<\/div>\n\n\n<div class=\"acf-block-separator alignfull spacing\">\n  <div class=\"spacer has-height-60\"><\/div>\n  <hr>\n  <div class=\"spacer has-height-96\"><\/div>\n<\/div>\n\n\n\n<div class=\"wp-block-columns is-style-large-gap is-layout-flex wp-container-core-columns-is-layout-9d6595d7 wp-block-columns-is-layout-flex\">\n<div class=\"wp-block-column is-vertically-aligned-center is-layout-flow wp-block-column-is-layout-flow\">\n<h2 class=\"wp-block-heading\">Bilder hinzuf\u00fcgen und mit Kommentaren versehen<\/h2>\n\n\n\n<p>Die Tablet-Technologie er\u00f6ffnet neue M\u00f6glichkeiten der Die Tablet-Technologie er\u00f6ffnet neue M\u00f6glichkeiten f\u00fcr die Erfassung von Patienteninformationen: von der Aufnahme von Fotos bis hin zu deren Kommentierung und Hinzuf\u00fcgung zu einer Patientenakte &#8211; und das alles im Handumdrehen. Eine \u00e4hnliche Option ist f\u00fcr radiologische Bilder verf\u00fcgbar, die angehalten und dann als Vorlage zum Zeichnen und Hinzuf\u00fcgen von Anmerkungen f\u00fcr zuk\u00fcnftige Referenzen verwendet werden k\u00f6nnen.<\/p>\n<\/div>\n\n\n\n<div class=\"wp-block-column is-vertically-aligned-center is-layout-flow wp-block-column-is-layout-flow\" style=\"flex-basis:50%\"><div class=\"wp-block-image is-style-rounded\">\n<figure class=\"aligncenter size-large\"><img loading=\"lazy\" decoding=\"async\" width=\"1024\" height=\"983\" src=\"https:\/\/brightfish.com\/de\/wp-content\/uploads\/sites\/7\/2022\/03\/buik_small-1024x983.jpg\" alt=\"\" class=\"wp-image-978\" srcset=\"https:\/\/brightfish.com\/de\/wp-content\/uploads\/sites\/7\/2022\/03\/buik_small-1024x983.jpg 1024w, https:\/\/brightfish.com\/de\/wp-content\/uploads\/sites\/7\/2022\/03\/buik_small-300x288.jpg 300w, https:\/\/brightfish.com\/de\/wp-content\/uploads\/sites\/7\/2022\/03\/buik_small-768x738.jpg 768w, https:\/\/brightfish.com\/de\/wp-content\/uploads\/sites\/7\/2022\/03\/buik_small-1536x1475.jpg 1536w, https:\/\/brightfish.com\/de\/wp-content\/uploads\/sites\/7\/2022\/03\/buik_small.jpg 1617w\" sizes=\"auto, (max-width: 1024px) 100vw, 1024px\" \/><\/figure>\n<\/div><\/div>\n<\/div>\n\n\n<div class=\"acf-block-separator alignfull spacing\">\n  <div class=\"spacer has-height-60\"><\/div>\n  <hr>\n  <div class=\"spacer has-height-96\"><\/div>\n<\/div>\n\n\n\n<h2 class=\"has-text-align-center has-max-width-700 has-x-2-large-font-size wp-block-heading\">Nehmen Sie Kontakt auf und erfahren Sie, wie Brightfish L\u00f6sungen Ihnen helfen k\u00f6nnen &#8211; lassen Sie uns \u00fcber Ihre Ziele sprechen und eine Live-Demo durchgehen.<\/h2>\n\n\n\n<p><\/p>\n\n\n\n  <div class=\"acf-block-modal\">\n\n    <div class=\"modal\" id=\"mdl-request-a-demo\">\n\n      <div class=\"container normal form\">\n\n        <div class=\"close\">\n          <span><\/span>\n          <span><\/span>\n          <span><\/span>\n        <\/div>\n\n        <div class=\"content\">\n          <div class=\"inner\">\n            <div class=\"close-spacer\"><\/div>\n            \n\n<h2 class=\"has-x-3-large-font-size wp-block-heading\">Request a demo<\/h2>\n\n\n\n<p>Please fill in the form below, and one of our employees will contact you as soon as possible.<\/p>\n\n\n\n<div class=\"wpcf7 no-js\" id=\"wpcf7-f17-o1\" lang=\"en-US\" dir=\"ltr\" data-wpcf7-id=\"17\">\n<div class=\"screen-reader-response\"><p role=\"status\" aria-live=\"polite\" aria-atomic=\"true\"><\/p> <ul><\/ul><\/div>\n<form action=\"\/de\/wp-json\/wp\/v2\/pages\/51#wpcf7-f17-o1\" method=\"post\" class=\"wpcf7-form init\" aria-label=\"Contact form\" novalidate=\"novalidate\" data-status=\"init\">\n<fieldset class=\"hidden-fields-container\"><input type=\"hidden\" name=\"_wpcf7\" value=\"17\" \/><input type=\"hidden\" name=\"_wpcf7_version\" value=\"6.1.2\" \/><input type=\"hidden\" name=\"_wpcf7_locale\" value=\"en_US\" \/><input type=\"hidden\" name=\"_wpcf7_unit_tag\" value=\"wpcf7-f17-o1\" \/><input type=\"hidden\" name=\"_wpcf7_container_post\" value=\"0\" \/><input type=\"hidden\" name=\"_wpcf7_posted_data_hash\" value=\"\" \/>\n<\/fieldset>\n<label class=\"label-transform\">\n<span class=\"wpcf7-form-control-wrap\" data-name=\"name-sender\"><input size=\"40\" maxlength=\"400\" class=\"wpcf7-form-control wpcf7-text wpcf7-validates-as-required\" aria-required=\"true\" aria-invalid=\"false\" value=\"\" type=\"text\" name=\"name-sender\" \/><\/span>\n<span class=\"placeholder\">Your name<\/span>\n<\/label>\n\n<label class=\"label-transform\">\n<span class=\"wpcf7-form-control-wrap\" data-name=\"company-sender\"><input size=\"40\" maxlength=\"400\" class=\"wpcf7-form-control wpcf7-text\" aria-invalid=\"false\" value=\"\" type=\"text\" name=\"company-sender\" \/><\/span>\n<span class=\"placeholder\">Company name<\/span>\n<\/label>\n\n<label class=\"label-transform\">\n<span class=\"wpcf7-form-control-wrap\" data-name=\"mail-sender\"><input size=\"40\" maxlength=\"400\" class=\"wpcf7-form-control wpcf7-email wpcf7-validates-as-required wpcf7-text wpcf7-validates-as-email\" aria-required=\"true\" aria-invalid=\"false\" value=\"\" type=\"email\" name=\"mail-sender\" \/><\/span>\n<span class=\"placeholder\">Your email address<\/span>\n<\/label>\n\n\n<label class=\"label-transform\">\n<span class=\"wpcf7-form-control-wrap\" data-name=\"phone-sender\"><input size=\"40\" maxlength=\"400\" class=\"wpcf7-form-control wpcf7-tel wpcf7-text wpcf7-validates-as-tel\" aria-invalid=\"false\" value=\"\" type=\"tel\" name=\"phone-sender\" \/><\/span>\n<span class=\"placeholder\">Phone number<\/span>\n<\/label>\n\n<label class=\"label-transform autosize\">\n<span class=\"wpcf7-form-control-wrap\" data-name=\"message\"><textarea cols=\"40\" rows=\"10\" maxlength=\"2000\" class=\"wpcf7-form-control wpcf7-textarea wpcf7-validates-as-required\" aria-required=\"true\" aria-invalid=\"false\" name=\"message\"><\/textarea><\/span>\n<span class=\"placeholder\">I'm interested in...<\/span>\n<\/label>\n\n\n<span class=\"wpcf7-form-control-wrap\" data-name=\"hcap-cf7\">\t\t<input\n\t\t\t\ttype=\"hidden\"\n\t\t\t\tclass=\"hcaptcha-widget-id\"\n\t\t\t\tname=\"hcaptcha-widget-id\"\n\t\t\t\tvalue=\"eyJzb3VyY2UiOlsiY29udGFjdC1mb3JtLTdcL3dwLWNvbnRhY3QtZm9ybS03LnBocCJdLCJmb3JtX2lkIjoxN30=-648e685ef34e059d96caeb7ca17fd312\">\n\t\t\t\t<span id=\"hcap_cf7-69ded8868e9683.22103161\" class=\"wpcf7-form-control h-captcha \"\n\t\t\tdata-sitekey=\"10000000-ffff-ffff-ffff-000000000001\"\n\t\t\tdata-theme=\"light\"\n\t\t\tdata-size=\"normal\"\n\t\t\tdata-auto=\"false\"\n\t\t\tdata-ajax=\"false\"\n\t\t\tdata-force=\"false\">\n\t\t<\/span>\n\t\t<input type=\"hidden\" id=\"_wpnonce\" name=\"_wpnonce\" value=\"2e6b7f3644\" \/><input type=\"hidden\" name=\"_wp_http_referer\" value=\"\/de\/wp-json\/wp\/v2\/pages\/51\" \/><\/span><input class=\"wpcf7-form-control wpcf7-submit has-spinner\" type=\"submit\" value=\"Send\" \/><div class=\"wpcf7-response-output\" aria-hidden=\"true\"><\/div>\n<\/form>\n<\/div>\n\n\n\n          <\/div>\n        <\/div>\n\n      <\/div>\n\n      <div class=\"overlay\"><\/div>\n\n    <\/div>\n\n  <\/div>\n\n\n\n\n<div class=\"wp-block-buttons is-content-justification-center is-layout-flex wp-container-core-buttons-is-layout-16018d1d wp-block-buttons-is-layout-flex\">\n<div class=\"wp-block-button modal-trigger mdl-request-a-demo\"><a class=\"wp-block-button__link has-brightfish-orange-70-background-color has-background\">Demo anfordern<\/a><\/div>\n<\/div>\n\n\n\n<div class=\"acf-block-spacer\">\n  <div class=\"spacer has-height-60\"><\/div>\n<\/div>\n","protected":false},"excerpt":{"rendered":"<p>Wie kann ich meine klinischen Arbeitsabl\u00e4ufe undDateneingabe mobiler gestalten? Unsere EMR Mobile L\u00f6sung erm\u00f6glicht es Ihnen Arbeitsabl\u00e4ufe mobil zu gestalten und die Dateneingabe f\u00fcr&#8230;<\/p>\n","protected":false},"author":1,"featured_media":0,"parent":20,"menu_order":0,"comment_status":"closed","ping_status":"closed","template":"","meta":{"_acf_changed":false,"footnotes":""},"class_list":["post-51","page","type-page","status-publish","hentry"],"acf":[],"yoast_head":"<!-- This site is optimized with the Yoast SEO plugin v27.3 - https:\/\/yoast.com\/product\/yoast-seo-wordpress\/ -->\n<title>EMR - Brightfish<\/title>\n<meta name=\"robots\" content=\"index, follow, max-snippet:-1, max-image-preview:large, max-video-preview:-1\" \/>\n<link rel=\"canonical\" href=\"https:\/\/brightfish.com\/de\/losungen\/emr\/\" \/>\n<meta property=\"og:locale\" content=\"de_DE\" \/>\n<meta property=\"og:type\" content=\"article\" \/>\n<meta property=\"og:title\" content=\"EMR - Brightfish\" \/>\n<meta property=\"og:description\" content=\"Wie kann ich meine klinischen Arbeitsabl\u00e4ufe undDateneingabe mobiler gestalten? Unsere EMR Mobile L\u00f6sung erm\u00f6glicht es Ihnen Arbeitsabl\u00e4ufe mobil zu gestalten und die Dateneingabe f\u00fcr...\" \/>\n<meta property=\"og:url\" content=\"https:\/\/brightfish.com\/de\/losungen\/emr\/\" \/>\n<meta property=\"og:site_name\" content=\"BRIGHTFISH\" \/>\n<meta property=\"article:modified_time\" content=\"2022-06-14T15:43:45+00:00\" \/>\n<meta property=\"og:image\" content=\"https:\/\/brightfish.com\/de\/wp-content\/uploads\/sites\/7\/2022\/03\/CO_ADAM-15-1-edited-1.jpg\" \/>\n<meta name=\"twitter:card\" content=\"summary_large_image\" \/>\n<meta name=\"twitter:label1\" content=\"Est. reading time\" \/>\n\t<meta name=\"twitter:data1\" content=\"3 minutes\" \/>\n<script type=\"application\/ld+json\" class=\"yoast-schema-graph\">{\"@context\":\"https:\\\/\\\/schema.org\",\"@graph\":[{\"@type\":\"WebPage\",\"@id\":\"https:\\\/\\\/brightfish.com\\\/de\\\/losungen\\\/emr\\\/\",\"url\":\"https:\\\/\\\/brightfish.com\\\/de\\\/losungen\\\/emr\\\/\",\"name\":\"BRIGHTFISH\",\"isPartOf\":{\"@id\":\"https:\\\/\\\/brightfish.com\\\/de\\\/#website\"},\"primaryImageOfPage\":{\"@id\":\"https:\\\/\\\/brightfish.com\\\/de\\\/losungen\\\/emr\\\/#primaryimage\"},\"image\":{\"@id\":\"https:\\\/\\\/brightfish.com\\\/de\\\/losungen\\\/emr\\\/#primaryimage\"},\"thumbnailUrl\":\"https:\\\/\\\/brightfish.com\\\/de\\\/wp-content\\\/uploads\\\/sites\\\/7\\\/2022\\\/03\\\/CO_ADAM-15-1-edited-1.jpg\",\"datePublished\":\"2022-02-28T14:28:51+00:00\",\"dateModified\":\"2022-06-14T15:43:45+00:00\",\"breadcrumb\":{\"@id\":\"https:\\\/\\\/brightfish.com\\\/de\\\/losungen\\\/emr\\\/#breadcrumb\"},\"inLanguage\":\"en-US\",\"potentialAction\":[{\"@type\":\"ReadAction\",\"target\":[\"https:\\\/\\\/brightfish.com\\\/de\\\/losungen\\\/emr\\\/\"]}]},{\"@type\":\"ImageObject\",\"inLanguage\":\"en-US\",\"@id\":\"https:\\\/\\\/brightfish.com\\\/de\\\/losungen\\\/emr\\\/#primaryimage\",\"url\":\"https:\\\/\\\/brightfish.com\\\/de\\\/wp-content\\\/uploads\\\/sites\\\/7\\\/2022\\\/03\\\/CO_ADAM-15-1-edited-1.jpg\",\"contentUrl\":\"https:\\\/\\\/brightfish.com\\\/de\\\/wp-content\\\/uploads\\\/sites\\\/7\\\/2022\\\/03\\\/CO_ADAM-15-1-edited-1.jpg\",\"width\":1194,\"height\":1111},{\"@type\":\"BreadcrumbList\",\"@id\":\"https:\\\/\\\/brightfish.com\\\/de\\\/losungen\\\/emr\\\/#breadcrumb\",\"itemListElement\":[{\"@type\":\"ListItem\",\"position\":1,\"name\":\"Home\",\"item\":\"https:\\\/\\\/brightfish.com\\\/de\\\/\"},{\"@type\":\"ListItem\",\"position\":2,\"name\":\"L\u00f6sungen\",\"item\":\"https:\\\/\\\/brightfish.com\\\/de\\\/losungen\\\/\"},{\"@type\":\"ListItem\",\"position\":3,\"name\":\"EMR\"}]},{\"@type\":\"WebSite\",\"@id\":\"https:\\\/\\\/brightfish.com\\\/de\\\/#website\",\"url\":\"https:\\\/\\\/brightfish.com\\\/de\\\/\",\"name\":\"BRIGHTFISH\",\"description\":\"Bright technology\",\"potentialAction\":[{\"@type\":\"SearchAction\",\"target\":{\"@type\":\"EntryPoint\",\"urlTemplate\":\"https:\\\/\\\/brightfish.com\\\/de\\\/?s={search_term_string}\"},\"query-input\":{\"@type\":\"PropertyValueSpecification\",\"valueRequired\":true,\"valueName\":\"search_term_string\"}}],\"inLanguage\":\"en-US\"}]}<\/script>\n<!-- \/ Yoast SEO plugin. -->","yoast_head_json":{"title":"EMR - Brightfish","robots":{"index":"index","follow":"follow","max-snippet":"max-snippet:-1","max-image-preview":"max-image-preview:large","max-video-preview":"max-video-preview:-1"},"canonical":"https:\/\/brightfish.com\/de\/losungen\/emr\/","og_locale":"de_DE","og_type":"article","og_title":"EMR - Brightfish","og_description":"Wie kann ich meine klinischen Arbeitsabl\u00e4ufe undDateneingabe mobiler gestalten? Unsere EMR Mobile L\u00f6sung erm\u00f6glicht es Ihnen Arbeitsabl\u00e4ufe mobil zu gestalten und die Dateneingabe f\u00fcr...","og_url":"https:\/\/brightfish.com\/de\/losungen\/emr\/","og_site_name":"BRIGHTFISH","article_modified_time":"2022-06-14T15:43:45+00:00","og_image":[{"url":"https:\/\/brightfish.com\/de\/wp-content\/uploads\/sites\/7\/2022\/03\/CO_ADAM-15-1-edited-1.jpg","type":"","width":"","height":""}],"twitter_card":"summary_large_image","twitter_misc":{"Est. reading time":"3 minutes"},"schema":{"@context":"https:\/\/schema.org","@graph":[{"@type":"WebPage","@id":"https:\/\/brightfish.com\/de\/losungen\/emr\/","url":"https:\/\/brightfish.com\/de\/losungen\/emr\/","name":"BRIGHTFISH","isPartOf":{"@id":"https:\/\/brightfish.com\/de\/#website"},"primaryImageOfPage":{"@id":"https:\/\/brightfish.com\/de\/losungen\/emr\/#primaryimage"},"image":{"@id":"https:\/\/brightfish.com\/de\/losungen\/emr\/#primaryimage"},"thumbnailUrl":"https:\/\/brightfish.com\/de\/wp-content\/uploads\/sites\/7\/2022\/03\/CO_ADAM-15-1-edited-1.jpg","datePublished":"2022-02-28T14:28:51+00:00","dateModified":"2022-06-14T15:43:45+00:00","breadcrumb":{"@id":"https:\/\/brightfish.com\/de\/losungen\/emr\/#breadcrumb"},"inLanguage":"en-US","potentialAction":[{"@type":"ReadAction","target":["https:\/\/brightfish.com\/de\/losungen\/emr\/"]}]},{"@type":"ImageObject","inLanguage":"en-US","@id":"https:\/\/brightfish.com\/de\/losungen\/emr\/#primaryimage","url":"https:\/\/brightfish.com\/de\/wp-content\/uploads\/sites\/7\/2022\/03\/CO_ADAM-15-1-edited-1.jpg","contentUrl":"https:\/\/brightfish.com\/de\/wp-content\/uploads\/sites\/7\/2022\/03\/CO_ADAM-15-1-edited-1.jpg","width":1194,"height":1111},{"@type":"BreadcrumbList","@id":"https:\/\/brightfish.com\/de\/losungen\/emr\/#breadcrumb","itemListElement":[{"@type":"ListItem","position":1,"name":"Home","item":"https:\/\/brightfish.com\/de\/"},{"@type":"ListItem","position":2,"name":"L\u00f6sungen","item":"https:\/\/brightfish.com\/de\/losungen\/"},{"@type":"ListItem","position":3,"name":"EMR"}]},{"@type":"WebSite","@id":"https:\/\/brightfish.com\/de\/#website","url":"https:\/\/brightfish.com\/de\/","name":"BRIGHTFISH","description":"Bright technology","potentialAction":[{"@type":"SearchAction","target":{"@type":"EntryPoint","urlTemplate":"https:\/\/brightfish.com\/de\/?s={search_term_string}"},"query-input":{"@type":"PropertyValueSpecification","valueRequired":true,"valueName":"search_term_string"}}],"inLanguage":"en-US"}]}},"_links":{"self":[{"href":"https:\/\/brightfish.com\/de\/wp-json\/wp\/v2\/pages\/51","targetHints":{"allow":["GET"]}}],"collection":[{"href":"https:\/\/brightfish.com\/de\/wp-json\/wp\/v2\/pages"}],"about":[{"href":"https:\/\/brightfish.com\/de\/wp-json\/wp\/v2\/types\/page"}],"author":[{"embeddable":true,"href":"https:\/\/brightfish.com\/de\/wp-json\/wp\/v2\/users\/1"}],"replies":[{"embeddable":true,"href":"https:\/\/brightfish.com\/de\/wp-json\/wp\/v2\/comments?post=51"}],"version-history":[{"count":42,"href":"https:\/\/brightfish.com\/de\/wp-json\/wp\/v2\/pages\/51\/revisions"}],"predecessor-version":[{"id":1821,"href":"https:\/\/brightfish.com\/de\/wp-json\/wp\/v2\/pages\/51\/revisions\/1821"}],"up":[{"embeddable":true,"href":"https:\/\/brightfish.com\/de\/wp-json\/wp\/v2\/pages\/20"}],"wp:attachment":[{"href":"https:\/\/brightfish.com\/de\/wp-json\/wp\/v2\/media?parent=51"}],"curies":[{"name":"wp","href":"https:\/\/api.w.org\/{rel}","templated":true}]}}