{"id":287,"date":"2022-03-07T08:49:18","date_gmt":"2022-03-07T07:49:18","guid":{"rendered":"https:\/\/brightfish.com\/de\/?page_id=287"},"modified":"2024-11-06T15:06:52","modified_gmt":"2024-11-06T14:06:52","slug":"jobs","status":"publish","type":"page","link":"https:\/\/brightfish.com\/de\/jobs\/","title":{"rendered":"Jobs"},"content":{"rendered":"\n<div class=\"acf-block-spacer\">\n  <div class=\"spacer has-height-96\"><\/div>\n<\/div>\n\n\n\n<div class=\"wp-block-columns alignwide are-vertically-aligned-center mobile-reverse-order is-style-large-gap is-layout-flex wp-container-core-columns-is-layout-9d6595d7 wp-block-columns-is-layout-flex\">\n<div class=\"wp-block-column is-vertically-aligned-center is-layout-flow wp-block-column-is-layout-flow\" style=\"padding-top:0px;padding-right:0px;padding-bottom:0px;padding-left:0px\">\n<h1 class=\"wp-block-heading\">Suchen Sie eine herausfordernde T\u00e4tigkeit auf dem sich schnell sich wandelnden Markt f\u00fcr Gesundheitstechnologie?<\/h1>\n\n\n\n<p><br>Arbeiten Sie gerne an vielf\u00e4ltigen Projekten im Gesundheitswesen, bei denen Sie \u00c4rzten und Patienten mit wirklich innovativen Produkten dienen k\u00f6nnen, die sich in bestehende Systeme integrieren lassen, anstatt mit einer weiteren Pappkarton-Anwendung?<\/p>\n\n\n\n<p>Dann ist Brightfish auf der Suche nach Ihnen!<\/p>\n<\/div>\n\n\n\n<div class=\"wp-block-column is-vertically-aligned-center is-layout-flow wp-block-column-is-layout-flow\" style=\"flex-basis:50%\">\n<figure class=\"wp-block-image size-large is-style-curved\"><img loading=\"lazy\" decoding=\"async\" width=\"1024\" height=\"768\" src=\"https:\/\/brightfish.com\/de\/wp-content\/uploads\/sites\/7\/2022\/03\/IMG_1707-1024x768.jpeg\" alt=\"\" class=\"wp-image-1233\" srcset=\"https:\/\/brightfish.com\/de\/wp-content\/uploads\/sites\/7\/2022\/03\/IMG_1707-1024x768.jpeg 1024w, https:\/\/brightfish.com\/de\/wp-content\/uploads\/sites\/7\/2022\/03\/IMG_1707-300x225.jpeg 300w, https:\/\/brightfish.com\/de\/wp-content\/uploads\/sites\/7\/2022\/03\/IMG_1707-768x576.jpeg 768w, https:\/\/brightfish.com\/de\/wp-content\/uploads\/sites\/7\/2022\/03\/IMG_1707.jpeg 1417w\" sizes=\"auto, (max-width: 1024px) 100vw, 1024px\" \/><\/figure>\n<\/div>\n<\/div>\n\n\n\n<div class=\"acf-block-spacer\">\n  <div class=\"spacer has-height-60\"><\/div>\n<\/div>\n\n\n\n<h2 class=\"wp-block-heading alignwide\">Brightfish ist Teil von <a href=\"https:\/\/logex.com\/\" target=\"_blank\" rel=\"noreferrer noopener\">LOGEX<\/a><\/h2>\n\n\n\n<div class=\"wp-block-columns alignwide is-layout-flex wp-container-core-columns-is-layout-9d6595d7 wp-block-columns-is-layout-flex\">\n<div class=\"wp-block-column is-layout-flow wp-block-column-is-layout-flow\" style=\"flex-basis:800px\">\n<p>Mit mehr als 450 engagierten Kollegen hilft LOGEX mehr als 700 Krankenh\u00e4usern und Tausenden von Fachkr\u00e4ften im Gesundheitswesen in ganz Europa dabei, ihre finanziellen, operativen und Ergebnisdaten (klinische Daten und von Patienten berichtete Daten) in eine bessere Versorgung zu verwandeln.<\/p>\n<\/div>\n<\/div>\n\n\n\n<div class=\"wp-block-buttons alignwide is-layout-flex wp-block-buttons-is-layout-flex\">\n<div class=\"wp-block-button\"><a class=\"wp-block-button__link wp-element-button\" href=\"https:\/\/logex.com\/join-us\/\">Careers at LOGEX.com<\/a><\/div>\n<\/div>\n","protected":false},"excerpt":{"rendered":"<p>Suchen Sie eine herausfordernde T\u00e4tigkeit auf dem sich schnell sich wandelnden Markt f\u00fcr Gesundheitstechnologie? Arbeiten Sie gerne an vielf\u00e4ltigen Projekten im Gesundheitswesen, bei denen&#8230;<\/p>\n","protected":false},"author":1,"featured_media":0,"parent":0,"menu_order":0,"comment_status":"closed","ping_status":"closed","template":"","meta":{"_acf_changed":false,"footnotes":""},"class_list":["post-287","page","type-page","status-publish","hentry"],"acf":[],"yoast_head":"<!-- This site is optimized with the Yoast SEO plugin v27.4 - https:\/\/yoast.com\/product\/yoast-seo-wordpress\/ -->\n<title>Jobs - Brightfish<\/title>\n<meta name=\"robots\" content=\"index, follow, max-snippet:-1, max-image-preview:large, max-video-preview:-1\" \/>\n<link rel=\"canonical\" href=\"https:\/\/brightfish.com\/de\/jobs\/\" \/>\n<meta property=\"og:locale\" content=\"de_DE\" \/>\n<meta property=\"og:type\" content=\"article\" \/>\n<meta property=\"og:title\" content=\"Jobs - Brightfish\" \/>\n<meta property=\"og:description\" content=\"Suchen Sie eine herausfordernde T\u00e4tigkeit auf dem sich schnell sich wandelnden Markt f\u00fcr Gesundheitstechnologie? Arbeiten Sie gerne an vielf\u00e4ltigen Projekten im Gesundheitswesen, bei denen...\" \/>\n<meta property=\"og:url\" content=\"https:\/\/brightfish.com\/de\/jobs\/\" \/>\n<meta property=\"og:site_name\" content=\"BRIGHTFISH\" \/>\n<meta property=\"article:modified_time\" content=\"2024-11-06T14:06:52+00:00\" \/>\n<meta property=\"og:image\" content=\"https:\/\/brightfish.com\/de\/wp-content\/uploads\/sites\/7\/2022\/03\/IMG_1707.jpeg\" \/>\n\t<meta property=\"og:image:width\" content=\"1417\" \/>\n\t<meta property=\"og:image:height\" content=\"1063\" \/>\n\t<meta property=\"og:image:type\" content=\"image\/jpeg\" \/>\n<meta name=\"twitter:card\" content=\"summary_large_image\" \/>\n<meta name=\"twitter:label1\" content=\"Est. reading time\" \/>\n\t<meta name=\"twitter:data1\" content=\"1 minute\" \/>\n<script type=\"application\/ld+json\" class=\"yoast-schema-graph\">{\"@context\":\"https:\\\/\\\/schema.org\",\"@graph\":[{\"@type\":\"WebPage\",\"@id\":\"https:\\\/\\\/brightfish.com\\\/de\\\/jobs\\\/\",\"url\":\"https:\\\/\\\/brightfish.com\\\/de\\\/jobs\\\/\",\"name\":\"BRIGHTFISH\",\"isPartOf\":{\"@id\":\"https:\\\/\\\/brightfish.com\\\/de\\\/#website\"},\"primaryImageOfPage\":{\"@id\":\"https:\\\/\\\/brightfish.com\\\/de\\\/jobs\\\/#primaryimage\"},\"image\":{\"@id\":\"https:\\\/\\\/brightfish.com\\\/de\\\/jobs\\\/#primaryimage\"},\"thumbnailUrl\":\"https:\\\/\\\/brightfish.com\\\/de\\\/wp-content\\\/uploads\\\/sites\\\/7\\\/2022\\\/03\\\/IMG_1707-1024x768.jpeg\",\"datePublished\":\"2022-03-07T07:49:18+00:00\",\"dateModified\":\"2024-11-06T14:06:52+00:00\",\"breadcrumb\":{\"@id\":\"https:\\\/\\\/brightfish.com\\\/de\\\/jobs\\\/#breadcrumb\"},\"inLanguage\":\"en-US\",\"potentialAction\":[{\"@type\":\"ReadAction\",\"target\":[\"https:\\\/\\\/brightfish.com\\\/de\\\/jobs\\\/\"]}]},{\"@type\":\"ImageObject\",\"inLanguage\":\"en-US\",\"@id\":\"https:\\\/\\\/brightfish.com\\\/de\\\/jobs\\\/#primaryimage\",\"url\":\"https:\\\/\\\/brightfish.com\\\/de\\\/wp-content\\\/uploads\\\/sites\\\/7\\\/2022\\\/03\\\/IMG_1707.jpeg\",\"contentUrl\":\"https:\\\/\\\/brightfish.com\\\/de\\\/wp-content\\\/uploads\\\/sites\\\/7\\\/2022\\\/03\\\/IMG_1707.jpeg\",\"width\":1417,\"height\":1063},{\"@type\":\"BreadcrumbList\",\"@id\":\"https:\\\/\\\/brightfish.com\\\/de\\\/jobs\\\/#breadcrumb\",\"itemListElement\":[{\"@type\":\"ListItem\",\"position\":1,\"name\":\"Home\",\"item\":\"https:\\\/\\\/brightfish.com\\\/de\\\/\"},{\"@type\":\"ListItem\",\"position\":2,\"name\":\"Jobs\"}]},{\"@type\":\"WebSite\",\"@id\":\"https:\\\/\\\/brightfish.com\\\/de\\\/#website\",\"url\":\"https:\\\/\\\/brightfish.com\\\/de\\\/\",\"name\":\"BRIGHTFISH\",\"description\":\"Bright technology\",\"potentialAction\":[{\"@type\":\"SearchAction\",\"target\":{\"@type\":\"EntryPoint\",\"urlTemplate\":\"https:\\\/\\\/brightfish.com\\\/de\\\/?s={search_term_string}\"},\"query-input\":{\"@type\":\"PropertyValueSpecification\",\"valueRequired\":true,\"valueName\":\"search_term_string\"}}],\"inLanguage\":\"en-US\"}]}<\/script>\n<!-- \/ Yoast SEO plugin. -->","yoast_head_json":{"title":"Jobs - Brightfish","robots":{"index":"index","follow":"follow","max-snippet":"max-snippet:-1","max-image-preview":"max-image-preview:large","max-video-preview":"max-video-preview:-1"},"canonical":"https:\/\/brightfish.com\/de\/jobs\/","og_locale":"de_DE","og_type":"article","og_title":"Jobs - Brightfish","og_description":"Suchen Sie eine herausfordernde T\u00e4tigkeit auf dem sich schnell sich wandelnden Markt f\u00fcr Gesundheitstechnologie? Arbeiten Sie gerne an vielf\u00e4ltigen Projekten im Gesundheitswesen, bei denen...","og_url":"https:\/\/brightfish.com\/de\/jobs\/","og_site_name":"BRIGHTFISH","article_modified_time":"2024-11-06T14:06:52+00:00","og_image":[{"width":1417,"height":1063,"url":"https:\/\/brightfish.com\/de\/wp-content\/uploads\/sites\/7\/2022\/03\/IMG_1707.jpeg","type":"image\/jpeg"}],"twitter_card":"summary_large_image","twitter_misc":{"Est. reading time":"1 minute"},"schema":{"@context":"https:\/\/schema.org","@graph":[{"@type":"WebPage","@id":"https:\/\/brightfish.com\/de\/jobs\/","url":"https:\/\/brightfish.com\/de\/jobs\/","name":"BRIGHTFISH","isPartOf":{"@id":"https:\/\/brightfish.com\/de\/#website"},"primaryImageOfPage":{"@id":"https:\/\/brightfish.com\/de\/jobs\/#primaryimage"},"image":{"@id":"https:\/\/brightfish.com\/de\/jobs\/#primaryimage"},"thumbnailUrl":"https:\/\/brightfish.com\/de\/wp-content\/uploads\/sites\/7\/2022\/03\/IMG_1707-1024x768.jpeg","datePublished":"2022-03-07T07:49:18+00:00","dateModified":"2024-11-06T14:06:52+00:00","breadcrumb":{"@id":"https:\/\/brightfish.com\/de\/jobs\/#breadcrumb"},"inLanguage":"en-US","potentialAction":[{"@type":"ReadAction","target":["https:\/\/brightfish.com\/de\/jobs\/"]}]},{"@type":"ImageObject","inLanguage":"en-US","@id":"https:\/\/brightfish.com\/de\/jobs\/#primaryimage","url":"https:\/\/brightfish.com\/de\/wp-content\/uploads\/sites\/7\/2022\/03\/IMG_1707.jpeg","contentUrl":"https:\/\/brightfish.com\/de\/wp-content\/uploads\/sites\/7\/2022\/03\/IMG_1707.jpeg","width":1417,"height":1063},{"@type":"BreadcrumbList","@id":"https:\/\/brightfish.com\/de\/jobs\/#breadcrumb","itemListElement":[{"@type":"ListItem","position":1,"name":"Home","item":"https:\/\/brightfish.com\/de\/"},{"@type":"ListItem","position":2,"name":"Jobs"}]},{"@type":"WebSite","@id":"https:\/\/brightfish.com\/de\/#website","url":"https:\/\/brightfish.com\/de\/","name":"BRIGHTFISH","description":"Bright technology","potentialAction":[{"@type":"SearchAction","target":{"@type":"EntryPoint","urlTemplate":"https:\/\/brightfish.com\/de\/?s={search_term_string}"},"query-input":{"@type":"PropertyValueSpecification","valueRequired":true,"valueName":"search_term_string"}}],"inLanguage":"en-US"}]}},"_links":{"self":[{"href":"https:\/\/brightfish.com\/de\/wp-json\/wp\/v2\/pages\/287","targetHints":{"allow":["GET"]}}],"collection":[{"href":"https:\/\/brightfish.com\/de\/wp-json\/wp\/v2\/pages"}],"about":[{"href":"https:\/\/brightfish.com\/de\/wp-json\/wp\/v2\/types\/page"}],"author":[{"embeddable":true,"href":"https:\/\/brightfish.com\/de\/wp-json\/wp\/v2\/users\/1"}],"replies":[{"embeddable":true,"href":"https:\/\/brightfish.com\/de\/wp-json\/wp\/v2\/comments?post=287"}],"version-history":[{"count":40,"href":"https:\/\/brightfish.com\/de\/wp-json\/wp\/v2\/pages\/287\/revisions"}],"predecessor-version":[{"id":1881,"href":"https:\/\/brightfish.com\/de\/wp-json\/wp\/v2\/pages\/287\/revisions\/1881"}],"wp:attachment":[{"href":"https:\/\/brightfish.com\/de\/wp-json\/wp\/v2\/media?parent=287"}],"curies":[{"name":"wp","href":"https:\/\/api.w.org\/{rel}","templated":true}]}}