{"id":20,"date":"2022-02-23T17:07:43","date_gmt":"2022-02-23T16:07:43","guid":{"rendered":"https:\/\/brightfish.com\/de\/?page_id=20"},"modified":"2022-06-15T13:55:39","modified_gmt":"2022-06-15T12:55:39","slug":"losungen","status":"publish","type":"page","link":"https:\/\/brightfish.com\/de\/losungen\/","title":{"rendered":"L\u00f6sungen"},"content":{"rendered":"\n<div class=\"acf-block-spacer\">\n  <div class=\"spacer has-height-96\"><\/div>\n<\/div>\n\n\n\n<h1 class=\"has-text-align-center has-max-width-500 wp-block-heading\">Wir bieten eine Reihe von <mark class=\"has-inline-color has-brightfish-blue-70-color\">Mobilit\u00e4tsl\u00f6sungen<\/mark> f\u00fcr das Gesundheitswesen.<\/h1>\n\n\n\n<p class=\"has-text-align-center has-max-width-600\">Die L\u00f6sungen lassen sich leicht in jedes bestehende medizinische System integrieren. Sie erm\u00f6glichen es uns, Anwendungen f\u00fcr \u00c4rzte, Krankenschwestern, Patienten und Forscher bereitzustellen.<\/p>\n\n\n\n  <div class=\"acf-block-modal\">\n\n    <div class=\"modal\" id=\"mdl-request-a-demo\">\n\n      <div class=\"container normal form\">\n\n        <div class=\"close\">\n          <span><\/span>\n          <span><\/span>\n          <span><\/span>\n        <\/div>\n\n        <div class=\"content\">\n          <div class=\"inner\">\n            <div class=\"close-spacer\"><\/div>\n            \n\n<h2 class=\"has-x-3-large-font-size wp-block-heading\">Request a demo<\/h2>\n\n\n\n<p>Please fill in the form below, and one of our employees will contact you as soon as possible.<\/p>\n\n\n\n<div class=\"wpcf7 no-js\" id=\"wpcf7-f17-o1\" lang=\"en-US\" dir=\"ltr\" data-wpcf7-id=\"17\">\n<div class=\"screen-reader-response\"><p role=\"status\" aria-live=\"polite\" aria-atomic=\"true\"><\/p> <ul><\/ul><\/div>\n<form action=\"\/de\/wp-json\/wp\/v2\/pages\/20#wpcf7-f17-o1\" method=\"post\" class=\"wpcf7-form init\" aria-label=\"Contact form\" novalidate=\"novalidate\" data-status=\"init\">\n<fieldset class=\"hidden-fields-container\"><input type=\"hidden\" name=\"_wpcf7\" value=\"17\" \/><input type=\"hidden\" name=\"_wpcf7_version\" value=\"6.1.2\" \/><input type=\"hidden\" name=\"_wpcf7_locale\" value=\"en_US\" \/><input type=\"hidden\" name=\"_wpcf7_unit_tag\" value=\"wpcf7-f17-o1\" \/><input type=\"hidden\" name=\"_wpcf7_container_post\" value=\"0\" \/><input type=\"hidden\" name=\"_wpcf7_posted_data_hash\" value=\"\" \/>\n<\/fieldset>\n<label class=\"label-transform\">\n<span class=\"wpcf7-form-control-wrap\" data-name=\"name-sender\"><input size=\"40\" maxlength=\"400\" class=\"wpcf7-form-control wpcf7-text wpcf7-validates-as-required\" aria-required=\"true\" aria-invalid=\"false\" value=\"\" type=\"text\" name=\"name-sender\" \/><\/span>\n<span class=\"placeholder\">Your name<\/span>\n<\/label>\n\n<label class=\"label-transform\">\n<span class=\"wpcf7-form-control-wrap\" data-name=\"company-sender\"><input size=\"40\" maxlength=\"400\" class=\"wpcf7-form-control wpcf7-text\" aria-invalid=\"false\" value=\"\" type=\"text\" name=\"company-sender\" \/><\/span>\n<span class=\"placeholder\">Company name<\/span>\n<\/label>\n\n<label class=\"label-transform\">\n<span class=\"wpcf7-form-control-wrap\" data-name=\"mail-sender\"><input size=\"40\" maxlength=\"400\" class=\"wpcf7-form-control wpcf7-email wpcf7-validates-as-required wpcf7-text wpcf7-validates-as-email\" aria-required=\"true\" aria-invalid=\"false\" value=\"\" type=\"email\" name=\"mail-sender\" \/><\/span>\n<span class=\"placeholder\">Your email address<\/span>\n<\/label>\n\n\n<label class=\"label-transform\">\n<span class=\"wpcf7-form-control-wrap\" data-name=\"phone-sender\"><input size=\"40\" maxlength=\"400\" class=\"wpcf7-form-control wpcf7-tel wpcf7-text wpcf7-validates-as-tel\" aria-invalid=\"false\" value=\"\" type=\"tel\" name=\"phone-sender\" \/><\/span>\n<span class=\"placeholder\">Phone number<\/span>\n<\/label>\n\n<label class=\"label-transform autosize\">\n<span class=\"wpcf7-form-control-wrap\" data-name=\"message\"><textarea cols=\"40\" rows=\"10\" maxlength=\"2000\" class=\"wpcf7-form-control wpcf7-textarea wpcf7-validates-as-required\" aria-required=\"true\" aria-invalid=\"false\" name=\"message\"><\/textarea><\/span>\n<span class=\"placeholder\">I'm interested in...<\/span>\n<\/label>\n\n\n<span class=\"wpcf7-form-control-wrap\" data-name=\"hcap-cf7\">\t\t<input\n\t\t\t\ttype=\"hidden\"\n\t\t\t\tclass=\"hcaptcha-widget-id\"\n\t\t\t\tname=\"hcaptcha-widget-id\"\n\t\t\t\tvalue=\"eyJzb3VyY2UiOlsiY29udGFjdC1mb3JtLTdcL3dwLWNvbnRhY3QtZm9ybS03LnBocCJdLCJmb3JtX2lkIjoxN30=-648e685ef34e059d96caeb7ca17fd312\">\n\t\t\t\t<span id=\"hcap_cf7-69e0e856edac88.88059180\" class=\"wpcf7-form-control h-captcha \"\n\t\t\tdata-sitekey=\"10000000-ffff-ffff-ffff-000000000001\"\n\t\t\tdata-theme=\"light\"\n\t\t\tdata-size=\"normal\"\n\t\t\tdata-auto=\"false\"\n\t\t\tdata-ajax=\"false\"\n\t\t\tdata-force=\"false\">\n\t\t<\/span>\n\t\t<input type=\"hidden\" id=\"_wpnonce\" name=\"_wpnonce\" value=\"abc21e432b\" \/><input type=\"hidden\" name=\"_wp_http_referer\" value=\"\/de\/wp-json\/wp\/v2\/pages\/20\" \/><\/span><input class=\"wpcf7-form-control wpcf7-submit has-spinner\" type=\"submit\" value=\"Send\" \/><div class=\"wpcf7-response-output\" aria-hidden=\"true\"><\/div>\n<\/form>\n<\/div>\n\n\n\n          <\/div>\n        <\/div>\n\n      <\/div>\n\n      <div class=\"overlay\"><\/div>\n\n    <\/div>\n\n  <\/div>\n\n\n\n\n<div class=\"wp-block-buttons is-content-justification-center is-layout-flex wp-container-core-buttons-is-layout-16018d1d wp-block-buttons-is-layout-flex\">\n<div class=\"wp-block-button modal-trigger mdl-request-a-demo\"><a class=\"wp-block-button__link has-brightfish-orange-70-background-color has-background\">Demo anfordern<\/a><\/div>\n<\/div>\n\n\n\n<div class=\"acf-block-spacer\">\n  <div class=\"spacer has-height-60\"><\/div>\n<\/div>\n\n\n\n<div class=\"wp-block-group alignfull has-brightfish-blue-10-background-color has-background\"><div class=\"wp-block-group__inner-container is-layout-flow wp-block-group-is-layout-flow\">\n\n<a href=\"https:\/\/brightfish.com\/de\/losungen\/ehealth\/\" class=\"solution large has-white-background-color\">\n\n<div class=\"image\" style=\"background-image:url('https:\/\/brightfish.com\/de\/wp-content\/uploads\/sites\/7\/2022\/03\/solution-page-main-ehealth-1-1400x803.jpg')\">\n\n<\/div>\n<div class=\"text has-white-background-color\">\n  <div class=\"inner\">\n  <h3 class=\"has-brightfish-blue-70-color has-text-color has-margin-bottom-6 has-x-3-large-font-size has-margin-bottom-20\" >eHealth<\/h3>\n\n  <p class=\"has-margin-bottom-30\">Wie kann ich meine Patienten aus der Ferne einbeziehen und \u00fcberwachen?<\/p>\n  <ul class='label-checklist has-margin-bottom-0'><li>Teilen Sie Ihren Patienten auf sichere Weise ihre medizinischen Daten mit.<\/li><li>Integrieren Sie PROMs und PREMs in die t\u00e4gliche Praxis.<\/li><li>Vollst\u00e4ndig in die bestehende EMR-Landschaft integriert.<\/li><\/ul><\/div>\n  <div class=\"read-more\">Lesen Sie mehr<\/div>\n\n\n<\/div>\n\n<\/a>\n\n\n\n\n<a href=\"https:\/\/brightfish.com\/de\/losungen\/proms\/\" class=\"solution large has-white-background-color\">\n\n<div class=\"image\" style=\"background-image:url('https:\/\/brightfish.com\/de\/wp-content\/uploads\/sites\/7\/2022\/03\/solution-page-proms-main-1024x578.jpg')\">\n\n<\/div>\n<div class=\"text has-white-background-color\">\n  <div class=\"inner\">\n  <h3 class=\"has-brightfish-blue-70-color has-text-color has-margin-bottom-6 has-x-3-large-font-size has-margin-bottom-20\" >PROMs<\/h3>\n\n  <p class=\"has-margin-bottom-30\">Wie beziehe ich Patienten in die Erfassung von Patientendaten oder anderer medizinischer Registerdaten ein?<\/p>\n  <ul class='label-checklist has-margin-bottom-0'><li>Erfassen Sie PROMs und PREMs mit einem beliebigen Ger\u00e4t.<\/li><li>Integrieren Sie die Erkenntnisse in den t\u00e4glichen Pflegeprozess.<\/li><li>Teilen Sie Ihre Erkenntnisse durch dynamische Berichte.<\/li><\/ul><\/div>\n  <div class=\"read-more\">Lesen Sie mehr<\/div>\n\n\n<\/div>\n\n<\/a>\n\n\n\n\n<a href=\"https:\/\/brightfish.com\/de\/losungen\/beagleboxx\/\" class=\"solution large has-white-background-color\">\n\n<div class=\"image\" style=\"background-image:url('https:\/\/brightfish.com\/de\/wp-content\/uploads\/sites\/7\/2022\/04\/20150207-Lezen-Corrie-e1649485539172-1400x1023.jpg')\">\n\n<\/div>\n<div class=\"text has-white-background-color\">\n  <div class=\"inner\">\n  <h3 class=\"has-brightfish-blue-70-color has-text-color has-margin-bottom-6 has-x-3-large-font-size has-margin-bottom-20\" >BeagleBoxx<\/h3>\n\n  <p class=\"has-margin-bottom-30\">Wie sorge ich daf\u00fcr, dass sich meine Patienten in meiner Klinik wohlf\u00fchlen?<\/p>\n  <ul class='label-checklist has-margin-bottom-0'><li>Binden Sie die Patienten w\u00e4hrend ihres Aufenthalts auf der Station ein.<\/li><li>Unterhalten Sie sie, w\u00e4hrend sie warten.<\/li><li>Informieren Sie sie mit personalisierten Informationen aus dem EMR.<\/li><\/ul><\/div>\n  <div class=\"read-more\">Lesen Sie mehr<\/div>\n\n\n<\/div>\n\n<\/a>\n\n\n\n\n<a href=\"https:\/\/brightfish.com\/de\/losungen\/emr\/\" class=\"solution large has-white-background-color\">\n\n<div class=\"image\" style=\"background-image:url('https:\/\/brightfish.com\/de\/wp-content\/uploads\/sites\/7\/2022\/03\/CO_ADAM-15-1-edited-1.jpg')\">\n\n<\/div>\n<div class=\"text has-white-background-color\">\n  <div class=\"inner\">\n  <h3 class=\"has-brightfish-blue-70-color has-text-color has-margin-bottom-6 has-x-3-large-font-size has-margin-bottom-20\" >EMR<\/h3>\n\n  <p class=\"has-margin-bottom-30\">Wie mache ich meine klinischen Arbeitsabl\u00e4ufe und die Dateneingabe mobiler?<\/p>\n  <ul class='label-checklist has-margin-bottom-0'><li>Optimieren Sie die Arbeitsabl\u00e4ufe in der Ambulanz mit Apps.<\/li><li>Sie brauchen keinen Arbeitsplatz, sondern haben den EMR in der Tasche.<\/li><li>Mobilisieren Sie Ihre t\u00e4glichen klinischen Aufgaben vollst\u00e4ndig.<\/li><\/ul><\/div>\n  <div class=\"read-more\">Lesen Sie mehr<\/div>\n\n\n<\/div>\n\n<\/a>\n<\/div><\/div>\n","protected":false},"excerpt":{"rendered":"<p>Wir bieten eine Reihe von Mobilit\u00e4tsl\u00f6sungen f\u00fcr das Gesundheitswesen. Die L\u00f6sungen lassen sich leicht in jedes bestehende medizinische System integrieren. Sie erm\u00f6glichen es uns,&#8230;<\/p>\n","protected":false},"author":1,"featured_media":0,"parent":0,"menu_order":0,"comment_status":"closed","ping_status":"closed","template":"","meta":{"_acf_changed":false,"footnotes":""},"class_list":["post-20","page","type-page","status-publish","hentry"],"acf":[],"yoast_head":"<!-- This site is optimized with the Yoast SEO plugin v27.4 - https:\/\/yoast.com\/product\/yoast-seo-wordpress\/ -->\n<title>L\u00f6sungen - Brightfish<\/title>\n<meta name=\"robots\" content=\"index, follow, max-snippet:-1, max-image-preview:large, max-video-preview:-1\" \/>\n<link rel=\"canonical\" href=\"https:\/\/brightfish.com\/de\/losungen\/\" \/>\n<meta property=\"og:locale\" content=\"de_DE\" \/>\n<meta property=\"og:type\" content=\"article\" \/>\n<meta property=\"og:title\" content=\"L\u00f6sungen - Brightfish\" \/>\n<meta property=\"og:description\" content=\"Wir bieten eine Reihe von Mobilit\u00e4tsl\u00f6sungen f\u00fcr das Gesundheitswesen. Die L\u00f6sungen lassen sich leicht in jedes bestehende medizinische System integrieren. Sie erm\u00f6glichen es uns,...\" \/>\n<meta property=\"og:url\" content=\"https:\/\/brightfish.com\/de\/losungen\/\" \/>\n<meta property=\"og:site_name\" content=\"BRIGHTFISH\" \/>\n<meta property=\"article:modified_time\" content=\"2022-06-15T12:55:39+00:00\" \/>\n<meta property=\"og:image\" content=\"https:\/\/brightfish.com\/de\/wp-content\/uploads\/sites\/7\/2022\/04\/Bf-social-2.jpg\" \/>\n\t<meta property=\"og:image:width\" content=\"2400\" \/>\n\t<meta property=\"og:image:height\" content=\"1200\" \/>\n\t<meta property=\"og:image:type\" content=\"image\/jpeg\" \/>\n<meta name=\"twitter:card\" content=\"summary_large_image\" \/>\n<meta name=\"twitter:label1\" content=\"Est. reading time\" \/>\n\t<meta name=\"twitter:data1\" content=\"1 minute\" \/>\n<script type=\"application\/ld+json\" class=\"yoast-schema-graph\">{\"@context\":\"https:\\\/\\\/schema.org\",\"@graph\":[{\"@type\":\"WebPage\",\"@id\":\"https:\\\/\\\/brightfish.com\\\/de\\\/losungen\\\/\",\"url\":\"https:\\\/\\\/brightfish.com\\\/de\\\/losungen\\\/\",\"name\":\"BRIGHTFISH\",\"isPartOf\":{\"@id\":\"https:\\\/\\\/brightfish.com\\\/de\\\/#website\"},\"datePublished\":\"2022-02-23T16:07:43+00:00\",\"dateModified\":\"2022-06-15T12:55:39+00:00\",\"breadcrumb\":{\"@id\":\"https:\\\/\\\/brightfish.com\\\/de\\\/losungen\\\/#breadcrumb\"},\"inLanguage\":\"en-US\",\"potentialAction\":[{\"@type\":\"ReadAction\",\"target\":[\"https:\\\/\\\/brightfish.com\\\/de\\\/losungen\\\/\"]}]},{\"@type\":\"BreadcrumbList\",\"@id\":\"https:\\\/\\\/brightfish.com\\\/de\\\/losungen\\\/#breadcrumb\",\"itemListElement\":[{\"@type\":\"ListItem\",\"position\":1,\"name\":\"Home\",\"item\":\"https:\\\/\\\/brightfish.com\\\/de\\\/\"},{\"@type\":\"ListItem\",\"position\":2,\"name\":\"L\u00f6sungen\"}]},{\"@type\":\"WebSite\",\"@id\":\"https:\\\/\\\/brightfish.com\\\/de\\\/#website\",\"url\":\"https:\\\/\\\/brightfish.com\\\/de\\\/\",\"name\":\"BRIGHTFISH\",\"description\":\"Bright technology\",\"potentialAction\":[{\"@type\":\"SearchAction\",\"target\":{\"@type\":\"EntryPoint\",\"urlTemplate\":\"https:\\\/\\\/brightfish.com\\\/de\\\/?s={search_term_string}\"},\"query-input\":{\"@type\":\"PropertyValueSpecification\",\"valueRequired\":true,\"valueName\":\"search_term_string\"}}],\"inLanguage\":\"en-US\"}]}<\/script>\n<!-- \/ Yoast SEO plugin. -->","yoast_head_json":{"title":"L\u00f6sungen - Brightfish","robots":{"index":"index","follow":"follow","max-snippet":"max-snippet:-1","max-image-preview":"max-image-preview:large","max-video-preview":"max-video-preview:-1"},"canonical":"https:\/\/brightfish.com\/de\/losungen\/","og_locale":"de_DE","og_type":"article","og_title":"L\u00f6sungen - Brightfish","og_description":"Wir bieten eine Reihe von Mobilit\u00e4tsl\u00f6sungen f\u00fcr das Gesundheitswesen. Die L\u00f6sungen lassen sich leicht in jedes bestehende medizinische System integrieren. Sie erm\u00f6glichen es uns,...","og_url":"https:\/\/brightfish.com\/de\/losungen\/","og_site_name":"BRIGHTFISH","article_modified_time":"2022-06-15T12:55:39+00:00","og_image":[{"width":2400,"height":1200,"url":"https:\/\/brightfish.com\/de\/wp-content\/uploads\/sites\/7\/2022\/04\/Bf-social-2.jpg","type":"image\/jpeg"}],"twitter_card":"summary_large_image","twitter_misc":{"Est. reading time":"1 minute"},"schema":{"@context":"https:\/\/schema.org","@graph":[{"@type":"WebPage","@id":"https:\/\/brightfish.com\/de\/losungen\/","url":"https:\/\/brightfish.com\/de\/losungen\/","name":"BRIGHTFISH","isPartOf":{"@id":"https:\/\/brightfish.com\/de\/#website"},"datePublished":"2022-02-23T16:07:43+00:00","dateModified":"2022-06-15T12:55:39+00:00","breadcrumb":{"@id":"https:\/\/brightfish.com\/de\/losungen\/#breadcrumb"},"inLanguage":"en-US","potentialAction":[{"@type":"ReadAction","target":["https:\/\/brightfish.com\/de\/losungen\/"]}]},{"@type":"BreadcrumbList","@id":"https:\/\/brightfish.com\/de\/losungen\/#breadcrumb","itemListElement":[{"@type":"ListItem","position":1,"name":"Home","item":"https:\/\/brightfish.com\/de\/"},{"@type":"ListItem","position":2,"name":"L\u00f6sungen"}]},{"@type":"WebSite","@id":"https:\/\/brightfish.com\/de\/#website","url":"https:\/\/brightfish.com\/de\/","name":"BRIGHTFISH","description":"Bright technology","potentialAction":[{"@type":"SearchAction","target":{"@type":"EntryPoint","urlTemplate":"https:\/\/brightfish.com\/de\/?s={search_term_string}"},"query-input":{"@type":"PropertyValueSpecification","valueRequired":true,"valueName":"search_term_string"}}],"inLanguage":"en-US"}]}},"_links":{"self":[{"href":"https:\/\/brightfish.com\/de\/wp-json\/wp\/v2\/pages\/20","targetHints":{"allow":["GET"]}}],"collection":[{"href":"https:\/\/brightfish.com\/de\/wp-json\/wp\/v2\/pages"}],"about":[{"href":"https:\/\/brightfish.com\/de\/wp-json\/wp\/v2\/types\/page"}],"author":[{"embeddable":true,"href":"https:\/\/brightfish.com\/de\/wp-json\/wp\/v2\/users\/1"}],"replies":[{"embeddable":true,"href":"https:\/\/brightfish.com\/de\/wp-json\/wp\/v2\/comments?post=20"}],"version-history":[{"count":41,"href":"https:\/\/brightfish.com\/de\/wp-json\/wp\/v2\/pages\/20\/revisions"}],"predecessor-version":[{"id":1859,"href":"https:\/\/brightfish.com\/de\/wp-json\/wp\/v2\/pages\/20\/revisions\/1859"}],"wp:attachment":[{"href":"https:\/\/brightfish.com\/de\/wp-json\/wp\/v2\/media?parent=20"}],"curies":[{"name":"wp","href":"https:\/\/api.w.org\/{rel}","templated":true}]}}